{"id":78203,"date":"2025-07-11T16:32:04","date_gmt":"2025-07-11T13:32:04","guid":{"rendered":"https:\/\/demo8.ecube.lv\/sezona.lv\/products\/batonins-energy-raisin-cranberry-40g\/"},"modified":"2025-07-14T15:20:16","modified_gmt":"2025-07-14T12:20:16","slug":"batonins-energy-raisin-cranberry-40g","status":"publish","type":"product","link":"https:\/\/sezona.lv\/en\/products\/batonins-energy-raisin-cranberry-40g\/","title":{"rendered":"Batoni\u0146\u0161 Energy Raisin Cranberry 40g"},"content":{"rendered":"<p>High Energy Raisin Cranberry batoni\u0146&scaron; satur vienk\u0101r&scaron;o un salikto  og\u013chidr\u0101tu kompleksu, kas nodro&scaron;ina ener\u0123iju intens\u012bvu un ilgsto&scaron;u  slod\u017eu laik\u0101. Tie ir bag\u0101t\u012bgi ar vitam\u012bnu B1, <acronym class=\"c2c-text-hover\">vitam\u012bnu B2<\/acronym>,  vitam\u012bnu PP, vitam\u012bnu C un vitam\u012bnu E, kas pal\u012bdz bar\u012bbas vielas  p\u0101rstr\u0101d\u0101t ener\u0123ij\u0101, k\u0101 ar\u012b pasarg\u0101 &scaron;\u016bnas no br\u012bvo radik\u0101\u013cu ietekmes. To  sast\u0101v\u0101 ir zems lip\u012bdu daudzums, kas uzlabo uzs\u016bk&scaron;an\u0101s \u0101trumu.<\/p>\n<p>Gar&scaron;a: dz\u0113rve\u0146u<\/p>\n<p>Lieto&scaron;anas laiks: laik\u0101, pirms<\/p>\n<p>Lieto&scaron;anas m\u0113r\u0137is: \u0101trai ener\u0123ijai<\/p>\n<p>Sast\u0101vs: Glikozes s\u012brups,&nbsp;milti ( auzu, r\u012bsi un kvie&scaron;i), roz\u012bnes&nbsp;10%, cukurs, invertcukurs, augu <acronym class=\"c2c-text-hover\">tauki<\/acronym> (kokosriekstu, palmu) da\u017e\u0101d\u0101s proporcij\u0101s, stabilizators: glicer\u012bns, r\u012bsu sufl\u0113, \u017e\u0101v\u0113tas dz\u0113rvenes 1.9% v\u0101jpiena pulveris, s\u016bkalu pulveris, dekstroze, kvie&scaron;u iesala, s\u0101ls, kvie&scaron;u lipeklis, emulgatori: rap&scaron;u lecit\u012bns un soja, citronsk\u0101be, <acronym class=\"c2c-text-hover\">vitam\u012bns C<\/acronym>, vitam\u012bns &nbsp;PP, vitam\u012bns &nbsp;B6, <acronym class=\"c2c-text-hover\">vitam\u012bns B1<\/acronym>, <acronym class=\"c2c-text-hover\">vitam\u012bns B2<\/acronym>, <acronym class=\"c2c-text-hover\">vitam\u012bns E<\/acronym> (laktoze un piena <acronym class=\"c2c-text-hover\">olbaltumvielas<\/acronym>), kr\u0101sviela: karm\u012bns (zivju \u017eelat\u012bna), cinka sulf\u0101ts. Satur n\u0101triju.<\/p>\n","protected":false},"excerpt":{"rendered":"<p>High Energy Raisin Cranberry batoni\u0146&scaron; satur vienk\u0101r&scaron;o un salikto og\u013chidr\u0101tu kompleksu, kas nodro&scaron;ina ener\u0123iju intens\u012bvu un ilgsto&scaron;u slod\u017eu laik\u0101. Tie ir bag\u0101t\u012bgi ar vitam\u012bnu B1, vitam\u012bnu B2, vitam\u012bnu PP, vitam\u012bnu C un vitam\u012bnu E, kas pal\u012bdz bar\u012bbas vielas p\u0101rstr\u0101d\u0101t ener\u0123ij\u0101, k\u0101 ar\u012b pasarg\u0101 &scaron;\u016bnas no br\u012bvo radik\u0101\u013cu ietekmes. To sast\u0101v\u0101 ir zems lip\u012bdu daudzums, kas [&hellip;]<\/p>\n","protected":false},"featured_media":69461,"template":"","meta":[],"product_brand":[3394],"product_cat":[4998,5002],"product_tag":[],"class_list":{"0":"post-78203","1":"product","2":"type-product","3":"status-publish","4":"has-post-thumbnail","6":"product_brand-isostar","7":"product_cat-sports-nutrition-sports","8":"product_cat-tubs-sports-nutrition-sports","10":"first","11":"instock","12":"shipping-taxable","13":"purchasable","14":"product-type-simple"},"_links":{"self":[{"href":"https:\/\/sezona.lv\/en\/wp-json\/wp\/v2\/product\/78203","targetHints":{"allow":["GET"]}}],"collection":[{"href":"https:\/\/sezona.lv\/en\/wp-json\/wp\/v2\/product"}],"about":[{"href":"https:\/\/sezona.lv\/en\/wp-json\/wp\/v2\/types\/product"}],"wp:featuredmedia":[{"embeddable":true,"href":"https:\/\/sezona.lv\/en\/wp-json\/wp\/v2\/media\/69461"}],"wp:attachment":[{"href":"https:\/\/sezona.lv\/en\/wp-json\/wp\/v2\/media?parent=78203"}],"wp:term":[{"taxonomy":"product_brand","embeddable":true,"href":"https:\/\/sezona.lv\/en\/wp-json\/wp\/v2\/product_brand?post=78203"},{"taxonomy":"product_cat","embeddable":true,"href":"https:\/\/sezona.lv\/en\/wp-json\/wp\/v2\/product_cat?post=78203"},{"taxonomy":"product_tag","embeddable":true,"href":"https:\/\/sezona.lv\/en\/wp-json\/wp\/v2\/product_tag?post=78203"}],"curies":[{"name":"wp","href":"https:\/\/api.w.org\/{rel}","templated":true}]}}