{"id":78204,"date":"2025-07-11T16:32:05","date_gmt":"2025-07-11T13:32:05","guid":{"rendered":"https:\/\/demo8.ecube.lv\/sezona.lv\/products\/batonins-essential-bar-banana-35g\/"},"modified":"2025-07-14T15:20:17","modified_gmt":"2025-07-14T12:20:17","slug":"batonins-essential-bar-banana-35g","status":"publish","type":"product","link":"https:\/\/sezona.lv\/en\/products\/batonins-essential-bar-banana-35g\/","title":{"rendered":"Batoni\u0146\u0161 Essential Bar Banana 35g"},"content":{"rendered":"<p>Ener\u0123ijas batoni\u0146&scaron; satur og\u013chidr\u0101tu mais\u012bjumu, kas nodro&scaron;ina \u0101tru ener\u0123ijas asimil\u0101ciju un og\u013chidr\u0101tu atjauno&scaron;anu. <acronym class=\"c2c-text-hover\">Vitam\u012bns B1<\/acronym> nodro&scaron;ina norm\u0101lu ener\u0123ijas metabolismu.<\/p>\n<p>Gar&scaron;a: ban\u0101nu<\/p>\n<p>Lieto&scaron;anas laiks: laik\u0101, pirms<\/p>\n<p>Lieto&scaron;anas m\u0113r\u0137is: \u0101trai ener\u0123ijai<\/p>\n<p>Sast\u0101vs:<span style=\"color: #000000\"> Date\u013cu masa&nbsp;62.3%, veselas&nbsp;auzu p\u0101rslas 14.9%, tum&scaron;\u0101s &scaron;okol\u0101des p\u0101rkl\u0101jums 10% (kakao pasta, cukurs, kakao sviests, piena <acronym class=\"c2c-text-hover\">tauki<\/acronym>, emulgators: sojas lecit\u012bns, dab\u012bgs vani\u013cas aromatiz\u0113t\u0101js), saulespu\u0137u e\u013c\u013ca, milti 4,3% (r\u012bsi, auzas, kvie&scaron;i, rudzi, kukur\u016bza), kartupe\u013cu ciete, kalt\u0113ti ban\u0101ni 0.7%, dab\u012bgs aromatiz\u0113t\u0101js, kvie&scaron;u pulveris, mie\u017eu iesala ekstrakts, s\u0101ls, tiam\u012bns (<acronym class=\"c2c-text-hover\">vitam\u012bns B1<\/acronym>).<\/span><\/p>\n","protected":false},"excerpt":{"rendered":"<p>Ener\u0123ijas batoni\u0146&scaron; satur og\u013chidr\u0101tu mais\u012bjumu, kas nodro&scaron;ina \u0101tru ener\u0123ijas asimil\u0101ciju un og\u013chidr\u0101tu atjauno&scaron;anu. Vitam\u012bns B1 nodro&scaron;ina norm\u0101lu ener\u0123ijas metabolismu. Gar&scaron;a: ban\u0101nu Lieto&scaron;anas laiks: laik\u0101, pirms Lieto&scaron;anas m\u0113r\u0137is: \u0101trai ener\u0123ijai Sast\u0101vs: Date\u013cu masa&nbsp;62.3%, veselas&nbsp;auzu p\u0101rslas 14.9%, tum&scaron;\u0101s &scaron;okol\u0101des p\u0101rkl\u0101jums 10% (kakao pasta, cukurs, kakao sviests, piena tauki, emulgators: sojas lecit\u012bns, dab\u012bgs vani\u013cas aromatiz\u0113t\u0101js), saulespu\u0137u e\u013c\u013ca, milti [&hellip;]<\/p>\n","protected":false},"featured_media":69464,"template":"","meta":[],"product_brand":[3394],"product_cat":[4998,5002],"product_tag":[],"class_list":{"0":"post-78204","1":"product","2":"type-product","3":"status-publish","4":"has-post-thumbnail","6":"product_brand-isostar","7":"product_cat-sports-nutrition-sports","8":"product_cat-tubs-sports-nutrition-sports","10":"first","11":"instock","12":"shipping-taxable","13":"purchasable","14":"product-type-simple"},"_links":{"self":[{"href":"https:\/\/sezona.lv\/en\/wp-json\/wp\/v2\/product\/78204","targetHints":{"allow":["GET"]}}],"collection":[{"href":"https:\/\/sezona.lv\/en\/wp-json\/wp\/v2\/product"}],"about":[{"href":"https:\/\/sezona.lv\/en\/wp-json\/wp\/v2\/types\/product"}],"wp:featuredmedia":[{"embeddable":true,"href":"https:\/\/sezona.lv\/en\/wp-json\/wp\/v2\/media\/69464"}],"wp:attachment":[{"href":"https:\/\/sezona.lv\/en\/wp-json\/wp\/v2\/media?parent=78204"}],"wp:term":[{"taxonomy":"product_brand","embeddable":true,"href":"https:\/\/sezona.lv\/en\/wp-json\/wp\/v2\/product_brand?post=78204"},{"taxonomy":"product_cat","embeddable":true,"href":"https:\/\/sezona.lv\/en\/wp-json\/wp\/v2\/product_cat?post=78204"},{"taxonomy":"product_tag","embeddable":true,"href":"https:\/\/sezona.lv\/en\/wp-json\/wp\/v2\/product_tag?post=78204"}],"curies":[{"name":"wp","href":"https:\/\/api.w.org\/{rel}","templated":true}]}}