{"id":78206,"date":"2025-07-11T16:32:09","date_gmt":"2025-07-11T13:32:09","guid":{"rendered":"https:\/\/demo8.ecube.lv\/sezona.lv\/products\/batonins-gluten-free-fruit-cereal-almonds-raisins-cranberries-3x30g\/"},"modified":"2025-07-14T15:20:21","modified_gmt":"2025-07-14T12:20:21","slug":"batonins-gluten-free-fruit-cereal-almonds-raisins-cranberries-3x30g","status":"publish","type":"product","link":"https:\/\/sezona.lv\/en\/products\/batonins-gluten-free-fruit-cereal-almonds-raisins-cranberries-3x30g\/","title":{"rendered":"Batoni\u0146\u0161 Gluten Free Fruit &amp; Cereal Almonds Raisins Cranberries (3x30g)"},"content":{"rendered":"<p>Bez  glut\u0113na batoni\u0146i ir prote\u012bnu mais\u012bjums, kur&scaron; ir atrodams kvie&scaron;os,  auz\u0101s, mie\u017eos, rudzos un citos graudos. Glut\u0113na nelieto&scaron;ana ar\u012b uzlabo  zarnu trakta darb\u012bbu. Tas ir \u013coti labs &scaron;\u0137iedrvielu avots, jo t\u0101 sast\u0101v\u0101  ir tikai mandeles, roz\u012bnes, rieksti un dz\u0113rvenes. &Scaron;ie \u010detri produkti ir  ar\u012b vieni no galvenajiem produktiem, kurus \u0101rsti iesaka lietot bez  glut\u0113na di\u0113t\u0101s.<\/p>\n<p>Gar&scaron;a: aug\u013cu, dz\u0113rve\u0146u, graudu, mande\u013cu, roz\u012b\u0146u<\/p>\n<p>Lieto&scaron;anas laiks: p\u0113c, pirms<\/p>\n<p>Citi: bez glut\u0113na<\/p>\n<p>Lieto&scaron;anas m\u0113r\u0137is: \u0101trai ener\u0123ijai<\/p>\n<p>Sast\u0101vs:<span style=\"color: #000000\"> <\/span><span style=\"color: #000000\">Grauzd\u0113tas mandeles 20%, saldin\u0101tas dz\u0113rvenes 20% (dz\u0113rvenes 10.8%, cukurs), roz\u012bnes 15%, r\u012bsu s\u012brups, glikozes s\u012brups, grauzd\u0113ti rieksti 8%, uzp\u016bsti r\u012bsi,&nbsp;<\/span>maltoze, emulgatori: soja lecit\u012bns, cukurs, augu e\u013c\u013ca, fruktoze, sorb\u012bts.<\/p>\n","protected":false},"excerpt":{"rendered":"<p>Bez glut\u0113na batoni\u0146i ir prote\u012bnu mais\u012bjums, kur&scaron; ir atrodams kvie&scaron;os, auz\u0101s, mie\u017eos, rudzos un citos graudos. Glut\u0113na nelieto&scaron;ana ar\u012b uzlabo zarnu trakta darb\u012bbu. Tas ir \u013coti labs &scaron;\u0137iedrvielu avots, jo t\u0101 sast\u0101v\u0101 ir tikai mandeles, roz\u012bnes, rieksti un dz\u0113rvenes. &Scaron;ie \u010detri produkti ir ar\u012b vieni no galvenajiem produktiem, kurus \u0101rsti iesaka lietot bez glut\u0113na di\u0113t\u0101s. [&hellip;]<\/p>\n","protected":false},"featured_media":69470,"template":"","meta":[],"product_brand":[3394],"product_cat":[4998,5002],"product_tag":[],"class_list":{"0":"post-78206","1":"product","2":"type-product","3":"status-publish","4":"has-post-thumbnail","6":"product_brand-isostar","7":"product_cat-sports-nutrition-sports","8":"product_cat-tubs-sports-nutrition-sports","10":"first","11":"instock","12":"shipping-taxable","13":"purchasable","14":"product-type-simple"},"_links":{"self":[{"href":"https:\/\/sezona.lv\/en\/wp-json\/wp\/v2\/product\/78206","targetHints":{"allow":["GET"]}}],"collection":[{"href":"https:\/\/sezona.lv\/en\/wp-json\/wp\/v2\/product"}],"about":[{"href":"https:\/\/sezona.lv\/en\/wp-json\/wp\/v2\/types\/product"}],"wp:featuredmedia":[{"embeddable":true,"href":"https:\/\/sezona.lv\/en\/wp-json\/wp\/v2\/media\/69470"}],"wp:attachment":[{"href":"https:\/\/sezona.lv\/en\/wp-json\/wp\/v2\/media?parent=78206"}],"wp:term":[{"taxonomy":"product_brand","embeddable":true,"href":"https:\/\/sezona.lv\/en\/wp-json\/wp\/v2\/product_brand?post=78206"},{"taxonomy":"product_cat","embeddable":true,"href":"https:\/\/sezona.lv\/en\/wp-json\/wp\/v2\/product_cat?post=78206"},{"taxonomy":"product_tag","embeddable":true,"href":"https:\/\/sezona.lv\/en\/wp-json\/wp\/v2\/product_tag?post=78206"}],"curies":[{"name":"wp","href":"https:\/\/api.w.org\/{rel}","templated":true}]}}