{"id":78207,"date":"2025-07-11T16:32:10","date_gmt":"2025-07-11T13:32:10","guid":{"rendered":"https:\/\/demo8.ecube.lv\/sezona.lv\/products\/batonins-high-protein-25-strawberry-35g\/"},"modified":"2025-07-14T15:20:22","modified_gmt":"2025-07-14T12:20:22","slug":"batonins-high-protein-25-strawberry-35g","status":"publish","type":"product","link":"https:\/\/sezona.lv\/en\/products\/batonins-high-protein-25-strawberry-35g\/","title":{"rendered":"Batoni\u0146\u0161 High Protein 25 Strawberry 35g"},"content":{"rendered":"<p>Isostar High Protein 25 batoni\u0146&scaron; ir \u012bpa&scaron;i piem\u0113rots atjauno&scaron;an\u0101s procesu veicin\u0101&scaron;anai. T\u0101 sast\u0101v\u0101 eso&scaron;\u0101s <acronym class=\"c2c-text-hover\">olbaltumvielas<\/acronym> (25%) pal\u012bdz saglab\u0101t un atjaunot musku\u013cus p\u0113c intens\u012bv\u0101m slodz\u0113m. <acronym class=\"c2c-text-hover\">Og\u013chidr\u0101ti<\/acronym> pal\u012bdz atjaunot izt\u0113r\u0113t\u0101s glikog\u0113na rezerves. Batoni\u0146&scaron; satur ar\u012b slodzes laik\u0101 izt\u0113r\u0113tos vitam\u012bnus. <acronym class=\"c2c-text-hover\">Vitam\u012bns B1<\/acronym>, <acronym class=\"c2c-text-hover\">vitam\u012bns B6<\/acronym> un <acronym class=\"c2c-text-hover\">vitam\u012bns PP<\/acronym> ir nepiecie&scaron;ami, lai organisms p\u0101rv\u0113rstu bar\u012bbas vielas ener\u0123ij\u0101, <acronym class=\"c2c-text-hover\">vitam\u012bns B2<\/acronym> un <acronym class=\"c2c-text-hover\">vitam\u012bns B6<\/acronym> ir iesaist\u012btie sarkano asins\u0137ermen\u012b&scaron;u veido&scaron;an\u0101. Tie ir atbild\u012bgi par sk\u0101bek\u013ca pieg\u0101di musku\u013ciem. <acronym class=\"c2c-text-hover\">Vitam\u012bns B6<\/acronym> ir nepiecie&scaron;ams olbaltumvielu un glikog\u0113na metabolism\u0101. <acronym class=\"c2c-text-hover\">Vitam\u012bns C<\/acronym> un <acronym class=\"c2c-text-hover\">vitam\u012bns E<\/acronym> ir antioksidanti, kas aizsarg\u0101 organisma &scaron;\u016bnas no br\u012bvo radik\u0101\u013cu iedarb\u012bbas<\/p>\n<p>Gar&scaron;a: zeme\u0146u<\/p>\n<p>Lieto&scaron;anas laiks: laik\u0101, p\u0113c<\/p>\n<p>Lieto&scaron;anas m\u0113r\u0137is: organisma stiprin\u0101&scaron;anai<\/p>\n<p>Sast\u0101vs:<span style=\"color: #000000\"> <\/span>Piena <acronym class=\"c2c-text-hover\">olbaltumvielas<\/acronym>, piena &scaron;okol\u0101de 20% (cukurs, kakao sviests, v\u0101jpiens, s\u016bkalas, piena <acronym class=\"c2c-text-hover\">tauki<\/acronym>, emulgators: sojas lecit\u012bns, aromatiz\u0113t\u0101js), glikozes s\u012brups, stabilizatori: sorb\u012bta un glicer\u012bna s\u012brupi, kvie&scaron;u lipeklis, cukurs, olu baltums, fruktozes s\u012brups, bietes un augu e\u013c\u013cas,&nbsp;grauzd\u0113ti lazdu rieksti 2.5%, zeme\u0146u gabali\u0146i 0,4%, sk\u0101buma regul\u0113t\u0101js: \u0101bolsk\u0101be, <acronym class=\"c2c-text-hover\">vitam\u012bns B1<\/acronym>, <acronym class=\"c2c-text-hover\">vitam\u012bns B2<\/acronym>, <acronym class=\"c2c-text-hover\">vitam\u012bns B6<\/acronym>, <acronym class=\"c2c-text-hover\">vitam\u012bns C<\/acronym>, <acronym class=\"c2c-text-hover\">vitam\u012bns PP<\/acronym> un <acronym class=\"c2c-text-hover\">vitam\u012bns E<\/acronym> (laktoze), kr\u0101sviela: kartupe\u013cu ciete.<\/p>\n","protected":false},"excerpt":{"rendered":"<p>Isostar High Protein 25 batoni\u0146&scaron; ir \u012bpa&scaron;i piem\u0113rots atjauno&scaron;an\u0101s procesu veicin\u0101&scaron;anai. T\u0101 sast\u0101v\u0101 eso&scaron;\u0101s olbaltumvielas (25%) pal\u012bdz saglab\u0101t un atjaunot musku\u013cus p\u0113c intens\u012bv\u0101m slodz\u0113m. Og\u013chidr\u0101ti pal\u012bdz atjaunot izt\u0113r\u0113t\u0101s glikog\u0113na rezerves. Batoni\u0146&scaron; satur ar\u012b slodzes laik\u0101 izt\u0113r\u0113tos vitam\u012bnus. Vitam\u012bns B1, vitam\u012bns B6 un vitam\u012bns PP ir nepiecie&scaron;ami, lai organisms p\u0101rv\u0113rstu bar\u012bbas vielas ener\u0123ij\u0101, vitam\u012bns B2 un [&hellip;]<\/p>\n","protected":false},"featured_media":69473,"template":"","meta":[],"product_brand":[3394],"product_cat":[4998,5002],"product_tag":[],"class_list":{"0":"post-78207","1":"product","2":"type-product","3":"status-publish","4":"has-post-thumbnail","6":"product_brand-isostar","7":"product_cat-sports-nutrition-sports","8":"product_cat-tubs-sports-nutrition-sports","10":"first","11":"instock","12":"shipping-taxable","13":"purchasable","14":"product-type-simple"},"_links":{"self":[{"href":"https:\/\/sezona.lv\/en\/wp-json\/wp\/v2\/product\/78207","targetHints":{"allow":["GET"]}}],"collection":[{"href":"https:\/\/sezona.lv\/en\/wp-json\/wp\/v2\/product"}],"about":[{"href":"https:\/\/sezona.lv\/en\/wp-json\/wp\/v2\/types\/product"}],"wp:featuredmedia":[{"embeddable":true,"href":"https:\/\/sezona.lv\/en\/wp-json\/wp\/v2\/media\/69473"}],"wp:attachment":[{"href":"https:\/\/sezona.lv\/en\/wp-json\/wp\/v2\/media?parent=78207"}],"wp:term":[{"taxonomy":"product_brand","embeddable":true,"href":"https:\/\/sezona.lv\/en\/wp-json\/wp\/v2\/product_brand?post=78207"},{"taxonomy":"product_cat","embeddable":true,"href":"https:\/\/sezona.lv\/en\/wp-json\/wp\/v2\/product_cat?post=78207"},{"taxonomy":"product_tag","embeddable":true,"href":"https:\/\/sezona.lv\/en\/wp-json\/wp\/v2\/product_tag?post=78207"}],"curies":[{"name":"wp","href":"https:\/\/api.w.org\/{rel}","templated":true}]}}