{"id":78208,"date":"2025-07-11T16:32:11","date_gmt":"2025-07-11T13:32:11","guid":{"rendered":"https:\/\/demo8.ecube.lv\/sezona.lv\/products\/batonins-reload-chocolate-40g\/"},"modified":"2025-07-14T15:20:23","modified_gmt":"2025-07-14T12:20:23","slug":"batonins-reload-chocolate-40g","status":"publish","type":"product","link":"https:\/\/sezona.lv\/en\/products\/batonins-reload-chocolate-40g\/","title":{"rendered":"Batoni\u0146\u0161 Reload Chocolate 40g"},"content":{"rendered":"<p>Isostar Reload batoni\u0146&scaron; ir speci\u0101li izstr\u0101d\u0101ts, lai optimiz\u0113tu  atjauno&scaron;an\u0101s procesu sportistiem, it \u012bpa&scaron;i p\u0113c iztur\u012bbas sporta veidiem.  T\u0101 sast\u0101v\u0101 eso&scaron;\u0101s <acronym class=\"c2c-text-hover\">olbaltumvielas<\/acronym> (25%)&nbsp;pal\u012bdz saglab\u0101t un atjaunot musku\u013cu apjomu.&nbsp;<acronym class=\"c2c-text-hover\">Og\u013chidr\u0101ti<\/acronym> pal\u012bdz atjaunot izt\u0113r\u0113t\u0101s glikog\u0113na rezerves. Batoni\u0146\u0101 eso&scaron;ie vitam\u012bni  un miner\u0101lvielas kompens\u0113 to zudumus, kuri radu&scaron;ies sv\u012b&scaron;anas laik\u0101,  akt\u012bvi sportojot. <acronym class=\"c2c-text-hover\">Vitam\u012bns B1<\/acronym>, <acronym class=\"c2c-text-hover\">vitam\u012bns B2<\/acronym>, <acronym class=\"c2c-text-hover\">vitam\u012bns B6<\/acronym> un <acronym class=\"c2c-text-hover\">vitam\u012bns PP<\/acronym> &nbsp;ir nepiecie&scaron;ami, lai organisms p\u0101rv\u0113rstu bar\u012bbas vielas ener\u0123ij\u0101, <acronym class=\"c2c-text-hover\">vitam\u012bns B2<\/acronym> un <acronym class=\"c2c-text-hover\">vitam\u012bns B6<\/acronym> &nbsp;ir iesaist\u012bti sarkano asins\u0137ermen\u012b&scaron;u veido&scaron;an\u0101. Tie ir atbild\u012bgi par sk\u0101bek\u013ca pieg\u0101di musku\u013ciem. <acronym class=\"c2c-text-hover\">Vitam\u012bns B6<\/acronym> ir nepiecie&scaron;ams olbaltumvielu un glikog\u0113na metabolism\u0101. <acronym class=\"c2c-text-hover\">Vitam\u012bns C<\/acronym> un vitam\u012bns<strong>&nbsp;<\/strong>E ir antioksidanti, kas aizsarg\u0101 organisma &scaron;\u016bnas no br\u012bvo radik\u0101\u013cu iedarb\u012bbas.<\/p>\n<p>Gar&scaron;a: &scaron;okol\u0101des<\/p>\n<p>Lieto&scaron;anas laiks: p\u0113c<\/p>\n<p>Lieto&scaron;anas m\u0113r\u0137is: organisma stiprin\u0101&scaron;anai<\/p>\n<p>Sast\u0101vs:<span style=\"color: #000000\"> <\/span><span style=\"color: #000000\">Glikozes s\u012brups, piena prote\u012bni, piena &scaron;okol\u0101de 20% (cukurs, kakao sviests, v\u0101jpiena pulveris, s\u016bkalas, kakao pasta, piena <acronym class=\"c2c-text-hover\">tauki<\/acronym>,  emulgators: sojas lecit\u012bns, dab\u012bgais vani\u013cas aromatiz\u0113t\u0101js), kvie&scaron;u  prote\u012bni, stabiliz\u0113t\u0101ji: sorb\u012bts un glicer\u012bns, p\u016bdercukurs, olu prote\u012bnu  pulveris, fruktozes s\u012brups, saulespu\u0137u e\u013c\u013ca, bie&scaron;u <acronym class=\"c2c-text-hover\">&scaron;\u0137iedrvielas<\/acronym>, attaukots kakao pulveris, kalcija karbon\u0101ts, magnija fosf\u0101ts, aromatiz\u0113t\u0101ji, <acronym class=\"c2c-text-hover\">vitam\u012bns C<\/acronym>, <acronym class=\"c2c-text-hover\">vitam\u012bns E<\/acronym> (laktoze, piena <acronym class=\"c2c-text-hover\">olbaltumvielas<\/acronym>), niac\u012bns, <acronym class=\"c2c-text-hover\">vitam\u012bns B6<\/acronym>, <acronym class=\"c2c-text-hover\">vitam\u012bns B1<\/acronym>, <acronym class=\"c2c-text-hover\">vitam\u012bns B2<\/acronym>, kartupe\u013cu ciete, emulgators: sojas lecit\u012bns, laktoze.<\/span><\/p>\n","protected":false},"excerpt":{"rendered":"<p>Isostar Reload batoni\u0146&scaron; ir speci\u0101li izstr\u0101d\u0101ts, lai optimiz\u0113tu atjauno&scaron;an\u0101s procesu sportistiem, it \u012bpa&scaron;i p\u0113c iztur\u012bbas sporta veidiem. T\u0101 sast\u0101v\u0101 eso&scaron;\u0101s olbaltumvielas (25%)&nbsp;pal\u012bdz saglab\u0101t un atjaunot musku\u013cu apjomu.&nbsp;Og\u013chidr\u0101ti pal\u012bdz atjaunot izt\u0113r\u0113t\u0101s glikog\u0113na rezerves. Batoni\u0146\u0101 eso&scaron;ie vitam\u012bni un miner\u0101lvielas kompens\u0113 to zudumus, kuri radu&scaron;ies sv\u012b&scaron;anas laik\u0101, akt\u012bvi sportojot. Vitam\u012bns B1, vitam\u012bns B2, vitam\u012bns B6 un vitam\u012bns PP [&hellip;]<\/p>\n","protected":false},"featured_media":69476,"template":"","meta":[],"product_brand":[3394],"product_cat":[4998,5002],"product_tag":[],"class_list":{"0":"post-78208","1":"product","2":"type-product","3":"status-publish","4":"has-post-thumbnail","6":"product_brand-isostar","7":"product_cat-sports-nutrition-sports","8":"product_cat-tubs-sports-nutrition-sports","10":"first","11":"instock","12":"shipping-taxable","13":"purchasable","14":"product-type-simple"},"_links":{"self":[{"href":"https:\/\/sezona.lv\/en\/wp-json\/wp\/v2\/product\/78208","targetHints":{"allow":["GET"]}}],"collection":[{"href":"https:\/\/sezona.lv\/en\/wp-json\/wp\/v2\/product"}],"about":[{"href":"https:\/\/sezona.lv\/en\/wp-json\/wp\/v2\/types\/product"}],"wp:featuredmedia":[{"embeddable":true,"href":"https:\/\/sezona.lv\/en\/wp-json\/wp\/v2\/media\/69476"}],"wp:attachment":[{"href":"https:\/\/sezona.lv\/en\/wp-json\/wp\/v2\/media?parent=78208"}],"wp:term":[{"taxonomy":"product_brand","embeddable":true,"href":"https:\/\/sezona.lv\/en\/wp-json\/wp\/v2\/product_brand?post=78208"},{"taxonomy":"product_cat","embeddable":true,"href":"https:\/\/sezona.lv\/en\/wp-json\/wp\/v2\/product_cat?post=78208"},{"taxonomy":"product_tag","embeddable":true,"href":"https:\/\/sezona.lv\/en\/wp-json\/wp\/v2\/product_tag?post=78208"}],"curies":[{"name":"wp","href":"https:\/\/api.w.org\/{rel}","templated":true}]}}