{"id":78209,"date":"2025-07-14T15:20:24","date_gmt":"2025-07-14T12:20:24","guid":{"rendered":"https:\/\/demo8.ecube.lv\/sezona.lv\/products\/hydrate-perform-pulveris-400g-x-3\/"},"modified":"2025-07-14T15:20:24","modified_gmt":"2025-07-14T12:20:24","slug":"hydrate-perform-pulveris-400g-x-3","status":"publish","type":"product","link":"https:\/\/sezona.lv\/en\/products\/hydrate-perform-pulveris-400g-x-3\/","title":{"rendered":"Hydrate &amp; Perform pulveris 400g x 3"},"content":{"rendered":"<p style=\"text-align: justify\">Past\u0101v\u012bga &scaron;\u0137idruma uz\u0146em&scaron;ana ir svar\u012bgs  nosac\u012bjums visos sporta veidos. Ilgsto&scaron;as slodzes laik\u0101 nepietiekamas  hidrat\u0101cijas d\u0113\u013c organisms var zaud\u0113t 7-10% sava svara. Pateicoties  \u012bpa&scaron;ai formulai, ISOSTAR izotoniskais un vitam\u012bniem bag\u0101tin\u0101tais  dz\u0113riens uzs\u016bcas organism\u0101 \u0101tr\u0101k k\u0101 \u016bdens un nodro&scaron;ina t\u016bl\u012bt\u0113ju  organisma hidrat\u0101ciju, nepiecie&scaron;am\u0101s ener\u0123ijas un vitam\u012bnu pieg\u0101di.<\/p>\n<p style=\"text-align: justify\">Hydrate&amp;Perform izotoniska dz\u0113riena  pulveris, ir paredz\u0113ts, lai sportistam, pirms, p\u0113c un slodzes laik\u0101,  nodro&scaron;in\u0101tu nepiecie&scaron;amo &scaron;\u0137idruma, ener\u0123ijas un mikroelementu daudzumu  organism\u0101.<\/p>\n<p style=\"text-align: justify\">Komplekt\u0101 ietilpst 3 izotoniskie  dz\u0113rieni, p\u0113c J\u016bsu izv\u0113les &ndash; varat tos kombin\u0113t p\u0113c vajadz\u012bbas, gan  izv\u0113loties vair\u0101kus vien\u0101dus, gan da\u017e\u0101dus pulverus:<\/p>\n<p style=\"text-align: justify\">Pulveris Hydrate &amp; Perform Orange 400g<\/p>\n<p style=\"text-align: justify\">Pulveris Hydrate &amp; Perform&nbsp; Antioxidants Cranberry Red fruits 400g<\/p>\n<p>Pulveris Hydrate &amp; Perform&nbsp; Fresh 400g<\/p>\n","protected":false},"excerpt":{"rendered":"<p>Past\u0101v\u012bga &scaron;\u0137idruma uz\u0146em&scaron;ana ir svar\u012bgs nosac\u012bjums visos sporta veidos. Ilgsto&scaron;as slodzes laik\u0101 nepietiekamas hidrat\u0101cijas d\u0113\u013c organisms var zaud\u0113t 7-10% sava svara. Pateicoties \u012bpa&scaron;ai formulai, ISOSTAR izotoniskais un vitam\u012bniem bag\u0101tin\u0101tais dz\u0113riens uzs\u016bcas organism\u0101 \u0101tr\u0101k k\u0101 \u016bdens un nodro&scaron;ina t\u016bl\u012bt\u0113ju organisma hidrat\u0101ciju, nepiecie&scaron;am\u0101s ener\u0123ijas un vitam\u012bnu pieg\u0101di. Hydrate&amp;Perform izotoniska dz\u0113riena pulveris, ir paredz\u0113ts, lai sportistam, pirms, p\u0113c [&hellip;]<\/p>\n","protected":false},"featured_media":0,"template":"","meta":[],"product_brand":[3394],"product_cat":[4999],"product_tag":[],"class_list":{"0":"post-78209","1":"product","2":"type-product","3":"status-publish","5":"product_brand-isostar","6":"product_cat-isotonic-drinks-sports-nutrition-sports","8":"first","9":"instock","10":"shipping-taxable","11":"purchasable","12":"product-type-simple"},"_links":{"self":[{"href":"https:\/\/sezona.lv\/en\/wp-json\/wp\/v2\/product\/78209","targetHints":{"allow":["GET"]}}],"collection":[{"href":"https:\/\/sezona.lv\/en\/wp-json\/wp\/v2\/product"}],"about":[{"href":"https:\/\/sezona.lv\/en\/wp-json\/wp\/v2\/types\/product"}],"wp:attachment":[{"href":"https:\/\/sezona.lv\/en\/wp-json\/wp\/v2\/media?parent=78209"}],"wp:term":[{"taxonomy":"product_brand","embeddable":true,"href":"https:\/\/sezona.lv\/en\/wp-json\/wp\/v2\/product_brand?post=78209"},{"taxonomy":"product_cat","embeddable":true,"href":"https:\/\/sezona.lv\/en\/wp-json\/wp\/v2\/product_cat?post=78209"},{"taxonomy":"product_tag","embeddable":true,"href":"https:\/\/sezona.lv\/en\/wp-json\/wp\/v2\/product_tag?post=78209"}],"curies":[{"name":"wp","href":"https:\/\/api.w.org\/{rel}","templated":true}]}}