{"id":78210,"date":"2025-07-14T15:20:25","date_gmt":"2025-07-14T12:20:25","guid":{"rendered":"https:\/\/demo8.ecube.lv\/sezona.lv\/products\/zelejas-actifood-90g-x-10\/"},"modified":"2025-07-14T15:20:25","modified_gmt":"2025-07-14T12:20:25","slug":"zelejas-actifood-90g-x-10","status":"publish","type":"product","link":"https:\/\/sezona.lv\/en\/products\/zelejas-actifood-90g-x-10\/","title":{"rendered":"\u017delejas Actifood 90g x 10"},"content":{"rendered":"<p style=\"text-align: justify\">Isostar Actifood \u017eelejas satur bag\u0101t\u012bgu  og\u013chidr\u0101tu devu. Papildus tam, \u017eeleja satur vitam\u012bnu C, vitam\u012bnu E un  vitam\u012bnu B1. \u017deleja ir lielisks ener\u0123ijas avots intens\u012bvu un garu slod\u017eu  laik\u0101. Vitam\u012bns B1 nodro&scaron;ina bar\u012bbas vielu p\u0101rv\u0113r&scaron;anu ener\u0123ij\u0101.  Vitam\u012bns C un vitam\u012bns E darbojas k\u0101 antioksidanti, kas pal\u012bdz aizsarg\u0101t  organisma &scaron;\u016bnas no br\u012bvo radik\u0101\u013cu darb\u012bbas. \u017deleja satur \u0101bolu  gabali\u0146us. \u012apa&scaron;i veidotais iepakojums \u013cauj produktu \u0113rti lietot slodzes  laik\u0101.<\/p>\n<p>Komplekt\u0101 ietilpst 10 \u017eelejas p\u0113c j\u016bsu izv\u0113les &ndash; varat t\u0101s kombin\u0113t  p\u0113c vajadz\u012bbas, gan izv\u0113loties vair\u0101kas vien\u0101das, gan da\u017e\u0101das:<\/p>\n<p>\u017deleja Actifood Apple 90g x 5<\/p>\n<p>\u017deleja Actifood Exotic 90g x 5<\/p>\n","protected":false},"excerpt":{"rendered":"<p>Isostar Actifood \u017eelejas satur bag\u0101t\u012bgu og\u013chidr\u0101tu devu. Papildus tam, \u017eeleja satur vitam\u012bnu C, vitam\u012bnu E un vitam\u012bnu B1. \u017deleja ir lielisks ener\u0123ijas avots intens\u012bvu un garu slod\u017eu laik\u0101. Vitam\u012bns B1 nodro&scaron;ina bar\u012bbas vielu p\u0101rv\u0113r&scaron;anu ener\u0123ij\u0101. Vitam\u012bns C un vitam\u012bns E darbojas k\u0101 antioksidanti, kas pal\u012bdz aizsarg\u0101t organisma &scaron;\u016bnas no br\u012bvo radik\u0101\u013cu darb\u012bbas. \u017deleja satur \u0101bolu [&hellip;]<\/p>\n","protected":false},"featured_media":0,"template":"","meta":[],"product_brand":[3394],"product_cat":[5001],"product_tag":[],"class_list":{"0":"post-78210","1":"product","2":"type-product","3":"status-publish","5":"product_brand-isostar","6":"product_cat-gels-and-candies-sports-nutrition-sports","8":"first","9":"instock","10":"shipping-taxable","11":"purchasable","12":"product-type-simple"},"_links":{"self":[{"href":"https:\/\/sezona.lv\/en\/wp-json\/wp\/v2\/product\/78210","targetHints":{"allow":["GET"]}}],"collection":[{"href":"https:\/\/sezona.lv\/en\/wp-json\/wp\/v2\/product"}],"about":[{"href":"https:\/\/sezona.lv\/en\/wp-json\/wp\/v2\/types\/product"}],"wp:attachment":[{"href":"https:\/\/sezona.lv\/en\/wp-json\/wp\/v2\/media?parent=78210"}],"wp:term":[{"taxonomy":"product_brand","embeddable":true,"href":"https:\/\/sezona.lv\/en\/wp-json\/wp\/v2\/product_brand?post=78210"},{"taxonomy":"product_cat","embeddable":true,"href":"https:\/\/sezona.lv\/en\/wp-json\/wp\/v2\/product_cat?post=78210"},{"taxonomy":"product_tag","embeddable":true,"href":"https:\/\/sezona.lv\/en\/wp-json\/wp\/v2\/product_tag?post=78210"}],"curies":[{"name":"wp","href":"https:\/\/api.w.org\/{rel}","templated":true}]}}