{"id":78211,"date":"2025-07-14T15:20:26","date_gmt":"2025-07-14T12:20:26","guid":{"rendered":"https:\/\/demo8.ecube.lv\/sezona.lv\/products\/zelejas-energy-gel-35g-x-24\/"},"modified":"2025-07-14T15:20:26","modified_gmt":"2025-07-14T12:20:26","slug":"zelejas-energy-gel-35g-x-24","status":"publish","type":"product","link":"https:\/\/sezona.lv\/en\/products\/zelejas-energy-gel-35g-x-24\/","title":{"rendered":"\u017delejas Energy Gel 35g x 24"},"content":{"rendered":"<div class=\"woocommerce-product-details__short-description\">\n<p>Isostar Energy Gel ir og\u013chidr\u0101tu \u017eeleja (100% ener\u0123ija tiek ieg\u016bta  no og\u013chidr\u0101tiem). T\u0101s sast\u0101vs ir balst\u012bts uz glikozes s\u012brupu, ko ir  viegli p\u0101rstr\u0101d\u0101t ener\u0123ij\u0101 \u012bpa&scaron;i intens\u012bvas slodzes laik\u0101. Papildus  sast\u0101v\u0101 ir bag\u0101t\u012bga vitam\u012bnu C un vitam\u012bnu B1 &nbsp;deva. Vitam\u012bns B1 pal\u012bdz  p\u0101rv\u0113rst uzturvielas ener\u0123ij\u0101. Vitam\u012bns C &nbsp;darbojas k\u0101 antioksidants,  kas piesaista br\u012bvos radik\u0101\u013cus. \u017delejai ir \u0113rts un viegli attais\u0101ms  iepakojums, kas ir ide\u0101li piem\u0113rots visiem sporta veidiem.<\/p>\n<p>Komplekt\u0101 ietilpst 24 \u017eelejas p\u0113c j\u016bsu izv\u0113les &ndash; varat t\u0101s kombin\u0113t  p\u0113c vajadz\u012bbas, gan izv\u0113loties vair\u0101kas vien\u0101das, gan da\u017e\u0101das:<\/p>\n<\/div>\n<p>\u017deleja Gel Energy Apple 35g x 8<\/p>\n<p>\u017deleja Gel Energy Lemon 35g x 8<\/p>\n<p>\u017deleja Gel Energy Neutral 35g x 8<\/p>\n","protected":false},"excerpt":{"rendered":"<p>Isostar Energy Gel ir og\u013chidr\u0101tu \u017eeleja (100% ener\u0123ija tiek ieg\u016bta no og\u013chidr\u0101tiem). T\u0101s sast\u0101vs ir balst\u012bts uz glikozes s\u012brupu, ko ir viegli p\u0101rstr\u0101d\u0101t ener\u0123ij\u0101 \u012bpa&scaron;i intens\u012bvas slodzes laik\u0101. Papildus sast\u0101v\u0101 ir bag\u0101t\u012bga vitam\u012bnu C un vitam\u012bnu B1 &nbsp;deva. Vitam\u012bns B1 pal\u012bdz p\u0101rv\u0113rst uzturvielas ener\u0123ij\u0101. Vitam\u012bns C &nbsp;darbojas k\u0101 antioksidants, kas piesaista br\u012bvos radik\u0101\u013cus. \u017delejai ir [&hellip;]<\/p>\n","protected":false},"featured_media":0,"template":"","meta":[],"product_brand":[3394],"product_cat":[4587,4998,5001],"product_tag":[],"class_list":{"0":"post-78211","1":"product","2":"type-product","3":"status-publish","5":"product_brand-isostar","6":"product_cat-sports","7":"product_cat-sports-nutrition-sports","8":"product_cat-gels-and-candies-sports-nutrition-sports","10":"first","11":"instock","12":"shipping-taxable","13":"purchasable","14":"product-type-simple"},"_links":{"self":[{"href":"https:\/\/sezona.lv\/en\/wp-json\/wp\/v2\/product\/78211","targetHints":{"allow":["GET"]}}],"collection":[{"href":"https:\/\/sezona.lv\/en\/wp-json\/wp\/v2\/product"}],"about":[{"href":"https:\/\/sezona.lv\/en\/wp-json\/wp\/v2\/types\/product"}],"wp:attachment":[{"href":"https:\/\/sezona.lv\/en\/wp-json\/wp\/v2\/media?parent=78211"}],"wp:term":[{"taxonomy":"product_brand","embeddable":true,"href":"https:\/\/sezona.lv\/en\/wp-json\/wp\/v2\/product_brand?post=78211"},{"taxonomy":"product_cat","embeddable":true,"href":"https:\/\/sezona.lv\/en\/wp-json\/wp\/v2\/product_cat?post=78211"},{"taxonomy":"product_tag","embeddable":true,"href":"https:\/\/sezona.lv\/en\/wp-json\/wp\/v2\/product_tag?post=78211"}],"curies":[{"name":"wp","href":"https:\/\/api.w.org\/{rel}","templated":true}]}}