{"id":78212,"date":"2025-07-14T15:20:26","date_gmt":"2025-07-14T12:20:26","guid":{"rendered":"https:\/\/demo8.ecube.lv\/sezona.lv\/products\/zelejas-rice-syrup-gel-35g-x-16\/"},"modified":"2025-07-14T15:20:26","modified_gmt":"2025-07-14T12:20:26","slug":"zelejas-rice-syrup-gel-35g-x-16","status":"publish","type":"product","link":"https:\/\/sezona.lv\/en\/products\/zelejas-rice-syrup-gel-35g-x-16\/","title":{"rendered":"\u017delejas Rice Syrup Gel 35g x 16"},"content":{"rendered":"<div class=\"woocommerce-product-details__short-description\">\n<div class=\"woocommerce-product-details__short-description\">\n<p style=\"text-align: justify\">Papildu ener\u0123ijas uz\u0146em&scaron;anai ir b\u016btiska  noz\u012bme darbsp\u0113ju uzlabo&scaron;anai. Vid\u0113ji stund\u0101 cilv\u0113ka organisms sp\u0113j  uz\u0146emt 60-90 g og\u013chidr\u0101tu, kas atkar\u012bb\u0101 no og\u013chidr\u0101tu tipa ir ap 300kcal  stund\u0101. Augstv\u0113rt\u012bgas ener\u0123ijas \u017eelejas, kas izstr\u0101d\u0101tas, lai augstas  slodzes apst\u0101k\u013cos, kad gremo&scaron;anas sist\u0113ma ir apgr\u016btin\u0101ta vai blo\u0137\u0113ta  (piem\u0113ram, skrie&scaron;anas laik\u0101 triecienu d\u0113\u013c), sportists sp\u0113tu uz\u0146emt sev  nepiecie&scaron;amo ener\u0123iju \u0113rt\u0101 form\u0101.<\/p>\n<p style=\"text-align: justify\">Komplekt\u0101 ietilpst 16 \u017eelejas, p\u0113c J\u016bsu  izv\u0113les &ndash; varat tos kombin\u0113t p\u0113c vajadz\u012bbas, gan izv\u0113loties visas  vien\u0101das, vai at&scaron;\u0137ir\u012bgas.<\/p>\n<\/div>\n<\/div>\n<p>\u017deleja Rice Syrup Beetroot Blackcurrant Strawberry 30g x 8<\/p>\n<p>\u017deleja Rice Syrup Banana Blueberry Acerola 30g x 8<\/p>\n","protected":false},"excerpt":{"rendered":"<p>Papildu ener\u0123ijas uz\u0146em&scaron;anai ir b\u016btiska noz\u012bme darbsp\u0113ju uzlabo&scaron;anai. Vid\u0113ji stund\u0101 cilv\u0113ka organisms sp\u0113j uz\u0146emt 60-90 g og\u013chidr\u0101tu, kas atkar\u012bb\u0101 no og\u013chidr\u0101tu tipa ir ap 300kcal stund\u0101. Augstv\u0113rt\u012bgas ener\u0123ijas \u017eelejas, kas izstr\u0101d\u0101tas, lai augstas slodzes apst\u0101k\u013cos, kad gremo&scaron;anas sist\u0113ma ir apgr\u016btin\u0101ta vai blo\u0137\u0113ta (piem\u0113ram, skrie&scaron;anas laik\u0101 triecienu d\u0113\u013c), sportists sp\u0113tu uz\u0146emt sev nepiecie&scaron;amo ener\u0123iju \u0113rt\u0101 form\u0101. [&hellip;]<\/p>\n","protected":false},"featured_media":0,"template":"","meta":[],"product_brand":[3394],"product_cat":[4587,4998,5001],"product_tag":[],"class_list":{"0":"post-78212","1":"product","2":"type-product","3":"status-publish","5":"product_brand-isostar","6":"product_cat-sports","7":"product_cat-sports-nutrition-sports","8":"product_cat-gels-and-candies-sports-nutrition-sports","10":"first","11":"instock","12":"shipping-taxable","13":"purchasable","14":"product-type-simple"},"_links":{"self":[{"href":"https:\/\/sezona.lv\/en\/wp-json\/wp\/v2\/product\/78212","targetHints":{"allow":["GET"]}}],"collection":[{"href":"https:\/\/sezona.lv\/en\/wp-json\/wp\/v2\/product"}],"about":[{"href":"https:\/\/sezona.lv\/en\/wp-json\/wp\/v2\/types\/product"}],"wp:attachment":[{"href":"https:\/\/sezona.lv\/en\/wp-json\/wp\/v2\/media?parent=78212"}],"wp:term":[{"taxonomy":"product_brand","embeddable":true,"href":"https:\/\/sezona.lv\/en\/wp-json\/wp\/v2\/product_brand?post=78212"},{"taxonomy":"product_cat","embeddable":true,"href":"https:\/\/sezona.lv\/en\/wp-json\/wp\/v2\/product_cat?post=78212"},{"taxonomy":"product_tag","embeddable":true,"href":"https:\/\/sezona.lv\/en\/wp-json\/wp\/v2\/product_tag?post=78212"}],"curies":[{"name":"wp","href":"https:\/\/api.w.org\/{rel}","templated":true}]}}