{"id":78213,"date":"2025-07-14T15:20:27","date_gmt":"2025-07-14T12:20:27","guid":{"rendered":"https:\/\/demo8.ecube.lv\/sezona.lv\/products\/batonini-dazadi-x-30\/"},"modified":"2025-07-14T15:20:27","modified_gmt":"2025-07-14T12:20:27","slug":"batonini-dazadi-x-30","status":"publish","type":"product","link":"https:\/\/sezona.lv\/en\/products\/batonini-dazadi-x-30\/","title":{"rendered":"Batoni\u0146i da\u017e\u0101di x 30"},"content":{"rendered":"<div class=\"woocommerce-product-details__short-description\">\n<p style=\"text-align: justify\">Papildu ener\u0123ijas uz\u0146em&scaron;anai ir b\u016btiska  noz\u012bme darbsp\u0113ju uzlabo&scaron;anai. Vid\u0113ji stund\u0101 cilv\u0113ka organisms sp\u0113j  uz\u0146emt 60-90 g og\u013chidr\u0101tu, kas atkar\u012bb\u0101 no og\u013chidr\u0101tu tipa ir ap 300kcal  stund\u0101. ISOSTAR ir vair\u0101ku veidu batoni\u0146i ar augstu ener\u0123\u0113tisko  v\u0113rt\u012bbu, kurus ieteicams lietot pirms, p\u0113c un slodzes laik\u0101. Batoni\u0146i ir  bag\u0101tin\u0101ti ar vitam\u012bniem un miner\u0101lviel\u0101m, sniedzot sportista  organismam nepiecie&scaron;amo ener\u0123iju slodzes laik\u0101. Batoni\u0146&scaron; ir ar\u012b lielisks  \u0113dienreizes aizvietot\u0101js pirms treni\u0146iem un tiem ir lieliska  gar&scaron;a.&nbsp;Tiem ir pat\u012bkama gar&scaron;a un tie viegli p\u0101rstr\u0101d\u0101jas.<\/p>\n<p style=\"text-align: justify\">Komplekt\u0101 ietilpst 30 batoni\u0146i p\u0113c J\u016bsu  izv\u0113les &ndash; varat tos kombin\u0113t p\u0113c vajadz\u012bbas, gan izv\u0113loties vair\u0101kus  vien\u0101dus, gan da\u017e\u0101dus batoni\u0146us.<\/p>\n<p>Pieejamie batoni\u0146u veidi:<br \/> &ndash; Batoni\u0146&scaron; Endurance+ Cereal &amp; Fruit 40g<br \/> &ndash; Batoni\u0146&scaron; Energy Banana 40g<br \/> &ndash; Batoni\u0146&scaron; Energy Chocolate 35g<br \/> &ndash; Batoni\u0146&scaron; Energy Raisin Cranberry 40g<br \/> &ndash; Batoni\u0146&scaron; High Protein 25 Strawberry 35g<br \/> &ndash; Batoni\u0146&scaron; Reload Chocolate 40g<\/p>\n<\/div>\n","protected":false},"excerpt":{"rendered":"<p>Papildu ener\u0123ijas uz\u0146em&scaron;anai ir b\u016btiska noz\u012bme darbsp\u0113ju uzlabo&scaron;anai. Vid\u0113ji stund\u0101 cilv\u0113ka organisms sp\u0113j uz\u0146emt 60-90 g og\u013chidr\u0101tu, kas atkar\u012bb\u0101 no og\u013chidr\u0101tu tipa ir ap 300kcal stund\u0101. ISOSTAR ir vair\u0101ku veidu batoni\u0146i ar augstu ener\u0123\u0113tisko v\u0113rt\u012bbu, kurus ieteicams lietot pirms, p\u0113c un slodzes laik\u0101. Batoni\u0146i ir bag\u0101tin\u0101ti ar vitam\u012bniem un miner\u0101lviel\u0101m, sniedzot sportista organismam nepiecie&scaron;amo ener\u0123iju [&hellip;]<\/p>\n","protected":false},"featured_media":0,"template":"","meta":[],"product_brand":[3394],"product_cat":[5002],"product_tag":[],"class_list":{"0":"post-78213","1":"product","2":"type-product","3":"status-publish","5":"product_brand-isostar","6":"product_cat-tubs-sports-nutrition-sports","8":"first","9":"instock","10":"shipping-taxable","11":"purchasable","12":"product-type-simple"},"_links":{"self":[{"href":"https:\/\/sezona.lv\/en\/wp-json\/wp\/v2\/product\/78213","targetHints":{"allow":["GET"]}}],"collection":[{"href":"https:\/\/sezona.lv\/en\/wp-json\/wp\/v2\/product"}],"about":[{"href":"https:\/\/sezona.lv\/en\/wp-json\/wp\/v2\/types\/product"}],"wp:attachment":[{"href":"https:\/\/sezona.lv\/en\/wp-json\/wp\/v2\/media?parent=78213"}],"wp:term":[{"taxonomy":"product_brand","embeddable":true,"href":"https:\/\/sezona.lv\/en\/wp-json\/wp\/v2\/product_brand?post=78213"},{"taxonomy":"product_cat","embeddable":true,"href":"https:\/\/sezona.lv\/en\/wp-json\/wp\/v2\/product_cat?post=78213"},{"taxonomy":"product_tag","embeddable":true,"href":"https:\/\/sezona.lv\/en\/wp-json\/wp\/v2\/product_tag?post=78213"}],"curies":[{"name":"wp","href":"https:\/\/api.w.org\/{rel}","templated":true}]}}