{"id":78241,"date":"2025-07-14T15:20:54","date_gmt":"2025-07-14T12:20:54","guid":{"rendered":"https:\/\/demo8.ecube.lv\/sezona.lv\/products\/besto-econ-100n-junior-30-40kg-glabsanas-veste\/"},"modified":"2025-07-14T15:20:54","modified_gmt":"2025-07-14T12:20:54","slug":"besto-econ-100n-junior-30-40kg-glabsanas-veste","status":"publish","type":"product","link":"https:\/\/sezona.lv\/en\/products\/besto-econ-100n-junior-30-40kg-glabsanas-veste\/","title":{"rendered":"Besto Econ 100N Junior(30-40kg) gl\u0101b\u0161anas veste"},"content":{"rendered":"<div class=\"rte\">\n<p><span>Popul\u0101r\u0101 Econ 100N veste ir pild\u012bta ar vieglo PE putu pild\u012bjumu.<\/span><\/p>\n<ul>\n<li><span>Lai  nodro&scaron;in\u0101tu maksim\u0101lu komfortu kr\u016b&scaron;u rajon\u0101, priek&scaron;\u0113jais vestes panelis  ir veidots no vienas sada\u013cas. Tas uzlabo gan pagrie&scaron;an\u0101s sp\u0113ju, gan  dro&scaron;\u012bbu.<\/span><\/li>\n<li><span>Apak&scaron;\u0113jais un aug&scaron;\u0113jais viduk\u013ca stiprin\u0101jums nodro&scaron;ina \u0101rk\u0101rtas piek\u013cau&scaron;anos \u0137ermenim un papildus dro&scaron;\u012bbu.<\/span><\/li>\n<li><span>Izm\u0113riem no 1 l\u012bdz 4 ir izstr\u0101d\u0101ta k\u0101jstarpes siksna, lai nodro&scaron;in\u0101tu papildus dro&scaron;\u012bbu maz\u0101kajiem.<\/span><\/li>\n<li><span>Visa izm\u0113ra vest\u0113m \u0101r\u0113jais apvalks ir veidots no augstas redzam\u012bbas fluorisc\u0113jo&scaron;i oran\u017eas kr\u0101sas auduma.<\/span><\/li>\n<li><span>Av\u0101rijas gad\u012bjum\u0101, \u0101trai gl\u0101b&scaron;anai un redzam\u012bbai, ir izmantots atstarojo&scaron;s materi\u0101ls un sign\u0101lsvilpe.<\/span><\/li>\n<\/ul>\n<\/div>\n","protected":false},"excerpt":{"rendered":"<p>Popul\u0101r\u0101 Econ 100N veste ir pild\u012bta ar vieglo PE putu pild\u012bjumu. Lai nodro&scaron;in\u0101tu maksim\u0101lu komfortu kr\u016b&scaron;u rajon\u0101, priek&scaron;\u0113jais vestes panelis ir veidots no vienas sada\u013cas. Tas uzlabo gan pagrie&scaron;an\u0101s sp\u0113ju, gan dro&scaron;\u012bbu. Apak&scaron;\u0113jais un aug&scaron;\u0113jais viduk\u013ca stiprin\u0101jums nodro&scaron;ina \u0101rk\u0101rtas piek\u013cau&scaron;anos \u0137ermenim un papildus dro&scaron;\u012bbu. Izm\u0113riem no 1 l\u012bdz 4 ir izstr\u0101d\u0101ta k\u0101jstarpes siksna, lai nodro&scaron;in\u0101tu [&hellip;]<\/p>\n","protected":false},"featured_media":0,"template":"","meta":[],"product_brand":[],"product_cat":[4557,4640,4784],"product_tag":[],"class_list":{"0":"post-78241","1":"product","2":"type-product","3":"status-publish","5":"product_cat-boats-recreation","6":"product_cat-recreation","7":"product_cat-lifejackets-boats-recreation","9":"first","10":"instock","11":"shipping-taxable","12":"purchasable","13":"product-type-simple"},"_links":{"self":[{"href":"https:\/\/sezona.lv\/en\/wp-json\/wp\/v2\/product\/78241","targetHints":{"allow":["GET"]}}],"collection":[{"href":"https:\/\/sezona.lv\/en\/wp-json\/wp\/v2\/product"}],"about":[{"href":"https:\/\/sezona.lv\/en\/wp-json\/wp\/v2\/types\/product"}],"wp:attachment":[{"href":"https:\/\/sezona.lv\/en\/wp-json\/wp\/v2\/media?parent=78241"}],"wp:term":[{"taxonomy":"product_brand","embeddable":true,"href":"https:\/\/sezona.lv\/en\/wp-json\/wp\/v2\/product_brand?post=78241"},{"taxonomy":"product_cat","embeddable":true,"href":"https:\/\/sezona.lv\/en\/wp-json\/wp\/v2\/product_cat?post=78241"},{"taxonomy":"product_tag","embeddable":true,"href":"https:\/\/sezona.lv\/en\/wp-json\/wp\/v2\/product_tag?post=78241"}],"curies":[{"name":"wp","href":"https:\/\/api.w.org\/{rel}","templated":true}]}}