{"id":78244,"date":"2025-07-11T16:33:08","date_gmt":"2025-07-11T13:33:08","guid":{"rendered":"https:\/\/demo8.ecube.lv\/sezona.lv\/products\/besto-dinghy-50n-ar-ravejsledzeju-xs-30-40kg-glabsanas-veste-peldveste\/"},"modified":"2025-07-14T15:20:57","modified_gmt":"2025-07-14T12:20:57","slug":"besto-dinghy-50n-ar-ravejsledzeju-xs-30-40kg-glabsanas-veste-peldveste","status":"publish","type":"product","link":"https:\/\/sezona.lv\/en\/products\/besto-dinghy-50n-ar-ravejsledzeju-xs-30-40kg-glabsanas-veste-peldveste\/","title":{"rendered":"Besto Dinghy 50N ar r\u0101v\u0113jsl\u0113dz\u0113ju XS(30-40kg) gl\u0101b\u0161anas veste &#8211; peldveste"},"content":{"rendered":"<div class=\"rte\">\n<div class=\"rte\">\n<div class=\"rte\">\n<p><span>Besto Dinghy Zipper 50N veste ir speci\u0101li izstr\u0101d\u0101ta \u016bdens sporta entuziastiem.<\/span><\/p>\n<ul>\n<li><span>Viegl\u0101s PE putas un viegli regul\u0113jamais jostas stiprin\u0101jums, \u013cauj optimiz\u0113t komfortu un kust\u012bbas br\u012bv\u012bbu.<\/span><\/li>\n<li><span>Aug&scaron;\u0113jais un apak&scaron;\u0113jais aizsienamais stiprin\u0101jums nodro&scaron;ina lab\u0101ku saikni ar \u0137ermeni un uzlabot\u0101ku dro&scaron;\u012bbu.<\/span><\/li>\n<li><span>\u012apa&scaron;i lielais priek&scaron;\u0113jais izgriezums padara &scaron;o vesti \u013coti piem\u0113rotu s\u0113do&scaron;iem \u016bdens sporta veidiem.<\/span><\/li>\n<\/ul>\n<p><span>Veste ir apr\u012bkota ar sp\u0113c\u012bgu neilona r\u0101v\u0113jsl\u0113dz\u0113ju.<\/span><\/p>\n<p><span><span>Maksim\u0101lais viduk\u013ca apk\u0101rtm\u0113rs: 92cm<\/span><\/span><\/p>\n<\/div>\n<\/div>\n<\/div>\n","protected":false},"excerpt":{"rendered":"<p>Besto Dinghy Zipper 50N veste ir speci\u0101li izstr\u0101d\u0101ta \u016bdens sporta entuziastiem. Viegl\u0101s PE putas un viegli regul\u0113jamais jostas stiprin\u0101jums, \u013cauj optimiz\u0113t komfortu un kust\u012bbas br\u012bv\u012bbu. Aug&scaron;\u0113jais un apak&scaron;\u0113jais aizsienamais stiprin\u0101jums nodro&scaron;ina lab\u0101ku saikni ar \u0137ermeni un uzlabot\u0101ku dro&scaron;\u012bbu. \u012apa&scaron;i lielais priek&scaron;\u0113jais izgriezums padara &scaron;o vesti \u013coti piem\u0113rotu s\u0113do&scaron;iem \u016bdens sporta veidiem. Veste ir apr\u012bkota ar [&hellip;]<\/p>\n","protected":false},"featured_media":69616,"template":"","meta":[],"product_brand":[],"product_cat":[4557,4784],"product_tag":[],"class_list":{"0":"post-78244","1":"product","2":"type-product","3":"status-publish","4":"has-post-thumbnail","6":"product_cat-boats-recreation","7":"product_cat-lifejackets-boats-recreation","9":"first","10":"instock","11":"shipping-taxable","12":"purchasable","13":"product-type-simple"},"_links":{"self":[{"href":"https:\/\/sezona.lv\/en\/wp-json\/wp\/v2\/product\/78244","targetHints":{"allow":["GET"]}}],"collection":[{"href":"https:\/\/sezona.lv\/en\/wp-json\/wp\/v2\/product"}],"about":[{"href":"https:\/\/sezona.lv\/en\/wp-json\/wp\/v2\/types\/product"}],"wp:featuredmedia":[{"embeddable":true,"href":"https:\/\/sezona.lv\/en\/wp-json\/wp\/v2\/media\/69616"}],"wp:attachment":[{"href":"https:\/\/sezona.lv\/en\/wp-json\/wp\/v2\/media?parent=78244"}],"wp:term":[{"taxonomy":"product_brand","embeddable":true,"href":"https:\/\/sezona.lv\/en\/wp-json\/wp\/v2\/product_brand?post=78244"},{"taxonomy":"product_cat","embeddable":true,"href":"https:\/\/sezona.lv\/en\/wp-json\/wp\/v2\/product_cat?post=78244"},{"taxonomy":"product_tag","embeddable":true,"href":"https:\/\/sezona.lv\/en\/wp-json\/wp\/v2\/product_tag?post=78244"}],"curies":[{"name":"wp","href":"https:\/\/api.w.org\/{rel}","templated":true}]}}