{"id":78245,"date":"2025-07-11T16:33:10","date_gmt":"2025-07-11T13:33:10","guid":{"rendered":"https:\/\/demo8.ecube.lv\/sezona.lv\/products\/besto-ski-50n-xs-30-40kg-glabsanas-veste-peldveste\/"},"modified":"2025-07-14T15:20:58","modified_gmt":"2025-07-14T12:20:58","slug":"besto-ski-50n-xs-30-40kg-glabsanas-veste-peldveste","status":"publish","type":"product","link":"https:\/\/sezona.lv\/en\/products\/besto-ski-50n-xs-30-40kg-glabsanas-veste-peldveste\/","title":{"rendered":"Besto SKI 50N XS(30-40kg) gl\u0101b\u0161anas veste &#8211; peldveste"},"content":{"rendered":"<div class=\"rte\">\n<div class=\"rte\">\n<div class=\"rte\">\n<div class=\"rte\">\n<div class=\"rte\">\n<div class=\"rte\">\n<p><span>Besto Ski 50N veste ir speci\u0101li veidota  akt\u012bviem \u016bdens sl\u0113pot\u0101jiem. &Scaron;iem sl\u0113pot\u0101jiem, kuri ir pak\u013cauti lielam  \u0101trumam ir svar\u012bga veste, kas nodro&scaron;ina br\u012bvu kust\u012bbu, labu sportisko  izskatu un dro&scaron;\u012bbu.<\/span><\/p>\n<ul>\n<li><span>Vestei ir \u010detras jostas  saites un \u010detri iztur\u012bgi &bdquo;nexus&rdquo; stiprin\u0101jumi, kas nodro&scaron;ina perfektu  piek\u013cau&scaron;anos \u0137ermenim. Kritiena gad\u012bjum\u0101 pie liela \u0101truma &scaron;ie \u010detri  stiprin\u0101jumi \u013cauj vestei palikt sav\u0101 viet\u0101.<\/span><\/li>\n<li><span>Dubult\u0101s k\u0101jstarpes siksnas ne\u013cauj vestei nosl\u012bd\u0113t.<\/span><\/li>\n<li><span>&nbsp;Viegl\u0101s PE putas padara vesti \u0113rt\u0101kai valk\u0101&scaron;anai.<\/span><\/li>\n<li><span>Vestei  ir s\u0101nu trieciena aizsardz\u012bba. Puse vestes ir pild\u012bta ar polietil\u0113na  put\u0101m, kas nodro&scaron;ina aizsardz\u012bbu pret muguras traum\u0101m.<\/span><\/li>\n<\/ul>\n<p><span>\u010cetras  jostas saites, viegl\u0101s PE putas un p\u0101rdom\u0101tais dizains ir tas, kas  nodro&scaron;ina komfortablu vestes valk\u0101&scaron;anu, vienlaikus \u013caujot br\u012bvi  kust\u0113ties.<\/span><\/p>\n<\/div>\n<\/div>\n<div><\/div>\n<\/div>\n<\/div>\n<\/div>\n<\/div>\n","protected":false},"excerpt":{"rendered":"<p>Besto Ski 50N veste ir speci\u0101li veidota akt\u012bviem \u016bdens sl\u0113pot\u0101jiem. &Scaron;iem sl\u0113pot\u0101jiem, kuri ir pak\u013cauti lielam \u0101trumam ir svar\u012bga veste, kas nodro&scaron;ina br\u012bvu kust\u012bbu, labu sportisko izskatu un dro&scaron;\u012bbu. Vestei ir \u010detras jostas saites un \u010detri iztur\u012bgi &bdquo;nexus&rdquo; stiprin\u0101jumi, kas nodro&scaron;ina perfektu piek\u013cau&scaron;anos \u0137ermenim. Kritiena gad\u012bjum\u0101 pie liela \u0101truma &scaron;ie \u010detri stiprin\u0101jumi \u013cauj vestei palikt [&hellip;]<\/p>\n","protected":false},"featured_media":69619,"template":"","meta":[],"product_brand":[],"product_cat":[4557,4784],"product_tag":[],"class_list":{"0":"post-78245","1":"product","2":"type-product","3":"status-publish","4":"has-post-thumbnail","6":"product_cat-boats-recreation","7":"product_cat-lifejackets-boats-recreation","9":"first","10":"instock","11":"shipping-taxable","12":"purchasable","13":"product-type-simple"},"_links":{"self":[{"href":"https:\/\/sezona.lv\/en\/wp-json\/wp\/v2\/product\/78245","targetHints":{"allow":["GET"]}}],"collection":[{"href":"https:\/\/sezona.lv\/en\/wp-json\/wp\/v2\/product"}],"about":[{"href":"https:\/\/sezona.lv\/en\/wp-json\/wp\/v2\/types\/product"}],"wp:featuredmedia":[{"embeddable":true,"href":"https:\/\/sezona.lv\/en\/wp-json\/wp\/v2\/media\/69619"}],"wp:attachment":[{"href":"https:\/\/sezona.lv\/en\/wp-json\/wp\/v2\/media?parent=78245"}],"wp:term":[{"taxonomy":"product_brand","embeddable":true,"href":"https:\/\/sezona.lv\/en\/wp-json\/wp\/v2\/product_brand?post=78245"},{"taxonomy":"product_cat","embeddable":true,"href":"https:\/\/sezona.lv\/en\/wp-json\/wp\/v2\/product_cat?post=78245"},{"taxonomy":"product_tag","embeddable":true,"href":"https:\/\/sezona.lv\/en\/wp-json\/wp\/v2\/product_tag?post=78245"}],"curies":[{"name":"wp","href":"https:\/\/api.w.org\/{rel}","templated":true}]}}