{"id":78246,"date":"2025-07-11T16:33:11","date_gmt":"2025-07-11T13:33:11","guid":{"rendered":"https:\/\/demo8.ecube.lv\/sezona.lv\/products\/165n-manuala-besto-piepusama-glabsanas-veste\/"},"modified":"2025-07-14T15:20:59","modified_gmt":"2025-07-14T12:20:59","slug":"165n-manuala-besto-piepusama-glabsanas-veste","status":"publish","type":"product","link":"https:\/\/sezona.lv\/en\/products\/165n-manuala-besto-piepusama-glabsanas-veste\/","title":{"rendered":"165N Manu\u0101la Besto Piep\u016b\u0161am\u0101 gl\u0101b\u0161anas veste"},"content":{"rendered":"<p><span>Ar savu 3D apkakles dizainu un m\u012bksto \u0101r\u0113jo  apvalku popul\u0101r\u0101 Besto &nbsp;piep\u016b&scaron;am\u0101 veste perfekti piek\u013caujas. Apkakle ir  stingri saspr\u0101dz\u0113ta muguras pus\u0113 t\u0101d\u0113j\u0101di sniedzot komfortablu un dro&scaron;u  kakla atbalstu.<\/span><\/p>\n<ul>\n<li><span>165N vestei ir minim\u0101la peldsp\u0113jas kapacit\u0101te.<\/span><\/li>\n<\/ul>\n<p>50+ kg<\/p>\n","protected":false},"excerpt":{"rendered":"<p>Ar savu 3D apkakles dizainu un m\u012bksto \u0101r\u0113jo apvalku popul\u0101r\u0101 Besto &nbsp;piep\u016b&scaron;am\u0101 veste perfekti piek\u013caujas. Apkakle ir stingri saspr\u0101dz\u0113ta muguras pus\u0113 t\u0101d\u0113j\u0101di sniedzot komfortablu un dro&scaron;u kakla atbalstu. 165N vestei ir minim\u0101la peldsp\u0113jas kapacit\u0101te. 50+ kg<\/p>\n","protected":false},"featured_media":69626,"template":"","meta":[],"product_brand":[],"product_cat":[4784],"product_tag":[],"class_list":{"0":"post-78246","1":"product","2":"type-product","3":"status-publish","4":"has-post-thumbnail","6":"product_cat-lifejackets-boats-recreation","8":"first","9":"instock","10":"shipping-taxable","11":"purchasable","12":"product-type-simple"},"_links":{"self":[{"href":"https:\/\/sezona.lv\/en\/wp-json\/wp\/v2\/product\/78246","targetHints":{"allow":["GET"]}}],"collection":[{"href":"https:\/\/sezona.lv\/en\/wp-json\/wp\/v2\/product"}],"about":[{"href":"https:\/\/sezona.lv\/en\/wp-json\/wp\/v2\/types\/product"}],"wp:featuredmedia":[{"embeddable":true,"href":"https:\/\/sezona.lv\/en\/wp-json\/wp\/v2\/media\/69626"}],"wp:attachment":[{"href":"https:\/\/sezona.lv\/en\/wp-json\/wp\/v2\/media?parent=78246"}],"wp:term":[{"taxonomy":"product_brand","embeddable":true,"href":"https:\/\/sezona.lv\/en\/wp-json\/wp\/v2\/product_brand?post=78246"},{"taxonomy":"product_cat","embeddable":true,"href":"https:\/\/sezona.lv\/en\/wp-json\/wp\/v2\/product_cat?post=78246"},{"taxonomy":"product_tag","embeddable":true,"href":"https:\/\/sezona.lv\/en\/wp-json\/wp\/v2\/product_tag?post=78246"}],"curies":[{"name":"wp","href":"https:\/\/api.w.org\/{rel}","templated":true}]}}