{"id":78248,"date":"2025-07-14T15:21:01","date_gmt":"2025-07-14T12:21:01","guid":{"rendered":"https:\/\/demo8.ecube.lv\/sezona.lv\/products\/165n-navy-automatiska-besto-piepusama-glabsanas-veste\/"},"modified":"2025-07-14T15:21:01","modified_gmt":"2025-07-14T12:21:01","slug":"165n-navy-automatiska-besto-piepusama-glabsanas-veste","status":"publish","type":"product","link":"https:\/\/sezona.lv\/en\/products\/165n-navy-automatiska-besto-piepusama-glabsanas-veste\/","title":{"rendered":"165N Navy Autom\u0101tiska Besto Piep\u016b\u0161am\u0101 gl\u0101b\u0161anas veste"},"content":{"rendered":"<div class=\"rte\">\n<p><span style=\"color: #000000\">Ar savu 3D apkakles  dizainu un m\u012bksto \u0101r\u0113jo apvalku popul\u0101r\u0101 Besto &nbsp;piep\u016b&scaron;am\u0101 veste perfekti  piek\u013caujas. Apkakle ir stingri saspr\u0101dz\u0113ta muguras pus\u0113 t\u0101d\u0113j\u0101di  sniedzot komfortablu un dro&scaron;u kakla atbalstu.<\/span><\/p>\n<ul>\n<li><span style=\"color: #000000\">165N vestei ir minim\u0101la peldsp\u0113jas kapacit\u0101te.<\/span><\/li>\n<\/ul>\n<\/div>\n<p>50+ kg<\/p>\n","protected":false},"excerpt":{"rendered":"<p>Ar savu 3D apkakles dizainu un m\u012bksto \u0101r\u0113jo apvalku popul\u0101r\u0101 Besto &nbsp;piep\u016b&scaron;am\u0101 veste perfekti piek\u013caujas. Apkakle ir stingri saspr\u0101dz\u0113ta muguras pus\u0113 t\u0101d\u0113j\u0101di sniedzot komfortablu un dro&scaron;u kakla atbalstu. 165N vestei ir minim\u0101la peldsp\u0113jas kapacit\u0101te. 50+ kg<\/p>\n","protected":false},"featured_media":0,"template":"","meta":[],"product_brand":[],"product_cat":[4557,4640,4784],"product_tag":[],"class_list":{"0":"post-78248","1":"product","2":"type-product","3":"status-publish","5":"product_cat-boats-recreation","6":"product_cat-recreation","7":"product_cat-lifejackets-boats-recreation","9":"first","10":"instock","11":"shipping-taxable","12":"purchasable","13":"product-type-simple"},"_links":{"self":[{"href":"https:\/\/sezona.lv\/en\/wp-json\/wp\/v2\/product\/78248","targetHints":{"allow":["GET"]}}],"collection":[{"href":"https:\/\/sezona.lv\/en\/wp-json\/wp\/v2\/product"}],"about":[{"href":"https:\/\/sezona.lv\/en\/wp-json\/wp\/v2\/types\/product"}],"wp:attachment":[{"href":"https:\/\/sezona.lv\/en\/wp-json\/wp\/v2\/media?parent=78248"}],"wp:term":[{"taxonomy":"product_brand","embeddable":true,"href":"https:\/\/sezona.lv\/en\/wp-json\/wp\/v2\/product_brand?post=78248"},{"taxonomy":"product_cat","embeddable":true,"href":"https:\/\/sezona.lv\/en\/wp-json\/wp\/v2\/product_cat?post=78248"},{"taxonomy":"product_tag","embeddable":true,"href":"https:\/\/sezona.lv\/en\/wp-json\/wp\/v2\/product_tag?post=78248"}],"curies":[{"name":"wp","href":"https:\/\/api.w.org\/{rel}","templated":true}]}}