{"id":78249,"date":"2025-07-14T15:21:02","date_gmt":"2025-07-14T12:21:02","guid":{"rendered":"https:\/\/demo8.ecube.lv\/sezona.lv\/products\/besto-sunu-glabsanas-veste-0-4kg\/"},"modified":"2025-07-14T15:21:02","modified_gmt":"2025-07-14T12:21:02","slug":"besto-sunu-glabsanas-veste-0-4kg","status":"publish","type":"product","link":"https:\/\/sezona.lv\/en\/products\/besto-sunu-glabsanas-veste-0-4kg\/","title":{"rendered":"Besto Su\u0146u gl\u0101b\u0161anas veste (0-4kg)"},"content":{"rendered":"<div class=\"rte\">\n<p><span>Veste ir paredz\u0113ta cilv\u0113ka lab\u0101k\u0101 drauga  dro&scaron;\u012bbai, laik\u0101, kad j\u016bs un j\u016bsu suns atrad\u012bsies uz vai pie \u016bdens, j\u016bsu  suns b\u016bs paman\u0101ms pateicoties augstas redzam\u012bbas materi\u0101lam.<\/span><\/p>\n<ul>\n<li><span>Veste ir pild\u012bta ar viegl\u0101m PE put\u0101m un apr\u012bkota ar dubult\u0101m v\u0113dera jost\u0101m un apkakles jostu ar \u0113rtu aizdari.<\/span><\/li>\n<li><span>Viegli piel\u0101gojama un aiztais\u0101ma.<\/span><\/li>\n<li><span>Veste nek\u0101d\u0101 veid\u0101 netrauc\u0113 j\u016bsu sunim br\u012bvi kust\u0113ties.<\/span><\/li>\n<li><span>Vestes aug&scaron;pus\u0113 iestr\u0101d\u0101ts D-formas gredzens, aiz kura var aiz\u0101\u0137\u0113t pavadu.<\/span><\/li>\n<li><span>Iestr\u0101d\u0101tais rokturis uz muguras \u013cauj suni \u0113rti un \u0101tri izcelt no \u016bdens.<\/span><\/li>\n<li><span>Papildus priek&scaron;roc\u012bba: Veste ar\u012b pasarg\u0101s j\u016bsu suni no aukstuma.<\/span><\/li>\n<\/ul>\n<\/div>\n","protected":false},"excerpt":{"rendered":"<p>Veste ir paredz\u0113ta cilv\u0113ka lab\u0101k\u0101 drauga dro&scaron;\u012bbai, laik\u0101, kad j\u016bs un j\u016bsu suns atrad\u012bsies uz vai pie \u016bdens, j\u016bsu suns b\u016bs paman\u0101ms pateicoties augstas redzam\u012bbas materi\u0101lam. Veste ir pild\u012bta ar viegl\u0101m PE put\u0101m un apr\u012bkota ar dubult\u0101m v\u0113dera jost\u0101m un apkakles jostu ar \u0113rtu aizdari. Viegli piel\u0101gojama un aiztais\u0101ma. Veste nek\u0101d\u0101 veid\u0101 netrauc\u0113 j\u016bsu sunim [&hellip;]<\/p>\n","protected":false},"featured_media":0,"template":"","meta":[],"product_brand":[],"product_cat":[4557,4640,4784],"product_tag":[],"class_list":{"0":"post-78249","1":"product","2":"type-product","3":"status-publish","5":"product_cat-boats-recreation","6":"product_cat-recreation","7":"product_cat-lifejackets-boats-recreation","9":"first","10":"instock","11":"shipping-taxable","12":"purchasable","13":"product-type-simple"},"_links":{"self":[{"href":"https:\/\/sezona.lv\/en\/wp-json\/wp\/v2\/product\/78249","targetHints":{"allow":["GET"]}}],"collection":[{"href":"https:\/\/sezona.lv\/en\/wp-json\/wp\/v2\/product"}],"about":[{"href":"https:\/\/sezona.lv\/en\/wp-json\/wp\/v2\/types\/product"}],"wp:attachment":[{"href":"https:\/\/sezona.lv\/en\/wp-json\/wp\/v2\/media?parent=78249"}],"wp:term":[{"taxonomy":"product_brand","embeddable":true,"href":"https:\/\/sezona.lv\/en\/wp-json\/wp\/v2\/product_brand?post=78249"},{"taxonomy":"product_cat","embeddable":true,"href":"https:\/\/sezona.lv\/en\/wp-json\/wp\/v2\/product_cat?post=78249"},{"taxonomy":"product_tag","embeddable":true,"href":"https:\/\/sezona.lv\/en\/wp-json\/wp\/v2\/product_tag?post=78249"}],"curies":[{"name":"wp","href":"https:\/\/api.w.org\/{rel}","templated":true}]}}