{"id":78255,"date":"2025-07-14T15:21:09","date_gmt":"2025-07-14T12:21:09","guid":{"rendered":"https:\/\/demo8.ecube.lv\/sezona.lv\/products\/glabsanas-rinkis-e-g-vallianatos-s-a-eval-solas-2-5kg\/"},"modified":"2025-07-14T15:21:09","modified_gmt":"2025-07-14T12:21:09","slug":"glabsanas-rinkis-e-g-vallianatos-s-a-eval-solas-2-5kg","status":"publish","type":"product","link":"https:\/\/sezona.lv\/en\/products\/glabsanas-rinkis-e-g-vallianatos-s-a-eval-solas-2-5kg\/","title":{"rendered":"Gl\u0101b\u0161anas ri\u0146\u0137is E.G. Vallianatos S.A.(EVAL) SOLAS 2.5kg"},"content":{"rendered":"<div class=\"rte\">\n<p>Augstas kvalit\u0101tes gl\u0101b&scaron;anas ri\u0146\u0137is, izgatavots no spilgta un iztur\u012bga polietil\u0113na materi\u0101la.<\/p>\n<ul>\n<li>Ilgs kalpo&scaron;anas m\u016b\u017es<\/li>\n<li>Sertefic\u0113ts CE mar\u0137\u0113jums atbilsto&scaron;i Ku\u0123u Apr\u012bkojuma direkt\u012bvei<\/li>\n<li>Atbilst SOLAS konvencijas un IMO standartiem<\/li>\n<\/ul>\n<p>Ri\u0146\u0137a diametrs &#8211; 71cm<\/p>\n<p>Biezums &#8211; 10.5cm<\/p>\n<\/div>\n","protected":false},"excerpt":{"rendered":"<p>Augstas kvalit\u0101tes gl\u0101b&scaron;anas ri\u0146\u0137is, izgatavots no spilgta un iztur\u012bga polietil\u0113na materi\u0101la. Ilgs kalpo&scaron;anas m\u016b\u017es Sertefic\u0113ts CE mar\u0137\u0113jums atbilsto&scaron;i Ku\u0123u Apr\u012bkojuma direkt\u012bvei Atbilst SOLAS konvencijas un IMO standartiem Ri\u0146\u0137a diametrs &#8211; 71cm Biezums &#8211; 10.5cm<\/p>\n","protected":false},"featured_media":0,"template":"","meta":[],"product_brand":[],"product_cat":[4557,4640,4784],"product_tag":[],"class_list":{"0":"post-78255","1":"product","2":"type-product","3":"status-publish","5":"product_cat-boats-recreation","6":"product_cat-recreation","7":"product_cat-lifejackets-boats-recreation","9":"first","10":"instock","11":"shipping-taxable","12":"purchasable","13":"product-type-simple"},"_links":{"self":[{"href":"https:\/\/sezona.lv\/en\/wp-json\/wp\/v2\/product\/78255","targetHints":{"allow":["GET"]}}],"collection":[{"href":"https:\/\/sezona.lv\/en\/wp-json\/wp\/v2\/product"}],"about":[{"href":"https:\/\/sezona.lv\/en\/wp-json\/wp\/v2\/types\/product"}],"wp:attachment":[{"href":"https:\/\/sezona.lv\/en\/wp-json\/wp\/v2\/media?parent=78255"}],"wp:term":[{"taxonomy":"product_brand","embeddable":true,"href":"https:\/\/sezona.lv\/en\/wp-json\/wp\/v2\/product_brand?post=78255"},{"taxonomy":"product_cat","embeddable":true,"href":"https:\/\/sezona.lv\/en\/wp-json\/wp\/v2\/product_cat?post=78255"},{"taxonomy":"product_tag","embeddable":true,"href":"https:\/\/sezona.lv\/en\/wp-json\/wp\/v2\/product_tag?post=78255"}],"curies":[{"name":"wp","href":"https:\/\/api.w.org\/{rel}","templated":true}]}}