{"id":78257,"date":"2025-07-14T15:21:11","date_gmt":"2025-07-14T12:21:11","guid":{"rendered":"https:\/\/demo8.ecube.lv\/sezona.lv\/products\/glabsanas-rinkis-pakavs\/"},"modified":"2025-07-14T15:21:11","modified_gmt":"2025-07-14T12:21:11","slug":"glabsanas-rinkis-pakavs","status":"publish","type":"product","link":"https:\/\/sezona.lv\/en\/products\/glabsanas-rinkis-pakavs\/","title":{"rendered":"Gl\u0101b\u0161anas ri\u0146\u0137is (Pakavs)"},"content":{"rendered":"<div class=\"rte\">\n<div class=\"rte\">\n<div class=\"rte\">\n<p><span>Pakavveida gl\u0101b&scaron;anas ri\u0146\u0137is ar viegli no\u0146emamu \u0101r\u0113jo apvalku.<\/span><br \/><span>PE putu pild\u012bjums.<\/span><\/p>\n<p><span>Diametrs &#8211; 52cm<\/span><\/p>\n<p><span>Biezums &#8211; 10cm<\/span><\/p>\n<p><span>150N<\/span><\/p>\n<\/div>\n<\/div>\n<\/div>\n","protected":false},"excerpt":{"rendered":"<p>Pakavveida gl\u0101b&scaron;anas ri\u0146\u0137is ar viegli no\u0146emamu \u0101r\u0113jo apvalku.PE putu pild\u012bjums. Diametrs &#8211; 52cm Biezums &#8211; 10cm 150N<\/p>\n","protected":false},"featured_media":0,"template":"","meta":[],"product_brand":[],"product_cat":[4557,4640,4784],"product_tag":[],"class_list":{"0":"post-78257","1":"product","2":"type-product","3":"status-publish","5":"product_cat-boats-recreation","6":"product_cat-recreation","7":"product_cat-lifejackets-boats-recreation","9":"first","10":"instock","11":"shipping-taxable","12":"purchasable","13":"product-type-simple"},"_links":{"self":[{"href":"https:\/\/sezona.lv\/en\/wp-json\/wp\/v2\/product\/78257","targetHints":{"allow":["GET"]}}],"collection":[{"href":"https:\/\/sezona.lv\/en\/wp-json\/wp\/v2\/product"}],"about":[{"href":"https:\/\/sezona.lv\/en\/wp-json\/wp\/v2\/types\/product"}],"wp:attachment":[{"href":"https:\/\/sezona.lv\/en\/wp-json\/wp\/v2\/media?parent=78257"}],"wp:term":[{"taxonomy":"product_brand","embeddable":true,"href":"https:\/\/sezona.lv\/en\/wp-json\/wp\/v2\/product_brand?post=78257"},{"taxonomy":"product_cat","embeddable":true,"href":"https:\/\/sezona.lv\/en\/wp-json\/wp\/v2\/product_cat?post=78257"},{"taxonomy":"product_tag","embeddable":true,"href":"https:\/\/sezona.lv\/en\/wp-json\/wp\/v2\/product_tag?post=78257"}],"curies":[{"name":"wp","href":"https:\/\/api.w.org\/{rel}","templated":true}]}}