{"id":78259,"date":"2025-07-14T15:21:13","date_gmt":"2025-07-14T12:21:13","guid":{"rendered":"https:\/\/demo8.ecube.lv\/sezona.lv\/products\/peldosa-glabsanas-virve-8mm-linis-cena-noradita-par-1m\/"},"modified":"2025-07-14T15:21:13","modified_gmt":"2025-07-14T12:21:13","slug":"peldosa-glabsanas-virve-8mm-linis-cena-noradita-par-1m","status":"publish","type":"product","link":"https:\/\/sezona.lv\/en\/products\/peldosa-glabsanas-virve-8mm-linis-cena-noradita-par-1m\/","title":{"rendered":"Peldo\u0161\u0101 gl\u0101b\u0161anas virve 8mm (l\u012bnis) Cena nor\u0101d\u012bta par 1m"},"content":{"rendered":"<div class=\"rte\">\n<div class=\"rte\">\n<div class=\"rte\">\n<div class=\"rte\"><span>8mm bieza&nbsp;peldo&scaron;a gl\u0101b&scaron;anas virve.<\/span><\/div>\n<\/div>\n<\/div>\n<\/div>\n","protected":false},"excerpt":{"rendered":"<p>8mm bieza&nbsp;peldo&scaron;a gl\u0101b&scaron;anas virve.<\/p>\n","protected":false},"featured_media":0,"template":"","meta":[],"product_brand":[],"product_cat":[4557,4640,4784],"product_tag":[],"class_list":{"0":"post-78259","1":"product","2":"type-product","3":"status-publish","5":"product_cat-boats-recreation","6":"product_cat-recreation","7":"product_cat-lifejackets-boats-recreation","9":"first","10":"instock","11":"shipping-taxable","12":"purchasable","13":"product-type-simple"},"_links":{"self":[{"href":"https:\/\/sezona.lv\/en\/wp-json\/wp\/v2\/product\/78259","targetHints":{"allow":["GET"]}}],"collection":[{"href":"https:\/\/sezona.lv\/en\/wp-json\/wp\/v2\/product"}],"about":[{"href":"https:\/\/sezona.lv\/en\/wp-json\/wp\/v2\/types\/product"}],"wp:attachment":[{"href":"https:\/\/sezona.lv\/en\/wp-json\/wp\/v2\/media?parent=78259"}],"wp:term":[{"taxonomy":"product_brand","embeddable":true,"href":"https:\/\/sezona.lv\/en\/wp-json\/wp\/v2\/product_brand?post=78259"},{"taxonomy":"product_cat","embeddable":true,"href":"https:\/\/sezona.lv\/en\/wp-json\/wp\/v2\/product_cat?post=78259"},{"taxonomy":"product_tag","embeddable":true,"href":"https:\/\/sezona.lv\/en\/wp-json\/wp\/v2\/product_tag?post=78259"}],"curies":[{"name":"wp","href":"https:\/\/api.w.org\/{rel}","templated":true}]}}