{"id":78260,"date":"2025-07-14T15:21:14","date_gmt":"2025-07-14T12:21:14","guid":{"rendered":"https:\/\/demo8.ecube.lv\/sezona.lv\/products\/safelite-ii-l-s-a-code\/"},"modified":"2025-07-14T15:21:14","modified_gmt":"2025-07-14T12:21:14","slug":"safelite-ii-l-s-a-code","status":"publish","type":"product","link":"https:\/\/sezona.lv\/en\/products\/safelite-ii-l-s-a-code\/","title":{"rendered":"&#8220;Safelite II&#8221; L.S.A.Code"},"content":{"rendered":"<div class=\"rte\">\n<div class=\"rte\">\n<div class=\"rte\">\n<div class=\"rte\">\n<div class=\"rte\">\n<div class=\"rte\">\n<div class=\"rte\">\n<div class=\"rte\">\n<div class=\"rte\">\n<p>LED gaisma gl\u0101b&scaron;anas vest\u0113m<\/p>\n<p>SOLAS sertific\u0113ts produkts<br \/>LED zibspuldzes tehnolo\u0123ija<br \/>Aktiviz\u0113jas \u016bden\u012b<br \/>Inspekcijas draudz\u012bgs mar\u0137\u0113jums<br \/>Funkcijas darbojas tikai \u016bden\u012b<\/p>\n<p>Aktiviz\u0113jas autom\u0101tiski saskaroties ar \u016bdeni AUTO-ON:<\/p>\n<p>MANUAL-OFF (tikai \u016bden\u012b): lietojot, nospie\u017eot ON \/ OFF pogu, Safelight II izsl\u0113gsies, lai taup\u012btu akumulatoru<\/p>\n<p>MANUAL-ON (tikai iek&scaron;\u0113jai funkcijai): nospie\u017eot pogu ON \/ OFF, Safelight II iesl\u0113gsies<\/p>\n<p>Tehnisk\u0101s specifik\u0101cijas<\/p>\n<p>Mazs izm\u0113rs un viegls, kompakts dizains<\/p>\n<p>\u012apa&scaron;i jaud\u012bga LED gaisma, kas nodro&scaron;ina maz\u0101ku pat\u0113ri\u0146u un ilg\u0101ku ekspluat\u0101cijas laiku<\/p>\n<p>\u0100tra un vienk\u0101r&scaron;a mont\u0101\u017ea ar div\u0101m kust\u012bb\u0101m<\/p>\n<p>Piestiprin\u0101ma pie&nbsp; 20-40mm biezas gl\u0101b&scaron;anas vestes siksnas, nodro&scaron;inot dro&scaron;\u012bbu un stabilit\u0101ti pret p\u0113k&scaron;\u0146\u0101m panikas kust\u012bb\u0101m<\/p>\n<p>Litija baterija ar 5 gadu kalpo&scaron;anas laiku, no nor\u0101d\u012bt\u0101 ra\u017eo&scaron;anas datuma un vair\u0101k nek\u0101 8 stundas nep\u0101rtrauktas darb\u012bbas laiks<\/p>\n<p>Izgatavota no iztur\u012bgas plastmasas <br \/>\u016adensiztur\u012bga<\/p>\n<\/div>\n<\/div>\n<\/div>\n<\/div>\n<\/div>\n<\/div>\n<\/div>\n<\/div>\n<\/div>\n","protected":false},"excerpt":{"rendered":"<p>LED gaisma gl\u0101b&scaron;anas vest\u0113m SOLAS sertific\u0113ts produktsLED zibspuldzes tehnolo\u0123ijaAktiviz\u0113jas \u016bden\u012bInspekcijas draudz\u012bgs mar\u0137\u0113jumsFunkcijas darbojas tikai \u016bden\u012b Aktiviz\u0113jas autom\u0101tiski saskaroties ar \u016bdeni AUTO-ON: MANUAL-OFF (tikai \u016bden\u012b): lietojot, nospie\u017eot ON \/ OFF pogu, Safelight II izsl\u0113gsies, lai taup\u012btu akumulatoru MANUAL-ON (tikai iek&scaron;\u0113jai funkcijai): nospie\u017eot pogu ON \/ OFF, Safelight II iesl\u0113gsies Tehnisk\u0101s specifik\u0101cijas Mazs izm\u0113rs un viegls, kompakts [&hellip;]<\/p>\n","protected":false},"featured_media":0,"template":"","meta":[],"product_brand":[],"product_cat":[4557,4640,4784],"product_tag":[],"class_list":{"0":"post-78260","1":"product","2":"type-product","3":"status-publish","5":"product_cat-boats-recreation","6":"product_cat-recreation","7":"product_cat-lifejackets-boats-recreation","9":"first","10":"instock","11":"shipping-taxable","12":"purchasable","13":"product-type-simple"},"_links":{"self":[{"href":"https:\/\/sezona.lv\/en\/wp-json\/wp\/v2\/product\/78260","targetHints":{"allow":["GET"]}}],"collection":[{"href":"https:\/\/sezona.lv\/en\/wp-json\/wp\/v2\/product"}],"about":[{"href":"https:\/\/sezona.lv\/en\/wp-json\/wp\/v2\/types\/product"}],"wp:attachment":[{"href":"https:\/\/sezona.lv\/en\/wp-json\/wp\/v2\/media?parent=78260"}],"wp:term":[{"taxonomy":"product_brand","embeddable":true,"href":"https:\/\/sezona.lv\/en\/wp-json\/wp\/v2\/product_brand?post=78260"},{"taxonomy":"product_cat","embeddable":true,"href":"https:\/\/sezona.lv\/en\/wp-json\/wp\/v2\/product_cat?post=78260"},{"taxonomy":"product_tag","embeddable":true,"href":"https:\/\/sezona.lv\/en\/wp-json\/wp\/v2\/product_tag?post=78260"}],"curies":[{"name":"wp","href":"https:\/\/api.w.org\/{rel}","templated":true}]}}