{"id":78261,"date":"2025-07-11T16:33:33","date_gmt":"2025-07-11T13:33:33","guid":{"rendered":"https:\/\/demo8.ecube.lv\/sezona.lv\/products\/glabsanas-rinku-gaisma-l90\/"},"modified":"2025-07-14T15:21:14","modified_gmt":"2025-07-14T12:21:14","slug":"glabsanas-rinku-gaisma-l90","status":"publish","type":"product","link":"https:\/\/sezona.lv\/en\/products\/glabsanas-rinku-gaisma-l90\/","title":{"rendered":"Gl\u0101b\u0161anas ri\u0146\u0137u gaisma L90"},"content":{"rendered":"<div class=\"rte\">\n<div class=\"rte\">\n<div class=\"rte\">\n<div class=\"rte\">\n<div class=\"rte\">\n<div class=\"rte\">\n<div class=\"rte\">\n<div class=\"rte\">\n<div class=\"rte\">\n<div class=\"rte\">\n<p>&#8211; CE apstiprin\u0101ta saska\u0146\u0101 ar SOLAS ( atbilst L.S.A.kodeksa pras\u012bb\u0101m)<\/p>\n<p>&#8211; Gaismas intensit\u0101te&nbsp;ne maz\u0101ka k\u0101 2cd visos virzienos aug&scaron;\u0113j\u0101 puslok\u0101<\/p>\n<p>&#8211; Deg&scaron;anas ilgums vismaz 2h<\/p>\n<p>&#8211; Gaismas kr\u0101sa &#8211; Balta<\/p>\n<p>&#8211; Gaism\u0101 tiek izmantota alkaline (s\u0101rmu) baterija, izm\u0113rs &#8211; D<\/p>\n<p>Komplekt\u0101 spuldz\u012bte<\/p>\n<\/div>\n<\/div>\n<\/div>\n<\/div>\n<\/div>\n<\/div>\n<\/div>\n<\/div>\n<\/div>\n<\/div>\n","protected":false},"excerpt":{"rendered":"<p>&#8211; CE apstiprin\u0101ta saska\u0146\u0101 ar SOLAS ( atbilst L.S.A.kodeksa pras\u012bb\u0101m) &#8211; Gaismas intensit\u0101te&nbsp;ne maz\u0101ka k\u0101 2cd visos virzienos aug&scaron;\u0113j\u0101 puslok\u0101 &#8211; Deg&scaron;anas ilgums vismaz 2h &#8211; Gaismas kr\u0101sa &#8211; Balta &#8211; Gaism\u0101 tiek izmantota alkaline (s\u0101rmu) baterija, izm\u0113rs &#8211; D Komplekt\u0101 spuldz\u012bte<\/p>\n","protected":false},"featured_media":69636,"template":"","meta":[],"product_brand":[],"product_cat":[4557,4784],"product_tag":[],"class_list":{"0":"post-78261","1":"product","2":"type-product","3":"status-publish","4":"has-post-thumbnail","6":"product_cat-boats-recreation","7":"product_cat-lifejackets-boats-recreation","9":"first","10":"instock","11":"shipping-taxable","12":"purchasable","13":"product-type-simple"},"_links":{"self":[{"href":"https:\/\/sezona.lv\/en\/wp-json\/wp\/v2\/product\/78261","targetHints":{"allow":["GET"]}}],"collection":[{"href":"https:\/\/sezona.lv\/en\/wp-json\/wp\/v2\/product"}],"about":[{"href":"https:\/\/sezona.lv\/en\/wp-json\/wp\/v2\/types\/product"}],"wp:featuredmedia":[{"embeddable":true,"href":"https:\/\/sezona.lv\/en\/wp-json\/wp\/v2\/media\/69636"}],"wp:attachment":[{"href":"https:\/\/sezona.lv\/en\/wp-json\/wp\/v2\/media?parent=78261"}],"wp:term":[{"taxonomy":"product_brand","embeddable":true,"href":"https:\/\/sezona.lv\/en\/wp-json\/wp\/v2\/product_brand?post=78261"},{"taxonomy":"product_cat","embeddable":true,"href":"https:\/\/sezona.lv\/en\/wp-json\/wp\/v2\/product_cat?post=78261"},{"taxonomy":"product_tag","embeddable":true,"href":"https:\/\/sezona.lv\/en\/wp-json\/wp\/v2\/product_tag?post=78261"}],"curies":[{"name":"wp","href":"https:\/\/api.w.org\/{rel}","templated":true}]}}