{"id":78262,"date":"2025-07-11T16:33:35","date_gmt":"2025-07-11T13:33:35","guid":{"rendered":"https:\/\/demo8.ecube.lv\/sezona.lv\/products\/comet-dumu-signalsvece\/"},"modified":"2025-07-14T15:21:15","modified_gmt":"2025-07-14T12:21:15","slug":"comet-dumu-signalsvece","status":"publish","type":"product","link":"https:\/\/sezona.lv\/en\/products\/comet-dumu-signalsvece\/","title":{"rendered":"&#8220;Comet&#8221; D\u016bmu sign\u0101lsvece"},"content":{"rendered":"<div class=\"rte\">\n<div class=\"rte\">\n<div class=\"rte\">\n<div class=\"rte\">\n<div class=\"rte\">\n<div class=\"rte\">\n<div class=\"rte\">\n<div class=\"rte\">\n<div class=\"rte\">\n<div class=\"rte\">\n<div class=\"rte\">\n<div class=\"rte\">\n<div class=\"rte\">\n<div class=\"rte\">\n<div class=\"rte\">\n<div class=\"rte\">\n<p><span>&rdquo;COMET&rdquo; D\u016aMU SIGN\u0100LSVECE<\/span><\/p>\n<p><span>&rdquo;COMET&rdquo; D\u016bmu  sign\u0101lsvece ir kompakta un izveidota t\u0101, lai ar to b\u016btu dro&scaron;i un \u0113rti  r\u012bkoties. T\u0101 nodro&scaron;ina efekt\u012bvu rezult\u0101tu gl\u0101b&scaron;anas oper\u0101ciju laik\u0101 un  var tikt izmantojama v\u0113ja virziena noteik&scaron;anai, izveidojot bl\u012bvi oran\u017eus  d\u016bmus ne maz\u0101k k\u0101 3 min\u016b&scaron;u laik\u0101.<\/span><\/p>\n<p><span>PIELIETOJUMS<\/span><\/p>\n<ul>\n<li><span>Iez\u012bm\u0113 vietu gl\u0101b&scaron;anas oper\u0101cijas laik\u0101<\/span><\/li>\n<li><span>Iez\u012bm\u0113 v\u0113ja virzienu<\/span><\/li>\n<li><span>Dro&scaron;a lieto&scaron;ana uz \u016bdens, kas pies\u0101r\u0146ots ar e\u013c\u013cu vai naftu<\/span><\/li>\n<li><span>Atbilst SOLAS 74\/88 groz\u012bjumu pras\u012bb\u0101m<\/span><\/li>\n<li><span>Ide\u0101la ar\u012b atp\u016btas ku\u0123iem<\/span><\/li>\n<\/ul>\n<p><span>GLAB\u0100&Scaron;ANA<\/span><\/p>\n<p><span>&Scaron;o  kompakto ier\u012bci ieteicams glab\u0101t saus\u0101s viet\u0101s istabas temperat\u016br\u0101.  D\u016bmu sign\u0101lsveces ieteicams glab\u0101t viet\u0101s, kur \u0101tri un \u0113rti var piek\u013c\u016bt  av\u0101rijas situ\u0101cij\u0101s.<\/span><\/p>\n<p><span>LIETO&Scaron;ANAS PAM\u0100C\u012aBA<\/span><\/p>\n<ul>\n<li><span>&nbsp;No\u0146emiet plastmasas v\u0101ci\u0146u un turiet d\u016bmu sign\u0101lsveci t\u0101l\u0101k no \u0137erme\u0146a<\/span><\/li>\n<li><span>&nbsp;Piln\u012bb\u0101 izvelciet aizsarggredzenu \u0101r\u0101 no tvertnes. UZMANIET ROKAS NO SASKARES AR D\u016aMIEM!<\/span><\/li>\n<li><span>&nbsp;Nekav\u0113joties p\u0101rmetiet p\u0101ri bortam d\u016bmu sign\u0101lsveci. D\u016bmi par\u0101d\u012bsies p\u0113c 2 sek. aiztures<\/span><\/li>\n<li>\n<p><span>DRO&Scaron;\u012aBAS PAS\u0100KUMI<\/span><\/p>\n<\/li>\n<li><span>&nbsp;Ier\u012bce veido bl\u012bvi oran\u017eus d\u016bmus- NEIEELPOJIET TOS!<\/span><\/li>\n<li><span>&nbsp;Nelietojiet atkl\u0101tu liesmu sl\u0113gt\u0101s telp\u0101s tvertnes tuvum\u0101<\/span><\/li>\n<li><span>&nbsp;Sarg\u0101jiet no b\u0113rniem<\/span><\/li>\n<li><span>&nbsp;Tikkai \u0101rk\u0101rtas gad\u012bjumiem, lieto&scaron;anai uz \u016bdens<\/span><\/li>\n<li><span>&nbsp;Ja iepakojums ir boj\u0101ts, nelietojiet to<\/span><\/li>\n<li><span>&nbsp;Neizjauciet tvertni<\/span><\/li>\n<li><span>&nbsp;Sarg\u0101t no karstuma avotiem<\/span><\/li>\n<li><span>&nbsp;Nelietojiet p\u0113c der\u012bguma termi\u0146a beig\u0101m<\/span><\/li>\n<\/ul>\n<p><span>IZN\u012aCIN\u0100&Scaron;ANA<\/span><\/p>\n<p><span>Pirotehnika tiek uzskat\u012bta par b\u012bstamiem priek&scaron;metiem un ir j\u0101izn\u012bcina atbild\u012bgi saska\u0146\u0101 ar viet\u0113jiem noteikumiem.<\/span><\/p>\n<p><span>SPECIFIK\u0100CIJA<\/span><\/p>\n<ul>\n<li><span>Augstums 100mm<\/span><\/li>\n<li><span>Diametrs 84mm<\/span><\/li>\n<li><span>Svars 340g<\/span><\/li>\n<li><span>NEC 200g<\/span><\/li>\n<li><span>Deg&scaron;anas laiks min 3 min\u016btes<\/span><\/li>\n<li><span>D\u016bmu kr\u0101sa- oran\u017ea<\/span><\/li>\n<li><span>Iedarbin\u0101&scaron;ana: izvelko&scaron;ais gredzens ar 2 sek dro&scaron;\u012bbas kav\u0113&scaron;anos<\/span><\/li>\n<\/ul>\n<\/div>\n<\/div>\n<\/div>\n<\/div>\n<\/div>\n<\/div>\n<\/div>\n<\/div>\n<\/div>\n<\/div>\n<\/div>\n<\/div>\n<\/div>\n<\/div>\n<\/div>\n<\/div>\n","protected":false},"excerpt":{"rendered":"<p>&rdquo;COMET&rdquo; D\u016aMU SIGN\u0100LSVECE &rdquo;COMET&rdquo; D\u016bmu sign\u0101lsvece ir kompakta un izveidota t\u0101, lai ar to b\u016btu dro&scaron;i un \u0113rti r\u012bkoties. T\u0101 nodro&scaron;ina efekt\u012bvu rezult\u0101tu gl\u0101b&scaron;anas oper\u0101ciju laik\u0101 un var tikt izmantojama v\u0113ja virziena noteik&scaron;anai, izveidojot bl\u012bvi oran\u017eus d\u016bmus ne maz\u0101k k\u0101 3 min\u016b&scaron;u laik\u0101. PIELIETOJUMS Iez\u012bm\u0113 vietu gl\u0101b&scaron;anas oper\u0101cijas laik\u0101 Iez\u012bm\u0113 v\u0113ja virzienu Dro&scaron;a lieto&scaron;ana uz [&hellip;]<\/p>\n","protected":false},"featured_media":69639,"template":"","meta":[],"product_brand":[],"product_cat":[4557,4784],"product_tag":[],"class_list":{"0":"post-78262","1":"product","2":"type-product","3":"status-publish","4":"has-post-thumbnail","6":"product_cat-boats-recreation","7":"product_cat-lifejackets-boats-recreation","9":"first","10":"instock","11":"shipping-taxable","12":"purchasable","13":"product-type-simple"},"_links":{"self":[{"href":"https:\/\/sezona.lv\/en\/wp-json\/wp\/v2\/product\/78262","targetHints":{"allow":["GET"]}}],"collection":[{"href":"https:\/\/sezona.lv\/en\/wp-json\/wp\/v2\/product"}],"about":[{"href":"https:\/\/sezona.lv\/en\/wp-json\/wp\/v2\/types\/product"}],"wp:featuredmedia":[{"embeddable":true,"href":"https:\/\/sezona.lv\/en\/wp-json\/wp\/v2\/media\/69639"}],"wp:attachment":[{"href":"https:\/\/sezona.lv\/en\/wp-json\/wp\/v2\/media?parent=78262"}],"wp:term":[{"taxonomy":"product_brand","embeddable":true,"href":"https:\/\/sezona.lv\/en\/wp-json\/wp\/v2\/product_brand?post=78262"},{"taxonomy":"product_cat","embeddable":true,"href":"https:\/\/sezona.lv\/en\/wp-json\/wp\/v2\/product_cat?post=78262"},{"taxonomy":"product_tag","embeddable":true,"href":"https:\/\/sezona.lv\/en\/wp-json\/wp\/v2\/product_tag?post=78262"}],"curies":[{"name":"wp","href":"https:\/\/api.w.org\/{rel}","templated":true}]}}