{"id":78270,"date":"2025-07-14T15:21:25","date_gmt":"2025-07-14T12:21:25","guid":{"rendered":"https:\/\/demo8.ecube.lv\/sezona.lv\/products\/speedminton-start-komplekts\/"},"modified":"2025-07-14T15:21:25","modified_gmt":"2025-07-14T12:21:25","slug":"speedminton-start-komplekts","status":"publish","type":"product","link":"https:\/\/sezona.lv\/en\/products\/speedminton-start-komplekts\/","title":{"rendered":"Speedminton\u00ae START komplekts"},"content":{"rendered":"<div id=\"tab-description\" class=\"tab-content\">\n<div>Lielisks s\u0101kuma &#8211; iepaz\u012b&scaron;an\u0101s komplekts, kas der k\u0101 izcila d\u0101v\u0101na labam draugam vai \u0123imenes loceklim.<\/div>\n<div>&nbsp;<\/div>\n<div>&nbsp;<\/div>\n<div><strong>Komplekt\u0101 ietilpst:<\/strong><\/div>\n<ul>\n<li> 2 Speedminton&reg; START alum\u012bnja raketes<\/li>\n<li> 2 Speeder&trade; (Fun un Match)<\/li>\n<li> 1 v\u0113ja gredzens<\/li>\n<\/ul>\n<\/div>\n","protected":false},"excerpt":{"rendered":"<p>Lielisks s\u0101kuma &#8211; iepaz\u012b&scaron;an\u0101s komplekts, kas der k\u0101 izcila d\u0101v\u0101na labam draugam vai \u0123imenes loceklim. &nbsp; &nbsp; Komplekt\u0101 ietilpst: 2 Speedminton&reg; START alum\u012bnja raketes 2 Speeder&trade; (Fun un Match) 1 v\u0113ja gredzens<\/p>\n","protected":false},"featured_media":0,"template":"","meta":[],"product_brand":[913],"product_cat":[4587,4602,4647,4648],"product_tag":[],"class_list":{"0":"post-78270","1":"product","2":"type-product","3":"status-publish","5":"product_brand-speedminton","6":"product_cat-sports","7":"product_cat-summer-sports-sports","8":"product_cat-speedminton-summer-sports-sports","9":"product_cat-sets-en-dupcheck-430-speedminton-summer-sports-sports","11":"first","12":"instock","13":"shipping-taxable","14":"purchasable","15":"product-type-simple"},"_links":{"self":[{"href":"https:\/\/sezona.lv\/en\/wp-json\/wp\/v2\/product\/78270","targetHints":{"allow":["GET"]}}],"collection":[{"href":"https:\/\/sezona.lv\/en\/wp-json\/wp\/v2\/product"}],"about":[{"href":"https:\/\/sezona.lv\/en\/wp-json\/wp\/v2\/types\/product"}],"wp:attachment":[{"href":"https:\/\/sezona.lv\/en\/wp-json\/wp\/v2\/media?parent=78270"}],"wp:term":[{"taxonomy":"product_brand","embeddable":true,"href":"https:\/\/sezona.lv\/en\/wp-json\/wp\/v2\/product_brand?post=78270"},{"taxonomy":"product_cat","embeddable":true,"href":"https:\/\/sezona.lv\/en\/wp-json\/wp\/v2\/product_cat?post=78270"},{"taxonomy":"product_tag","embeddable":true,"href":"https:\/\/sezona.lv\/en\/wp-json\/wp\/v2\/product_tag?post=78270"}],"curies":[{"name":"wp","href":"https:\/\/api.w.org\/{rel}","templated":true}]}}