{"id":78271,"date":"2025-07-14T15:21:26","date_gmt":"2025-07-14T12:21:26","guid":{"rendered":"https:\/\/demo8.ecube.lv\/sezona.lv\/products\/speedminton-s-jr-komplekts\/"},"modified":"2025-07-14T15:21:26","modified_gmt":"2025-07-14T12:21:26","slug":"speedminton-s-jr-komplekts","status":"publish","type":"product","link":"https:\/\/sezona.lv\/en\/products\/speedminton-s-jr-komplekts\/","title":{"rendered":"Speedminton\u00ae S-JR komplekts"},"content":{"rendered":"<div id=\"tab-description\" class=\"tab-content\">\n<div id=\"tab-description\" class=\"tab-content\">\n<div id=\"tab-description\" class=\"tab-content\">\n<div>Speedminton&reg; S-JR komplekts ir speci\u0101li rad\u012bts 6 &#8211; 12 gadus veciem b\u0113rniem<\/div>\n<div>&nbsp;<\/div>\n<div>B\u0113rnu raketes ir veidotas no alum\u012bnija un sver tikai 160 gramus, t\u0101s paredz\u0113tas tie&scaron;i jaun\u0101kajiem sp\u0113l\u0113t\u0101jiem:<\/div>\n<div>\u012ass raketes rokturis: \u013cauj b\u0113rnam viegli notur\u0113t rok\u0101 raketi.<\/div>\n<div>Izometriska raketes galva: palielina sitiena laukumu, kas nodro&scaron;ina viegl\u0101ku tr\u0101p\u012bjumu pa sp\u012bderi.<\/div>\n<div>&nbsp;<\/div>\n<div>Lieliski piem\u0113rots b\u0113rniem: Komplekt\u0101 iek\u013cautie FUN Speeder&reg; \u013cauj viegli uzs\u0101kt sp\u0113li un priec\u0101ties par to jau no pa&scaron;a s\u0101kuma.<\/div>\n<div>Ne\u013caujiet jautr\u012bbai apst\u0101ties pat p\u0113c saulrieta: \u0145emiet speci\u0101lo nakts  sp\u012bdekli un ievietojiet to NIGHT Speeder&reg; galvas da\u013c\u0101 un turpiniet  sp\u0113li.<\/div>\n<div>&nbsp;<\/div>\n<div><strong>Komplekt\u0101 ietilpst:<\/strong><\/div>\n<ul>\n<li> 2 S-JR raketes no alum\u012bnija<\/li>\n<li> 2 FUN Speeder&reg;<\/li>\n<li> 2 nakts sp\u012bdek\u013ci (paredz\u0113ti sp\u0113lei tums\u0101, sp\u012bd ~3h)<\/li>\n<li> 1 rake&scaron;u soma ar pastiprin\u0101tu pleca lentu<\/li>\n<li> 1 sp\u0113les instrukcija<\/li>\n<\/ul>\n<\/div>\n<\/div>\n<\/div>\n","protected":false},"excerpt":{"rendered":"<p>Speedminton&reg; S-JR komplekts ir speci\u0101li rad\u012bts 6 &#8211; 12 gadus veciem b\u0113rniem &nbsp; B\u0113rnu raketes ir veidotas no alum\u012bnija un sver tikai 160 gramus, t\u0101s paredz\u0113tas tie&scaron;i jaun\u0101kajiem sp\u0113l\u0113t\u0101jiem: \u012ass raketes rokturis: \u013cauj b\u0113rnam viegli notur\u0113t rok\u0101 raketi. Izometriska raketes galva: palielina sitiena laukumu, kas nodro&scaron;ina viegl\u0101ku tr\u0101p\u012bjumu pa sp\u012bderi. &nbsp; Lieliski piem\u0113rots b\u0113rniem: Komplekt\u0101 [&hellip;]<\/p>\n","protected":false},"featured_media":0,"template":"","meta":[],"product_brand":[913],"product_cat":[4587,4602,4647,4648],"product_tag":[],"class_list":{"0":"post-78271","1":"product","2":"type-product","3":"status-publish","5":"product_brand-speedminton","6":"product_cat-sports","7":"product_cat-summer-sports-sports","8":"product_cat-speedminton-summer-sports-sports","9":"product_cat-sets-en-dupcheck-430-speedminton-summer-sports-sports","11":"first","12":"instock","13":"shipping-taxable","14":"purchasable","15":"product-type-simple"},"_links":{"self":[{"href":"https:\/\/sezona.lv\/en\/wp-json\/wp\/v2\/product\/78271","targetHints":{"allow":["GET"]}}],"collection":[{"href":"https:\/\/sezona.lv\/en\/wp-json\/wp\/v2\/product"}],"about":[{"href":"https:\/\/sezona.lv\/en\/wp-json\/wp\/v2\/types\/product"}],"wp:attachment":[{"href":"https:\/\/sezona.lv\/en\/wp-json\/wp\/v2\/media?parent=78271"}],"wp:term":[{"taxonomy":"product_brand","embeddable":true,"href":"https:\/\/sezona.lv\/en\/wp-json\/wp\/v2\/product_brand?post=78271"},{"taxonomy":"product_cat","embeddable":true,"href":"https:\/\/sezona.lv\/en\/wp-json\/wp\/v2\/product_cat?post=78271"},{"taxonomy":"product_tag","embeddable":true,"href":"https:\/\/sezona.lv\/en\/wp-json\/wp\/v2\/product_tag?post=78271"}],"curies":[{"name":"wp","href":"https:\/\/api.w.org\/{rel}","templated":true}]}}