{"id":78272,"date":"2025-07-14T15:21:27","date_gmt":"2025-07-14T12:21:27","guid":{"rendered":"https:\/\/demo8.ecube.lv\/sezona.lv\/products\/speedminton-fun-lielais-komplekts\/"},"modified":"2025-07-14T15:21:27","modified_gmt":"2025-07-14T12:21:27","slug":"speedminton-fun-lielais-komplekts","status":"publish","type":"product","link":"https:\/\/sezona.lv\/en\/products\/speedminton-fun-lielais-komplekts\/","title":{"rendered":"Speedminton\u00ae FUN lielais komplekts"},"content":{"rendered":"<div id=\"tab-description\" class=\"tab-content\">\n<div id=\"tab-description\" class=\"tab-content\">\n<div id=\"tab-description\" class=\"tab-content\">\n<div><strong>FUN lielais komplekts treni\u0146u grup\u0101m maz\u0101s un ierobe\u017eot\u0101s telp\u0101s.<\/strong><\/div>\n<div>&nbsp;<\/div>\n<div>FUN raketes ir maz\u0101kas k\u0101 standarta krosmintona (iepriek&scaron; saukts par  sp\u012bdmintonu) raketes &#8211; 48cm. B\u0113rniem ar &scaron;\u0101d\u0101m raket\u0113m ir daudz viegl\u0101k  sp\u0113l\u0113t.<\/div>\n<div>&nbsp;<\/div>\n<div>Ar jauno HELI Speeder&reg; var sp\u0113l\u0113t \u012bpa&scaron;i tuv\u0101s distanc\u0113s, 6 &#8211; 8m  att\u0101lum\u0101, kas \u013cauj organiz\u0113t treni\u0146us maz\u0101k\u0101s telp\u0101s vair\u0101kiem  dal\u012bbniekiem.<\/div>\n<div>&nbsp;<\/div>\n<div>Speedminton&reg; rad\u012btais Speeder&reg; tiek ekskluz\u012bvi ra\u017eots V\u0101cij\u0101,  izmantojot otrreiz izmantojamos sint\u0113tiskos materi\u0101los no &Scaron;veices,  nodro&scaron;inot videi draudz\u012bga produkta ra\u017eo&scaron;anu.<\/div>\n<div>&nbsp;<\/div>\n<div><strong>Komplekt\u0101 ietilpst:<\/strong><\/div>\n<ul>\n<li> 10 FUN raketes (\u012bs\u0101kas k\u0101 standarta raketes)<\/li>\n<li> 10 HELI Speeder&reg;<\/li>\n<li> 2 nakts sp\u012bdek\u013ci<\/li>\n<li> 1 sporta soma<\/li>\n<li> 1 rokasgr\u0101mata trenerim<\/li>\n<\/ul>\n<\/div>\n<\/div>\n<\/div>\n","protected":false},"excerpt":{"rendered":"<p>FUN lielais komplekts treni\u0146u grup\u0101m maz\u0101s un ierobe\u017eot\u0101s telp\u0101s. &nbsp; FUN raketes ir maz\u0101kas k\u0101 standarta krosmintona (iepriek&scaron; saukts par sp\u012bdmintonu) raketes &#8211; 48cm. B\u0113rniem ar &scaron;\u0101d\u0101m raket\u0113m ir daudz viegl\u0101k sp\u0113l\u0113t. &nbsp; Ar jauno HELI Speeder&reg; var sp\u0113l\u0113t \u012bpa&scaron;i tuv\u0101s distanc\u0113s, 6 &#8211; 8m att\u0101lum\u0101, kas \u013cauj organiz\u0113t treni\u0146us maz\u0101k\u0101s telp\u0101s vair\u0101kiem dal\u012bbniekiem. &nbsp; [&hellip;]<\/p>\n","protected":false},"featured_media":0,"template":"","meta":[],"product_brand":[913],"product_cat":[4587,4602,4647,4648],"product_tag":[],"class_list":{"0":"post-78272","1":"product","2":"type-product","3":"status-publish","5":"product_brand-speedminton","6":"product_cat-sports","7":"product_cat-summer-sports-sports","8":"product_cat-speedminton-summer-sports-sports","9":"product_cat-sets-en-dupcheck-430-speedminton-summer-sports-sports","11":"first","12":"instock","13":"shipping-taxable","14":"purchasable","15":"product-type-simple"},"_links":{"self":[{"href":"https:\/\/sezona.lv\/en\/wp-json\/wp\/v2\/product\/78272","targetHints":{"allow":["GET"]}}],"collection":[{"href":"https:\/\/sezona.lv\/en\/wp-json\/wp\/v2\/product"}],"about":[{"href":"https:\/\/sezona.lv\/en\/wp-json\/wp\/v2\/types\/product"}],"wp:attachment":[{"href":"https:\/\/sezona.lv\/en\/wp-json\/wp\/v2\/media?parent=78272"}],"wp:term":[{"taxonomy":"product_brand","embeddable":true,"href":"https:\/\/sezona.lv\/en\/wp-json\/wp\/v2\/product_brand?post=78272"},{"taxonomy":"product_cat","embeddable":true,"href":"https:\/\/sezona.lv\/en\/wp-json\/wp\/v2\/product_cat?post=78272"},{"taxonomy":"product_tag","embeddable":true,"href":"https:\/\/sezona.lv\/en\/wp-json\/wp\/v2\/product_tag?post=78272"}],"curies":[{"name":"wp","href":"https:\/\/api.w.org\/{rel}","templated":true}]}}