{"id":78273,"date":"2025-07-11T16:33:49","date_gmt":"2025-07-11T13:33:49","guid":{"rendered":"https:\/\/demo8.ecube.lv\/sezona.lv\/products\/speedminton-sport-lielais-komplekts\/"},"modified":"2025-07-14T15:21:27","modified_gmt":"2025-07-14T12:21:27","slug":"speedminton-sport-lielais-komplekts","status":"publish","type":"product","link":"https:\/\/sezona.lv\/en\/products\/speedminton-sport-lielais-komplekts\/","title":{"rendered":"Speedminton\u00ae SPORT lielais komplekts"},"content":{"rendered":"<div id=\"tab-description\" class=\"tab-content\">\n<div id=\"tab-description\" class=\"tab-content\">\n<div id=\"tab-description\" class=\"tab-content\">\n<div id=\"tab-description\" class=\"tab-content\">\n<div><strong>Komplekts, kas paredz\u0113ts grupu treni\u0146iem. <\/strong>Komplekt\u0101  iek\u013cautas sarkanas un zilas kr\u0101sas raketes no alum\u012bnija, kuru  izometrisk\u0101 galvas da\u013ca nodro&scaron;in\u0101s augstu sitiena precizit\u0101ti.<\/div>\n<div>&nbsp;<\/div>\n<div>Lielisks ies\u0101c\u0113jiem: FUN Speeder&reg; \u013cauj viegli uzs\u0101kt sp\u0113li un  priec\u0101ties par to, jau no pa&scaron;a s\u0101kuma. Vai esat gatavi sp\u0113lei? Tad MATCH  Speeder&reg; ir tie&scaron;i priek&scaron; jums, tas tiek izmantots ofici\u0101l\u0101s krosmintona  (iepriek&scaron; saukts par sp\u012bdmintonu) sacens\u012bb\u0101s un tas \u013caus jums  piedal\u012bties \u0101tr\u0101s izsp\u0113l\u0113s. Ar jauno HELI Speeder&reg; var sp\u0113l\u0113t \u012bpa&scaron;i  tuv\u0101s distanc\u0113s, 6 &#8211; 8m att\u0101lum\u0101, kas \u013cauj organiz\u0113t treni\u0146us maz\u0101k\u0101s  telp\u0101s vair\u0101kiem dal\u012bbniekiem.<\/div>\n<div>&nbsp;<\/div>\n<div>Ar komplekt\u0101 iek\u013cautajiem 40 konusiem j\u016bs varat atz\u012bm\u0113t sp\u0113les laukumu  atbilsto&scaron;i j\u016bsu v\u0113lm\u0113m un iesp\u0113j\u0101m. Iztur\u012bgie un p\u0101rn\u0113s\u0101jamie konusi  \u013caus jums \u0101tri uzs\u0101kt sp\u0113li. Komplekt\u0101 iek\u013cauta Speedminton&reg; sporta soma  (75x35cm).<\/div>\n<div>&nbsp;<\/div>\n<div>Speedminton&reg; rad\u012btais Speeder&reg; tiek ekskluz\u012bvi ra\u017eots V\u0101cij\u0101,  izmantojot otrreiz izmantojamos sint\u0113tiskos materi\u0101los no &Scaron;veices,  nodro&scaron;inot videi draudz\u012bga produkta ra\u017eo&scaron;anu.<\/div>\n<div>&nbsp;<\/div>\n<div><strong>Komplekt\u0101 ietilpst:<\/strong><\/div>\n<ul>\n<li> 10 raketes no alum\u012bnija (5 sarkanas \/ 5 zilas)<\/li>\n<li> 10 Match Speeder&reg;<\/li>\n<li> 10 Fun Speeder&reg;<\/li>\n<li> 10 HELI Speeder&reg;<\/li>\n<li> 40 konusi, laukuma robe\u017eu atz\u012bm\u0113&scaron;anai<\/li>\n<li> 1 sporta soma (75x35cm), kur ietilpst viss invent\u0101rs<\/li>\n<li> 1 rokasgr\u0101mata trenerim<\/li>\n<\/ul>\n<\/div>\n<\/div>\n<\/div>\n<\/div>\n","protected":false},"excerpt":{"rendered":"<p>Komplekts, kas paredz\u0113ts grupu treni\u0146iem. Komplekt\u0101 iek\u013cautas sarkanas un zilas kr\u0101sas raketes no alum\u012bnija, kuru izometrisk\u0101 galvas da\u013ca nodro&scaron;in\u0101s augstu sitiena precizit\u0101ti. &nbsp; Lielisks ies\u0101c\u0113jiem: FUN Speeder&reg; \u013cauj viegli uzs\u0101kt sp\u0113li un priec\u0101ties par to, jau no pa&scaron;a s\u0101kuma. Vai esat gatavi sp\u0113lei? Tad MATCH Speeder&reg; ir tie&scaron;i priek&scaron; jums, tas tiek izmantots ofici\u0101l\u0101s krosmintona [&hellip;]<\/p>\n","protected":false},"featured_media":69664,"template":"","meta":[],"product_brand":[913],"product_cat":[4602,4647,4648],"product_tag":[],"class_list":{"0":"post-78273","1":"product","2":"type-product","3":"status-publish","4":"has-post-thumbnail","6":"product_brand-speedminton","7":"product_cat-summer-sports-sports","8":"product_cat-speedminton-summer-sports-sports","9":"product_cat-sets-en-dupcheck-430-speedminton-summer-sports-sports","11":"first","12":"instock","13":"shipping-taxable","14":"purchasable","15":"product-type-simple"},"_links":{"self":[{"href":"https:\/\/sezona.lv\/en\/wp-json\/wp\/v2\/product\/78273","targetHints":{"allow":["GET"]}}],"collection":[{"href":"https:\/\/sezona.lv\/en\/wp-json\/wp\/v2\/product"}],"about":[{"href":"https:\/\/sezona.lv\/en\/wp-json\/wp\/v2\/types\/product"}],"wp:featuredmedia":[{"embeddable":true,"href":"https:\/\/sezona.lv\/en\/wp-json\/wp\/v2\/media\/69664"}],"wp:attachment":[{"href":"https:\/\/sezona.lv\/en\/wp-json\/wp\/v2\/media?parent=78273"}],"wp:term":[{"taxonomy":"product_brand","embeddable":true,"href":"https:\/\/sezona.lv\/en\/wp-json\/wp\/v2\/product_brand?post=78273"},{"taxonomy":"product_cat","embeddable":true,"href":"https:\/\/sezona.lv\/en\/wp-json\/wp\/v2\/product_cat?post=78273"},{"taxonomy":"product_tag","embeddable":true,"href":"https:\/\/sezona.lv\/en\/wp-json\/wp\/v2\/product_tag?post=78273"}],"curies":[{"name":"wp","href":"https:\/\/api.w.org\/{rel}","templated":true}]}}