{"id":78274,"date":"2025-07-11T16:33:50","date_gmt":"2025-07-11T13:33:50","guid":{"rendered":"https:\/\/demo8.ecube.lv\/sezona.lv\/products\/speedminton-ms-600-control-stigas\/"},"modified":"2025-07-14T15:21:28","modified_gmt":"2025-07-14T12:21:28","slug":"speedminton-ms-600-control-stigas","status":"publish","type":"product","link":"https:\/\/sezona.lv\/en\/products\/speedminton-ms-600-control-stigas\/","title":{"rendered":"Speedminton\u00ae MS 600 Control st\u012bgas"},"content":{"rendered":"<div id=\"tab-description\" class=\"tab-content\">\n<p>Speedminton&reg; pied\u0101v\u0101 lieliskas st\u012bgas sp\u012bdmintona atkar\u012bgajiem, tiem  kas mekl\u0113 sitiena sp\u0113ku, komfortu un precizit\u0101ti. &Scaron;\u012bs st\u012bgas ir nedaudz  ciet\u0101kas par otru alternat\u012bvu &#8211; MS700 Power, rezult\u0101t\u0101 nedaudz maz\u0101ks  sp\u0113ks, bet nedaudz liel\u0101ka kontrole.<\/p>\n<p>Lieliska izv\u0113le tiem, kuri m\u012bl sp\u0113l\u0113t pa visu laukumu un tiecas p\u0113c  daudzpavedienu st\u012bgu saj\u016btas un liel\u0101kas kontroles un kalpo&scaron;anas ilguma.<\/p>\n<p><strong>Raksturlielumi:<\/strong><\/p>\n<ul>\n<li> Biezums: 16 \/ 1.30mm<\/li>\n<li> Garums: 11.0 metri<\/li>\n<li> Materi\u0101ls: daudzpavedienu sint\u0113tika<\/li>\n<li> Kr\u0101sa: caursp\u012bd\u012bga<\/li>\n<\/ul>\n<\/div>\n","protected":false},"excerpt":{"rendered":"<p>Speedminton&reg; pied\u0101v\u0101 lieliskas st\u012bgas sp\u012bdmintona atkar\u012bgajiem, tiem kas mekl\u0113 sitiena sp\u0113ku, komfortu un precizit\u0101ti. &Scaron;\u012bs st\u012bgas ir nedaudz ciet\u0101kas par otru alternat\u012bvu &#8211; MS700 Power, rezult\u0101t\u0101 nedaudz maz\u0101ks sp\u0113ks, bet nedaudz liel\u0101ka kontrole. Lieliska izv\u0113le tiem, kuri m\u012bl sp\u0113l\u0113t pa visu laukumu un tiecas p\u0113c daudzpavedienu st\u012bgu saj\u016btas un liel\u0101kas kontroles un kalpo&scaron;anas ilguma. Raksturlielumi: [&hellip;]<\/p>\n","protected":false},"featured_media":69673,"template":"","meta":[],"product_brand":[913],"product_cat":[4649],"product_tag":[],"class_list":{"0":"post-78274","1":"product","2":"type-product","3":"status-publish","4":"has-post-thumbnail","6":"product_brand-speedminton","7":"product_cat-rackets-speedminton-summer-sports-sports","9":"first","10":"instock","11":"shipping-taxable","12":"purchasable","13":"product-type-simple"},"_links":{"self":[{"href":"https:\/\/sezona.lv\/en\/wp-json\/wp\/v2\/product\/78274","targetHints":{"allow":["GET"]}}],"collection":[{"href":"https:\/\/sezona.lv\/en\/wp-json\/wp\/v2\/product"}],"about":[{"href":"https:\/\/sezona.lv\/en\/wp-json\/wp\/v2\/types\/product"}],"wp:featuredmedia":[{"embeddable":true,"href":"https:\/\/sezona.lv\/en\/wp-json\/wp\/v2\/media\/69673"}],"wp:attachment":[{"href":"https:\/\/sezona.lv\/en\/wp-json\/wp\/v2\/media?parent=78274"}],"wp:term":[{"taxonomy":"product_brand","embeddable":true,"href":"https:\/\/sezona.lv\/en\/wp-json\/wp\/v2\/product_brand?post=78274"},{"taxonomy":"product_cat","embeddable":true,"href":"https:\/\/sezona.lv\/en\/wp-json\/wp\/v2\/product_cat?post=78274"},{"taxonomy":"product_tag","embeddable":true,"href":"https:\/\/sezona.lv\/en\/wp-json\/wp\/v2\/product_tag?post=78274"}],"curies":[{"name":"wp","href":"https:\/\/api.w.org\/{rel}","templated":true}]}}