{"id":78275,"date":"2025-07-14T15:21:29","date_gmt":"2025-07-14T12:21:29","guid":{"rendered":"https:\/\/demo8.ecube.lv\/sezona.lv\/products\/odu-atbaiditajs-thermacell-mr300g\/"},"modified":"2025-07-14T15:21:29","modified_gmt":"2025-07-14T12:21:29","slug":"odu-atbaiditajs-thermacell-mr300g","status":"publish","type":"product","link":"https:\/\/sezona.lv\/en\/products\/odu-atbaiditajs-thermacell-mr300g\/","title":{"rendered":"Odu atbaid\u012bt\u0101js Thermacell MR300G"},"content":{"rendered":"<p>Odu atbaid\u012bt\u0101js Thermacell MR300G.<\/p>\n<ul class=\"list\">\n<li>Pretodu iek\u0101rta ir piem\u0113rota kempingiem, med\u012bb\u0101m, mak&scaron;\u0137er\u0113&scaron;anai un cit\u0101m \u0101rdurvju nodarb\u0113m;<\/li>\n<li>Efekt\u012bvi atvaira odus, mu&scaron;as un citus kukai\u0146us;<\/li>\n<li>Praktiski bez smar\u017eas;<\/li>\n<li>Izveido no kukai\u0146iem br\u012bvu 15 x 15 p\u0113du (4,5 x 4,5 m ; 20 m2) zonu;<\/li>\n<li>Nav atkl\u0101tu liesmu;<\/li>\n<li>Nav smar\u017e\u012bgu losjonu, izsmidzin\u0101t\u0101ju vai e\u013c\u013cu;<\/li>\n<li>Kompakts, viegli p\u0101rn\u0113s\u0101jams;<\/li>\n<li>Sver 0.3 kg;<\/li>\n<li>Str\u0101d\u0101 ar vienu but\u0101na k\u0101rtrid\u017eu (iek\u013cauts);<\/li>\n<li>Kluss iesl\u0113g&scaron;anas\/izsl\u0113g&scaron;anas sl\u0113dzis;<\/li>\n<li>Komplekt\u0101  iek\u013cauts: 1 pretodu iek\u0101rta, 1 but\u0101na k\u0101rtrid\u017es (darbojas  l\u012bdz pat 12  stund\u0101m), 3 pretodu ielikt\u0146i (katrs darbojas l\u012bdz pat 4  stund\u0101m);<\/li>\n<li>Pretodu mai\u0146as baloni p\u0101rdodas atsevi&scaron;\u0137i;<\/li>\n<li>Piestiprin\u0101ms ar saspraudi, siksnu, skavu, spr\u0101dzi, univers\u0101liem savienojumiem un citiem atsevi&scaron;\u0137i nop\u0113rkamiem piederumiem.<\/li>\n<\/ul>\n<div>Inform\u0101cija (angliski): <a href=\"https:\/\/www.thermacell.com\/how-it-works\">https:\/\/www.thermacell.com\/how-it-works<\/a><\/div>\n","protected":false},"excerpt":{"rendered":"<p>Odu atbaid\u012bt\u0101js Thermacell MR300G. Pretodu iek\u0101rta ir piem\u0113rota kempingiem, med\u012bb\u0101m, mak&scaron;\u0137er\u0113&scaron;anai un cit\u0101m \u0101rdurvju nodarb\u0113m; Efekt\u012bvi atvaira odus, mu&scaron;as un citus kukai\u0146us; Praktiski bez smar\u017eas; Izveido no kukai\u0146iem br\u012bvu 15 x 15 p\u0113du (4,5 x 4,5 m ; 20 m2) zonu; Nav atkl\u0101tu liesmu; Nav smar\u017e\u012bgu losjonu, izsmidzin\u0101t\u0101ju vai e\u013c\u013cu; Kompakts, viegli p\u0101rn\u0113s\u0101jams; Sver 0.3 [&hellip;]<\/p>\n","protected":false},"featured_media":0,"template":"","meta":[],"product_brand":[],"product_cat":[4558,4640,5008],"product_tag":[],"class_list":{"0":"post-78275","1":"product","2":"type-product","3":"status-publish","5":"product_cat-for-tourism-recreation","6":"product_cat-recreation","7":"product_cat-protective-equipment-for-tourism-recreation","9":"first","10":"instock","11":"shipping-taxable","12":"purchasable","13":"product-type-simple"},"_links":{"self":[{"href":"https:\/\/sezona.lv\/en\/wp-json\/wp\/v2\/product\/78275","targetHints":{"allow":["GET"]}}],"collection":[{"href":"https:\/\/sezona.lv\/en\/wp-json\/wp\/v2\/product"}],"about":[{"href":"https:\/\/sezona.lv\/en\/wp-json\/wp\/v2\/types\/product"}],"wp:attachment":[{"href":"https:\/\/sezona.lv\/en\/wp-json\/wp\/v2\/media?parent=78275"}],"wp:term":[{"taxonomy":"product_brand","embeddable":true,"href":"https:\/\/sezona.lv\/en\/wp-json\/wp\/v2\/product_brand?post=78275"},{"taxonomy":"product_cat","embeddable":true,"href":"https:\/\/sezona.lv\/en\/wp-json\/wp\/v2\/product_cat?post=78275"},{"taxonomy":"product_tag","embeddable":true,"href":"https:\/\/sezona.lv\/en\/wp-json\/wp\/v2\/product_tag?post=78275"}],"curies":[{"name":"wp","href":"https:\/\/api.w.org\/{rel}","templated":true}]}}