{"id":78276,"date":"2025-07-11T16:33:53","date_gmt":"2025-07-11T13:33:53","guid":{"rendered":"https:\/\/demo8.ecube.lv\/sezona.lv\/products\/thermacell-mainas-balons-pretodu-iericei\/"},"modified":"2025-07-14T15:21:30","modified_gmt":"2025-07-14T12:21:30","slug":"thermacell-mainas-balons-pretodu-iericei","status":"publish","type":"product","link":"https:\/\/sezona.lv\/en\/products\/thermacell-mainas-balons-pretodu-iericei\/","title":{"rendered":"Thermacell mai\u0146as balons pretodu ier\u012bcei"},"content":{"rendered":"<p>Thermacell Odu pretl\u012bdzek\u013ca mai\u0146as balons, kas lietojams kop\u0101 ar Thermacell Pretodu l\u012bdzekli (MR300G) vai Thermacell Pretodu l\u012bdzekli (MRPSG).<\/p>\n<ul class=\"list\">\n<li>Satur 4 g\u0101zes cilindrus un 12 ielikt\u0146us. <\/li>\n<li>Kop\u0101 nodro&scaron;ina 48 stundu aizsardz\u012bbu.<\/li>\n<li>Piem\u0113rots ThermaCELL pretodu l\u012bdzeklim. <\/li>\n<\/ul>\n<div>Inform\u0101cija (angliski): <a href=\"https:\/\/www.thermacell.com\/how-it-works\">https:\/\/www.thermacell.com\/how-it-works<\/a><\/div>\n","protected":false},"excerpt":{"rendered":"<p>Thermacell Odu pretl\u012bdzek\u013ca mai\u0146as balons, kas lietojams kop\u0101 ar Thermacell Pretodu l\u012bdzekli (MR300G) vai Thermacell Pretodu l\u012bdzekli (MRPSG). Satur 4 g\u0101zes cilindrus un 12 ielikt\u0146us. Kop\u0101 nodro&scaron;ina 48 stundu aizsardz\u012bbu. Piem\u0113rots ThermaCELL pretodu l\u012bdzeklim. Inform\u0101cija (angliski): https:\/\/www.thermacell.com\/how-it-works<\/p>\n","protected":false},"featured_media":69678,"template":"","meta":[],"product_brand":[],"product_cat":[4558,5008],"product_tag":[],"class_list":{"0":"post-78276","1":"product","2":"type-product","3":"status-publish","4":"has-post-thumbnail","6":"product_cat-for-tourism-recreation","7":"product_cat-protective-equipment-for-tourism-recreation","9":"first","10":"instock","11":"shipping-taxable","12":"purchasable","13":"product-type-simple"},"_links":{"self":[{"href":"https:\/\/sezona.lv\/en\/wp-json\/wp\/v2\/product\/78276","targetHints":{"allow":["GET"]}}],"collection":[{"href":"https:\/\/sezona.lv\/en\/wp-json\/wp\/v2\/product"}],"about":[{"href":"https:\/\/sezona.lv\/en\/wp-json\/wp\/v2\/types\/product"}],"wp:featuredmedia":[{"embeddable":true,"href":"https:\/\/sezona.lv\/en\/wp-json\/wp\/v2\/media\/69678"}],"wp:attachment":[{"href":"https:\/\/sezona.lv\/en\/wp-json\/wp\/v2\/media?parent=78276"}],"wp:term":[{"taxonomy":"product_brand","embeddable":true,"href":"https:\/\/sezona.lv\/en\/wp-json\/wp\/v2\/product_brand?post=78276"},{"taxonomy":"product_cat","embeddable":true,"href":"https:\/\/sezona.lv\/en\/wp-json\/wp\/v2\/product_cat?post=78276"},{"taxonomy":"product_tag","embeddable":true,"href":"https:\/\/sezona.lv\/en\/wp-json\/wp\/v2\/product_tag?post=78276"}],"curies":[{"name":"wp","href":"https:\/\/api.w.org\/{rel}","templated":true}]}}