{"id":78277,"date":"2025-07-14T15:21:31","date_gmt":"2025-07-14T12:21:31","guid":{"rendered":"https:\/\/demo8.ecube.lv\/sezona.lv\/products\/heli-speeder-komplekts\/"},"modified":"2025-07-14T15:21:31","modified_gmt":"2025-07-14T12:21:31","slug":"heli-speeder-komplekts","status":"publish","type":"product","link":"https:\/\/sezona.lv\/en\/products\/heli-speeder-komplekts\/","title":{"rendered":"HELI Speeder\u00ae komplekts"},"content":{"rendered":"<div><strong>Jaun\u0101k\u0101 Speedminton&reg; inov\u0101cija &#8211; HELI Speeder&reg;, kas ekskluz\u012bvi tiek ra\u017eots V\u0101cij\u0101.<\/strong><\/div>\n<div>&nbsp;<\/div>\n<div>Pateicoties t\u0101 \u012bpa&scaron;ajam dizainam, HELI sp\u012bders rot\u0113 pats ap savu asi  visa lidojuma laik\u0101, t\u0101dej\u0101di sp\u012bdera lidojums ir daudz l\u0113n\u0101ks par  parasto sp\u012bdera lidojumu, tom\u0113r tas saglab\u0101 stabilit\u0101ti ar\u012b v\u0113jainos  laikapst\u0101k\u013cos.<\/div>\n<div>&nbsp;<\/div>\n<div>Speedminton&reg; rad\u012btais Speeder&reg; tiek ekskluz\u012bvi ra\u017eots V\u0101cij\u0101,  izmantojot otrreiz izmantojamos sint\u0113tiskos materi\u0101los no &Scaron;veices,  nodro&scaron;inot videi draudz\u012bga produkta ra\u017eo&scaron;anu.<\/div>\n<div>&nbsp;<\/div>\n<div><strong>Komplekt\u0101 ietilpst:<\/strong><\/div>\n<ul>\n<li> 2 HELI Speeder&reg;<\/li>\n<\/ul>\n","protected":false},"excerpt":{"rendered":"<p>Jaun\u0101k\u0101 Speedminton&reg; inov\u0101cija &#8211; HELI Speeder&reg;, kas ekskluz\u012bvi tiek ra\u017eots V\u0101cij\u0101. &nbsp; Pateicoties t\u0101 \u012bpa&scaron;ajam dizainam, HELI sp\u012bders rot\u0113 pats ap savu asi visa lidojuma laik\u0101, t\u0101dej\u0101di sp\u012bdera lidojums ir daudz l\u0113n\u0101ks par parasto sp\u012bdera lidojumu, tom\u0113r tas saglab\u0101 stabilit\u0101ti ar\u012b v\u0113jainos laikapst\u0101k\u013cos. &nbsp; Speedminton&reg; rad\u012btais Speeder&reg; tiek ekskluz\u012bvi ra\u017eots V\u0101cij\u0101, izmantojot otrreiz izmantojamos sint\u0113tiskos [&hellip;]<\/p>\n","protected":false},"featured_media":0,"template":"","meta":[],"product_brand":[913],"product_cat":[4587,4602,4647,4650],"product_tag":[],"class_list":{"0":"post-78277","1":"product","2":"type-product","3":"status-publish","5":"product_brand-speedminton","6":"product_cat-sports","7":"product_cat-summer-sports-sports","8":"product_cat-speedminton-summer-sports-sports","9":"product_cat-speeders-speedminton-summer-sports-sports","11":"first","12":"instock","13":"shipping-taxable","14":"purchasable","15":"product-type-simple"},"_links":{"self":[{"href":"https:\/\/sezona.lv\/en\/wp-json\/wp\/v2\/product\/78277","targetHints":{"allow":["GET"]}}],"collection":[{"href":"https:\/\/sezona.lv\/en\/wp-json\/wp\/v2\/product"}],"about":[{"href":"https:\/\/sezona.lv\/en\/wp-json\/wp\/v2\/types\/product"}],"wp:attachment":[{"href":"https:\/\/sezona.lv\/en\/wp-json\/wp\/v2\/media?parent=78277"}],"wp:term":[{"taxonomy":"product_brand","embeddable":true,"href":"https:\/\/sezona.lv\/en\/wp-json\/wp\/v2\/product_brand?post=78277"},{"taxonomy":"product_cat","embeddable":true,"href":"https:\/\/sezona.lv\/en\/wp-json\/wp\/v2\/product_cat?post=78277"},{"taxonomy":"product_tag","embeddable":true,"href":"https:\/\/sezona.lv\/en\/wp-json\/wp\/v2\/product_tag?post=78277"}],"curies":[{"name":"wp","href":"https:\/\/api.w.org\/{rel}","templated":true}]}}