{"id":78280,"date":"2025-07-14T15:21:33","date_gmt":"2025-07-14T12:21:33","guid":{"rendered":"https:\/\/demo8.ecube.lv\/sezona.lv\/products\/match-speeder-mazais-komplekts\/"},"modified":"2025-07-14T15:21:33","modified_gmt":"2025-07-14T12:21:33","slug":"match-speeder-mazais-komplekts","status":"publish","type":"product","link":"https:\/\/sezona.lv\/en\/products\/match-speeder-mazais-komplekts\/","title":{"rendered":"MATCH Speeder\u00ae mazais komplekts"},"content":{"rendered":"<div><strong>Sp\u012bders, kas paredz\u0113ts sacens\u012bb\u0101m.<\/strong><\/div>\n<div>&nbsp;<\/div>\n<div>Sal\u012bdzinot ar badmintona vol\u0101ni\u0146iem sp\u012bders ir maz\u0101ks un smag\u0101ks, l\u012bdz  ar to sp\u0113l\u0113jams liel\u0101k\u0101s distanc\u0113s, k\u0101 ar\u012b \u0101r\u0101 un pat v\u0113jainos laika  apst\u0101k\u013cos.<\/div>\n<div>&nbsp;<\/div>\n<div>MATCH Speeder&reg; ir ofici\u0101lais krosmintona (iepriek&scaron; saukts par  sp\u012bdmintonu) sacens\u012bbu sp\u012bders, kas ir Starptautisk\u0101s Krosmintona  Organiz\u0101cijas (ICO) apstiprin\u0101ts un tiek izmantots vis\u0101s  starptautiskaj\u0101s sacens\u012bb\u0101s. Pateicoties t\u0101 svaram tas ir \u013coti \u0101trs un  nodro&scaron;ina aizraujo&scaron;as izsp\u0113les. Paredz\u0113ts sp\u0113lei 15 &#8211; 23 metru att\u0101lum\u0101.<\/div>\n<div>&nbsp;<\/div>\n<div>Sp\u0113l\u0113jot \u0101r\u0101, ja ir p\u0101r\u0101k v\u0113jains, izmantojiet v\u0113ja gredzenu.<\/div>\n<div>&nbsp;<\/div>\n<div>Speedminton&reg; rad\u012btais Speeder&reg; tiek ekskluz\u012bvi ra\u017eots V\u0101cij\u0101,  izmantojot otrreiz izmantojamos sint\u0113tiskos materi\u0101los no &Scaron;veices,  nodro&scaron;inot videi draudz\u012bga produkta ra\u017eo&scaron;anu.<\/div>\n<div>&nbsp;<\/div>\n<div><strong>Komplekt\u0101 ietilpst:<\/strong><\/div>\n<ul>\n<li> 3 MATCH Speeder&reg;<\/li>\n<li> 1 v\u0113ja gredzens<\/li>\n<\/ul>\n","protected":false},"excerpt":{"rendered":"<p>Sp\u012bders, kas paredz\u0113ts sacens\u012bb\u0101m. &nbsp; Sal\u012bdzinot ar badmintona vol\u0101ni\u0146iem sp\u012bders ir maz\u0101ks un smag\u0101ks, l\u012bdz ar to sp\u0113l\u0113jams liel\u0101k\u0101s distanc\u0113s, k\u0101 ar\u012b \u0101r\u0101 un pat v\u0113jainos laika apst\u0101k\u013cos. &nbsp; MATCH Speeder&reg; ir ofici\u0101lais krosmintona (iepriek&scaron; saukts par sp\u012bdmintonu) sacens\u012bbu sp\u012bders, kas ir Starptautisk\u0101s Krosmintona Organiz\u0101cijas (ICO) apstiprin\u0101ts un tiek izmantots vis\u0101s starptautiskaj\u0101s sacens\u012bb\u0101s. Pateicoties t\u0101 [&hellip;]<\/p>\n","protected":false},"featured_media":0,"template":"","meta":[],"product_brand":[913],"product_cat":[4650],"product_tag":[],"class_list":{"0":"post-78280","1":"product","2":"type-product","3":"status-publish","5":"product_brand-speedminton","6":"product_cat-speeders-speedminton-summer-sports-sports","8":"first","9":"instock","10":"shipping-taxable","11":"purchasable","12":"product-type-simple"},"_links":{"self":[{"href":"https:\/\/sezona.lv\/en\/wp-json\/wp\/v2\/product\/78280","targetHints":{"allow":["GET"]}}],"collection":[{"href":"https:\/\/sezona.lv\/en\/wp-json\/wp\/v2\/product"}],"about":[{"href":"https:\/\/sezona.lv\/en\/wp-json\/wp\/v2\/types\/product"}],"wp:attachment":[{"href":"https:\/\/sezona.lv\/en\/wp-json\/wp\/v2\/media?parent=78280"}],"wp:term":[{"taxonomy":"product_brand","embeddable":true,"href":"https:\/\/sezona.lv\/en\/wp-json\/wp\/v2\/product_brand?post=78280"},{"taxonomy":"product_cat","embeddable":true,"href":"https:\/\/sezona.lv\/en\/wp-json\/wp\/v2\/product_cat?post=78280"},{"taxonomy":"product_tag","embeddable":true,"href":"https:\/\/sezona.lv\/en\/wp-json\/wp\/v2\/product_tag?post=78280"}],"curies":[{"name":"wp","href":"https:\/\/api.w.org\/{rel}","templated":true}]}}