{"id":78281,"date":"2025-07-14T15:21:34","date_gmt":"2025-07-14T12:21:34","guid":{"rendered":"https:\/\/demo8.ecube.lv\/sezona.lv\/products\/night-speeder-mazais-komplekts\/"},"modified":"2025-07-14T15:21:34","modified_gmt":"2025-07-14T12:21:34","slug":"night-speeder-mazais-komplekts","status":"publish","type":"product","link":"https:\/\/sezona.lv\/en\/products\/night-speeder-mazais-komplekts\/","title":{"rendered":"NIGHT Speeder\u00ae mazais komplekts"},"content":{"rendered":"<div>Sp\u012bders sp\u0113lei tums\u0101!<\/div>\n<div>&nbsp;<\/div>\n<div>Sal\u012bdzinot ar badmintona vol\u0101ni\u0146iem sp\u012bders ir maz\u0101ks un smag\u0101ks, l\u012bdz  ar to sp\u0113l\u0113jams liel\u0101k\u0101s distanc\u0113s, k\u0101 ar\u012b \u0101r\u0101 un pat v\u0113jainos laika  apst\u0101k\u013cos.<\/div>\n<div>&nbsp;<\/div>\n<div>NIGHT Speeder&reg; ir izstr\u0101d\u0101ts, lai sp\u0113le var\u0113tu turpin\u0101ties ar\u012b nakt\u012b,  tums\u0101. Caursp\u012bd\u012bgaj\u0101 sp\u012bdera galvas da\u013c\u0101 ievietojiet nakts sp\u012bdekli un  tas nodro&scaron;in\u0101s sp\u012bdera redzam\u012bbu tums\u0101 pat vair\u0101kas stundas.<\/div>\n<div>&nbsp;<\/div>\n<div>Atsevi&scaron;\u0137i ir pieejams nakts sp\u012bdek\u013cu komplekts ar 8 nakts sp\u012bdek\u013ciem.<\/div>\n<div>&nbsp;<\/div>\n<div>Sp\u0113l\u0113jot \u0101r\u0101, ja ir p\u0101r\u0101k v\u0113jains, izmantojiet v\u0113ja gredzenu.<\/div>\n<div>&nbsp;<\/div>\n<div>Speedminton&reg; rad\u012btais Speeder&reg; tiek ekskluz\u012bvi ra\u017eots V\u0101cij\u0101,  izmantojot otrreiz izmantojamos sint\u0113tiskos materi\u0101los no &Scaron;veices,  nodro&scaron;inot videi draudz\u012bga produkta ra\u017eo&scaron;anu.<\/div>\n<div>&nbsp;<\/div>\n<div><strong>Komplekt\u0101 ietilpst:<\/strong><\/div>\n<ul>\n<li> 3 NIGHT Speeder&reg;<\/li>\n<li> 1 v\u0113ja gredzens<\/li>\n<\/ul>\n","protected":false},"excerpt":{"rendered":"<p>Sp\u012bders sp\u0113lei tums\u0101! &nbsp; Sal\u012bdzinot ar badmintona vol\u0101ni\u0146iem sp\u012bders ir maz\u0101ks un smag\u0101ks, l\u012bdz ar to sp\u0113l\u0113jams liel\u0101k\u0101s distanc\u0113s, k\u0101 ar\u012b \u0101r\u0101 un pat v\u0113jainos laika apst\u0101k\u013cos. &nbsp; NIGHT Speeder&reg; ir izstr\u0101d\u0101ts, lai sp\u0113le var\u0113tu turpin\u0101ties ar\u012b nakt\u012b, tums\u0101. Caursp\u012bd\u012bgaj\u0101 sp\u012bdera galvas da\u013c\u0101 ievietojiet nakts sp\u012bdekli un tas nodro&scaron;in\u0101s sp\u012bdera redzam\u012bbu tums\u0101 pat vair\u0101kas stundas. [&hellip;]<\/p>\n","protected":false},"featured_media":0,"template":"","meta":[],"product_brand":[913],"product_cat":[4587,4602,4647,4650],"product_tag":[],"class_list":{"0":"post-78281","1":"product","2":"type-product","3":"status-publish","5":"product_brand-speedminton","6":"product_cat-sports","7":"product_cat-summer-sports-sports","8":"product_cat-speedminton-summer-sports-sports","9":"product_cat-speeders-speedminton-summer-sports-sports","11":"first","12":"instock","13":"shipping-taxable","14":"purchasable","15":"product-type-simple"},"_links":{"self":[{"href":"https:\/\/sezona.lv\/en\/wp-json\/wp\/v2\/product\/78281","targetHints":{"allow":["GET"]}}],"collection":[{"href":"https:\/\/sezona.lv\/en\/wp-json\/wp\/v2\/product"}],"about":[{"href":"https:\/\/sezona.lv\/en\/wp-json\/wp\/v2\/types\/product"}],"wp:attachment":[{"href":"https:\/\/sezona.lv\/en\/wp-json\/wp\/v2\/media?parent=78281"}],"wp:term":[{"taxonomy":"product_brand","embeddable":true,"href":"https:\/\/sezona.lv\/en\/wp-json\/wp\/v2\/product_brand?post=78281"},{"taxonomy":"product_cat","embeddable":true,"href":"https:\/\/sezona.lv\/en\/wp-json\/wp\/v2\/product_cat?post=78281"},{"taxonomy":"product_tag","embeddable":true,"href":"https:\/\/sezona.lv\/en\/wp-json\/wp\/v2\/product_tag?post=78281"}],"curies":[{"name":"wp","href":"https:\/\/api.w.org\/{rel}","templated":true}]}}