{"id":78282,"date":"2025-07-14T15:21:35","date_gmt":"2025-07-14T12:21:35","guid":{"rendered":"https:\/\/demo8.ecube.lv\/sezona.lv\/products\/mix-speeder-komplekts\/"},"modified":"2025-07-14T15:21:35","modified_gmt":"2025-07-14T12:21:35","slug":"mix-speeder-komplekts","status":"publish","type":"product","link":"https:\/\/sezona.lv\/en\/products\/mix-speeder-komplekts\/","title":{"rendered":"MIX Speeder\u00ae komplekts"},"content":{"rendered":"<div id=\"tab-description\" class=\"tab-content\">\n<div><strong>MIX Speeder&trade; komplekt\u0101 ietilpst 5 sp\u012bderi, kas nodro&scaron;in\u0101s jautr\u012bbu neatkar\u012bgi no sp\u0113l\u0113t\u0101ju l\u012bme\u0146a un laika apst\u0101k\u013ciem.<\/strong><\/div>\n<div>&nbsp;<\/div>\n<div>Lielisks ies\u0101c\u0113jiem: FUN Speeder&reg; \u013cauj viegli uzs\u0101kt sp\u0113li un  priec\u0101ties par to, jau no pa&scaron;a s\u0101kuma. Vai esat gatavi sp\u0113lei? Tad MATCH  Speeder&reg; ir tie&scaron;i priek&scaron; jums, tas tiek izmantots ofici\u0101l\u0101s krosmintona  &nbsp;sacens\u012bb\u0101s un tas \u013caus jums piedal\u012bties \u0101tr\u0101s izsp\u0113l\u0113s. Paredz\u0113ts  sp\u0113l\u0113&scaron;anai \u0101r\u0101: CROSS Speeder&reg; \u013caus jums sp\u0113l\u0113t lielos att\u0101lumos, pat ja  ir v\u0113jains laiks. Ne\u013caujiet jautr\u012bbai apst\u0101ties pat p\u0113c saulrieta:  \u0145emiet speci\u0101lo nakts sp\u012bdekli un ievietojiet to NIGHT Speeder&reg; galvas  da\u013c\u0101 un turpiniet sp\u0113li.<\/div>\n<div>&nbsp;<\/div>\n<div>Jaun\u0101k\u0101 sp\u012bderu paaudze demonstr\u0113 lieliskas lidojuma \u012bpa&scaron;\u012bbas: t\u0101s  vi\u013c\u0146ot\u0101 groza da\u013c\u0101 veicina sp\u012bdera rot\u0101ciju, t\u0101dej\u0101di nodro&scaron;inot \u012bpa&scaron;i  prec\u012bzu un stabilu sp\u012bdera lidojumu.<\/div>\n<div>&nbsp;<\/div>\n<div>Speedminton&reg; rad\u012btais Speeder&reg; tiek ekskluz\u012bvi ra\u017eots V\u0101cij\u0101,  izmantojot otrreiz izmantojamos sint\u0113tiskos materi\u0101los no &Scaron;veices,  nodro&scaron;inot videi draudz\u012bga produkta ra\u017eo&scaron;anu.<\/div>\n<div>&nbsp;<\/div>\n<div><strong>Komplekt\u0101 ietilpst:<\/strong><\/div>\n<ul>\n<li> 2 Match Speeder&reg;<\/li>\n<li> 1 Fun Speeder&reg;<\/li>\n<li> 1 Night Speeder&reg;<\/li>\n<li> 1 Cross Speeder&reg;<\/li>\n<\/ul>\n<\/div>\n","protected":false},"excerpt":{"rendered":"<p>MIX Speeder&trade; komplekt\u0101 ietilpst 5 sp\u012bderi, kas nodro&scaron;in\u0101s jautr\u012bbu neatkar\u012bgi no sp\u0113l\u0113t\u0101ju l\u012bme\u0146a un laika apst\u0101k\u013ciem. &nbsp; Lielisks ies\u0101c\u0113jiem: FUN Speeder&reg; \u013cauj viegli uzs\u0101kt sp\u0113li un priec\u0101ties par to, jau no pa&scaron;a s\u0101kuma. Vai esat gatavi sp\u0113lei? Tad MATCH Speeder&reg; ir tie&scaron;i priek&scaron; jums, tas tiek izmantots ofici\u0101l\u0101s krosmintona &nbsp;sacens\u012bb\u0101s un tas \u013caus jums piedal\u012bties [&hellip;]<\/p>\n","protected":false},"featured_media":0,"template":"","meta":[],"product_brand":[913],"product_cat":[4650],"product_tag":[],"class_list":{"0":"post-78282","1":"product","2":"type-product","3":"status-publish","5":"product_brand-speedminton","6":"product_cat-speeders-speedminton-summer-sports-sports","8":"first","9":"instock","10":"shipping-taxable","11":"purchasable","12":"product-type-simple"},"_links":{"self":[{"href":"https:\/\/sezona.lv\/en\/wp-json\/wp\/v2\/product\/78282","targetHints":{"allow":["GET"]}}],"collection":[{"href":"https:\/\/sezona.lv\/en\/wp-json\/wp\/v2\/product"}],"about":[{"href":"https:\/\/sezona.lv\/en\/wp-json\/wp\/v2\/types\/product"}],"wp:attachment":[{"href":"https:\/\/sezona.lv\/en\/wp-json\/wp\/v2\/media?parent=78282"}],"wp:term":[{"taxonomy":"product_brand","embeddable":true,"href":"https:\/\/sezona.lv\/en\/wp-json\/wp\/v2\/product_brand?post=78282"},{"taxonomy":"product_cat","embeddable":true,"href":"https:\/\/sezona.lv\/en\/wp-json\/wp\/v2\/product_cat?post=78282"},{"taxonomy":"product_tag","embeddable":true,"href":"https:\/\/sezona.lv\/en\/wp-json\/wp\/v2\/product_tag?post=78282"}],"curies":[{"name":"wp","href":"https:\/\/api.w.org\/{rel}","templated":true}]}}