{"id":78283,"date":"2025-07-11T16:34:00","date_gmt":"2025-07-11T13:34:00","guid":{"rendered":"https:\/\/demo8.ecube.lv\/sezona.lv\/products\/speedminton-easy-court-junior-laukums\/"},"modified":"2025-07-14T15:21:36","modified_gmt":"2025-07-14T12:21:36","slug":"speedminton-easy-court-junior-laukums","status":"publish","type":"product","link":"https:\/\/sezona.lv\/en\/products\/speedminton-easy-court-junior-laukums\/","title":{"rendered":"Speedminton\u00ae Easy Court Junior laukums"},"content":{"rendered":"<div id=\"tab-description\" class=\"tab-content\">\n<p>Easy Court Junior laukums ir paredz\u0113ts b\u0113rniem, kas jaun\u0101ki par 12  gadiem, var izmantot ar\u012b ies\u0101c\u0113ji. Laukums paredz\u0113ts sp\u0113lei ar FUN  sp\u012bderiem. \u012apa&scaron;i piem\u0113rots skol\u0101m, jaun\u0101ko kla&scaron;u sp\u0113l\u0113t\u0101jiem!<\/p>\n<p>Easy Court Junior ir sp\u0113les laukums, kas noder&nbsp;visiem gad\u012bjumiem, kas  p\u013cavu, sporta z\u0101li, piem\u0101jas d\u0101rzu, pludmali un daudzas citas vietas,  p\u0101ris momentos p\u0101rv\u0113r&scaron;, par sacens\u012bbu laukumu.&nbsp;Laukuma  l\u012bnijas&nbsp;nostiprin\u0101mas ar dzelzs mieti\u0146iem, kas iek\u013cauti komplekt\u0101 un  sp\u0113les laukums ir gatavs. Lai sp\u0113les laukumu uzst\u0101d\u012btu pludmal\u0113,  izmantojiet smil&scaron;u enkurus.<\/p>\n<p>Junior laukuma l\u012bnijas izgatavotas no iztur\u012bga neilona materi\u0101la.  Komplekt\u0101 ietilpst divas lentas (ar izm\u0113riem 4 x 4m), kuras uzst\u0101d\u0101mas  7m att\u0101lum\u0101 viena no otras. Pateicoties 2,5cm plataj\u0101m lent\u0101m un to ko&scaron;i  sarkanajai kr\u0101sai, laukums ir \u013coti labi redzams uz zemes. Junior  laukums ir \u013coti viegls un kompakts, \u013coti \u0113rts transport\u0113&scaron;anai jebkur\u0101  som\u0101.<\/p>\n<p><strong>Komplekt\u0101 ietilpst:<\/strong><\/p>\n<ul>\n<li> 2 kvadr\u0101tveida laukumi (4 x 4 metri) no iztur\u012bga neilona materi\u0101la ar plastmasas gredzeniem st\u016bros&nbsp;<\/li>\n<li> 8 met\u0101la mieti\u0146i laukumu nostiprin\u0101&scaron;anai uz m\u012bkstas virsmas<\/li>\n<\/ul>\n<\/div>\n","protected":false},"excerpt":{"rendered":"<p>Easy Court Junior laukums ir paredz\u0113ts b\u0113rniem, kas jaun\u0101ki par 12 gadiem, var izmantot ar\u012b ies\u0101c\u0113ji. Laukums paredz\u0113ts sp\u0113lei ar FUN sp\u012bderiem. \u012apa&scaron;i piem\u0113rots skol\u0101m, jaun\u0101ko kla&scaron;u sp\u0113l\u0113t\u0101jiem! Easy Court Junior ir sp\u0113les laukums, kas noder&nbsp;visiem gad\u012bjumiem, kas p\u013cavu, sporta z\u0101li, piem\u0101jas d\u0101rzu, pludmali un daudzas citas vietas, p\u0101ris momentos p\u0101rv\u0113r&scaron;, par sacens\u012bbu laukumu.&nbsp;Laukuma l\u012bnijas&nbsp;nostiprin\u0101mas [&hellip;]<\/p>\n","protected":false},"featured_media":69683,"template":"","meta":[],"product_brand":[913],"product_cat":[4651],"product_tag":[],"class_list":{"0":"post-78283","1":"product","2":"type-product","3":"status-publish","4":"has-post-thumbnail","6":"product_brand-speedminton","7":"product_cat-accessories-speedminton-summer-sports-sports","9":"first","10":"instock","11":"shipping-taxable","12":"purchasable","13":"product-type-simple"},"_links":{"self":[{"href":"https:\/\/sezona.lv\/en\/wp-json\/wp\/v2\/product\/78283","targetHints":{"allow":["GET"]}}],"collection":[{"href":"https:\/\/sezona.lv\/en\/wp-json\/wp\/v2\/product"}],"about":[{"href":"https:\/\/sezona.lv\/en\/wp-json\/wp\/v2\/types\/product"}],"wp:featuredmedia":[{"embeddable":true,"href":"https:\/\/sezona.lv\/en\/wp-json\/wp\/v2\/media\/69683"}],"wp:attachment":[{"href":"https:\/\/sezona.lv\/en\/wp-json\/wp\/v2\/media?parent=78283"}],"wp:term":[{"taxonomy":"product_brand","embeddable":true,"href":"https:\/\/sezona.lv\/en\/wp-json\/wp\/v2\/product_brand?post=78283"},{"taxonomy":"product_cat","embeddable":true,"href":"https:\/\/sezona.lv\/en\/wp-json\/wp\/v2\/product_cat?post=78283"},{"taxonomy":"product_tag","embeddable":true,"href":"https:\/\/sezona.lv\/en\/wp-json\/wp\/v2\/product_tag?post=78283"}],"curies":[{"name":"wp","href":"https:\/\/api.w.org\/{rel}","templated":true}]}}