{"id":78284,"date":"2025-07-11T16:34:02","date_gmt":"2025-07-11T13:34:02","guid":{"rendered":"https:\/\/demo8.ecube.lv\/sezona.lv\/products\/speedminton-konusi\/"},"modified":"2025-07-14T15:21:37","modified_gmt":"2025-07-14T12:21:37","slug":"speedminton-konusi","status":"publish","type":"product","link":"https:\/\/sezona.lv\/en\/products\/speedminton-konusi\/","title":{"rendered":"Speedminton\u00ae Konusi"},"content":{"rendered":"<div id=\"tab-description\" class=\"tab-content\">\n<p>Speedminton&reg; Konusi &#8211; izcila izv\u0113le pirmai sacens\u012bbu pieredzei.<\/p>\n<p>Konusi sast\u0101v no 100% elast\u012bgas plastmasas, tie ir iztur\u012bgi un viegli  p\u0101rn\u0113s\u0101jami, jo neaiz\u0146ems daudz vietas j\u016bsu som\u0101. Izmantojami \u013coti \u0101trai  sp\u012bdmintona laukuma robe\u017eu iez\u012bm\u0113&scaron;anai, novieto konusus uz sp\u012bdmintona  laukuma robe\u017eu st\u016briem vajadz\u012bgaj\u0101 att\u0101lum\u0101 un sp\u0113le var s\u0101kties.<\/p>\n<p>Specifik\u0101cija:<\/p>\n<ul>\n<li> 8&nbsp;Speedminton&reg; Konusi no 100% plastmasas<\/li>\n<li> Svars: 11 grami<\/li>\n<li> Diametrs: 3cm &#8211; aug&scaron;\u0113jais, 9cm &#8211; apak&scaron;\u0113jais<\/li>\n<\/ul>\n<\/div>\n","protected":false},"excerpt":{"rendered":"<p>Speedminton&reg; Konusi &#8211; izcila izv\u0113le pirmai sacens\u012bbu pieredzei. Konusi sast\u0101v no 100% elast\u012bgas plastmasas, tie ir iztur\u012bgi un viegli p\u0101rn\u0113s\u0101jami, jo neaiz\u0146ems daudz vietas j\u016bsu som\u0101. Izmantojami \u013coti \u0101trai sp\u012bdmintona laukuma robe\u017eu iez\u012bm\u0113&scaron;anai, novieto konusus uz sp\u012bdmintona laukuma robe\u017eu st\u016briem vajadz\u012bgaj\u0101 att\u0101lum\u0101 un sp\u0113le var s\u0101kties. Specifik\u0101cija: 8&nbsp;Speedminton&reg; Konusi no 100% plastmasas Svars: 11 grami [&hellip;]<\/p>\n","protected":false},"featured_media":69686,"template":"","meta":[],"product_brand":[913],"product_cat":[4651],"product_tag":[],"class_list":{"0":"post-78284","1":"product","2":"type-product","3":"status-publish","4":"has-post-thumbnail","6":"product_brand-speedminton","7":"product_cat-accessories-speedminton-summer-sports-sports","9":"first","10":"instock","11":"shipping-taxable","12":"purchasable","13":"product-type-simple"},"_links":{"self":[{"href":"https:\/\/sezona.lv\/en\/wp-json\/wp\/v2\/product\/78284","targetHints":{"allow":["GET"]}}],"collection":[{"href":"https:\/\/sezona.lv\/en\/wp-json\/wp\/v2\/product"}],"about":[{"href":"https:\/\/sezona.lv\/en\/wp-json\/wp\/v2\/types\/product"}],"wp:featuredmedia":[{"embeddable":true,"href":"https:\/\/sezona.lv\/en\/wp-json\/wp\/v2\/media\/69686"}],"wp:attachment":[{"href":"https:\/\/sezona.lv\/en\/wp-json\/wp\/v2\/media?parent=78284"}],"wp:term":[{"taxonomy":"product_brand","embeddable":true,"href":"https:\/\/sezona.lv\/en\/wp-json\/wp\/v2\/product_brand?post=78284"},{"taxonomy":"product_cat","embeddable":true,"href":"https:\/\/sezona.lv\/en\/wp-json\/wp\/v2\/product_cat?post=78284"},{"taxonomy":"product_tag","embeddable":true,"href":"https:\/\/sezona.lv\/en\/wp-json\/wp\/v2\/product_tag?post=78284"}],"curies":[{"name":"wp","href":"https:\/\/api.w.org\/{rel}","templated":true}]}}