{"id":78285,"date":"2025-07-11T16:34:04","date_gmt":"2025-07-11T13:34:04","guid":{"rendered":"https:\/\/demo8.ecube.lv\/sezona.lv\/products\/stiga-galda-tablo\/"},"modified":"2025-07-14T15:21:38","modified_gmt":"2025-07-14T12:21:38","slug":"stiga-galda-tablo","status":"publish","type":"product","link":"https:\/\/sezona.lv\/en\/products\/stiga-galda-tablo\/","title":{"rendered":"Stiga Galda tablo"},"content":{"rendered":"<div id=\"tab-description\" class=\"tab-content\">\n<p>Praktisks galda tablo no iztur\u012bga materi\u0101la. Lieliski piem\u0113rots  sp\u012bdmintona sacens\u012bbu organiz\u0113&scaron;anai un p\u0101rskat\u0101mai punktu skait\u012b&scaron;anai.  J\u016bsu sacens\u012bbu dal\u012bbnieki noteikti priec\u0101sies!<\/p>\n<p><strong>Specifik\u0101cija:<\/strong><\/p>\n<ul>\n<li> Lielie punktu r\u0101d\u012bt\u0101ji l\u012bdz 21<\/li>\n<li> Mazie punktu r\u0101d\u012bt\u0101ji l\u012bdz 5<\/li>\n<\/ul>\n<\/div>\n","protected":false},"excerpt":{"rendered":"<p>Praktisks galda tablo no iztur\u012bga materi\u0101la. Lieliski piem\u0113rots sp\u012bdmintona sacens\u012bbu organiz\u0113&scaron;anai un p\u0101rskat\u0101mai punktu skait\u012b&scaron;anai. J\u016bsu sacens\u012bbu dal\u012bbnieki noteikti priec\u0101sies! Specifik\u0101cija: Lielie punktu r\u0101d\u012bt\u0101ji l\u012bdz 21 Mazie punktu r\u0101d\u012bt\u0101ji l\u012bdz 5<\/p>\n","protected":false},"featured_media":69689,"template":"","meta":[],"product_brand":[898],"product_cat":[4651],"product_tag":[],"class_list":{"0":"post-78285","1":"product","2":"type-product","3":"status-publish","4":"has-post-thumbnail","6":"product_brand-stiga","7":"product_cat-accessories-speedminton-summer-sports-sports","9":"first","10":"instock","11":"shipping-taxable","12":"purchasable","13":"product-type-simple"},"_links":{"self":[{"href":"https:\/\/sezona.lv\/en\/wp-json\/wp\/v2\/product\/78285","targetHints":{"allow":["GET"]}}],"collection":[{"href":"https:\/\/sezona.lv\/en\/wp-json\/wp\/v2\/product"}],"about":[{"href":"https:\/\/sezona.lv\/en\/wp-json\/wp\/v2\/types\/product"}],"wp:featuredmedia":[{"embeddable":true,"href":"https:\/\/sezona.lv\/en\/wp-json\/wp\/v2\/media\/69689"}],"wp:attachment":[{"href":"https:\/\/sezona.lv\/en\/wp-json\/wp\/v2\/media?parent=78285"}],"wp:term":[{"taxonomy":"product_brand","embeddable":true,"href":"https:\/\/sezona.lv\/en\/wp-json\/wp\/v2\/product_brand?post=78285"},{"taxonomy":"product_cat","embeddable":true,"href":"https:\/\/sezona.lv\/en\/wp-json\/wp\/v2\/product_cat?post=78285"},{"taxonomy":"product_tag","embeddable":true,"href":"https:\/\/sezona.lv\/en\/wp-json\/wp\/v2\/product_tag?post=78285"}],"curies":[{"name":"wp","href":"https:\/\/api.w.org\/{rel}","templated":true}]}}