{"id":78286,"date":"2025-07-11T16:34:05","date_gmt":"2025-07-11T13:34:05","guid":{"rendered":"https:\/\/demo8.ecube.lv\/sezona.lv\/products\/ogosport-bumbu-komplekts\/"},"modified":"2025-07-14T15:21:39","modified_gmt":"2025-07-14T12:21:39","slug":"ogosport-bumbu-komplekts","status":"publish","type":"product","link":"https:\/\/sezona.lv\/en\/products\/ogosport-bumbu-komplekts\/","title":{"rendered":"OgoSport\u00ae bumbu komplekts"},"content":{"rendered":"<div id=\"tab-description\" class=\"tab-content\">\n<p>Komplekt\u0101 ietilpst:<\/p>\n<ul>\n<li> 2 bumbas (6,5cm diametr\u0101), kuras nokr\u012btot zem\u0113 neripo<\/li>\n<\/ul>\n<\/div>\n","protected":false},"excerpt":{"rendered":"<p>Komplekt\u0101 ietilpst: 2 bumbas (6,5cm diametr\u0101), kuras nokr\u012btot zem\u0113 neripo<\/p>\n","protected":false},"featured_media":69692,"template":"","meta":[],"product_brand":[913],"product_cat":[4602,5005],"product_tag":[],"class_list":{"0":"post-78286","1":"product","2":"type-product","3":"status-publish","4":"has-post-thumbnail","6":"product_brand-speedminton","7":"product_cat-summer-sports-sports","8":"product_cat-ogosport-2-summer-sports-sports","10":"first","11":"instock","12":"shipping-taxable","13":"purchasable","14":"product-type-simple"},"_links":{"self":[{"href":"https:\/\/sezona.lv\/en\/wp-json\/wp\/v2\/product\/78286","targetHints":{"allow":["GET"]}}],"collection":[{"href":"https:\/\/sezona.lv\/en\/wp-json\/wp\/v2\/product"}],"about":[{"href":"https:\/\/sezona.lv\/en\/wp-json\/wp\/v2\/types\/product"}],"wp:featuredmedia":[{"embeddable":true,"href":"https:\/\/sezona.lv\/en\/wp-json\/wp\/v2\/media\/69692"}],"wp:attachment":[{"href":"https:\/\/sezona.lv\/en\/wp-json\/wp\/v2\/media?parent=78286"}],"wp:term":[{"taxonomy":"product_brand","embeddable":true,"href":"https:\/\/sezona.lv\/en\/wp-json\/wp\/v2\/product_brand?post=78286"},{"taxonomy":"product_cat","embeddable":true,"href":"https:\/\/sezona.lv\/en\/wp-json\/wp\/v2\/product_cat?post=78286"},{"taxonomy":"product_tag","embeddable":true,"href":"https:\/\/sezona.lv\/en\/wp-json\/wp\/v2\/product_tag?post=78286"}],"curies":[{"name":"wp","href":"https:\/\/api.w.org\/{rel}","templated":true}]}}