{"id":78289,"date":"2025-07-14T15:21:44","date_gmt":"2025-07-14T12:21:44","guid":{"rendered":"https:\/\/demo8.ecube.lv\/sezona.lv\/products\/ogosport-raq-komplekts-31cm\/"},"modified":"2025-07-14T15:21:44","modified_gmt":"2025-07-14T12:21:44","slug":"ogosport-raq-komplekts-31cm","status":"publish","type":"product","link":"https:\/\/sezona.lv\/en\/products\/ogosport-raq-komplekts-31cm\/","title":{"rendered":"OgoSport\u00ae RAQ komplekts (31cm)"},"content":{"rendered":"<div id=\"tab-description\" class=\"tab-content\">\n<div id=\"tab-description\" class=\"tab-content\">\n<div id=\"tab-description\" class=\"tab-content\">\n<div id=\"tab-description\" class=\"tab-content\">\n<p>Ejiet \u0101r\u0101 un izklaid\u0113jieties! Motiv\u0113t b\u0113rnus iet \u0101r\u0101 un sp\u0113l\u0113ties, t\u0101  bija iedvesma, lai rad\u012btu OgoSport&copy;. Ar \u012bpa&scaron;ajiem diskiem iesp\u0113jams \u0137ert  un mest bumbi\u0146u l\u012bdz pat 45m att\u0101lum\u0101, ar to var sp\u0113l\u0113ties gan  vienatn\u0113, gan grup\u0101s. Piel\u0101gojams da\u017e\u0101da veida sporta veidiem un  aktivit\u0101t\u0113m, piem\u0113ram, volejbols, teniss, sp\u012bdmintons u.t.t., k\u0101 ar\u012b  \u013cauj va\u013cu fant\u0101zijai pa&scaron;u izdom\u0101t\u0101m aktivit\u0101t\u0113m. \u013boti labs veids akt\u012bvai  izklaidei k\u0101 b\u0113rniem, t\u0101 pieaugu&scaron;ajiem.&nbsp;<strong>\u013boti labs veids k\u0101  tren\u0113t koordin\u0101ciju un reakciju, tie&scaron;i tas kas nepiecie&scaron;ams, lai p\u0113c tam  p\u0101rietu uz sp\u012bdmintona raketi vai jebkuru citu rake&scaron;u sporta veidu.<\/strong><\/p>\n<p>Rok\u0101s pa\u0146emams trampl\u012bns bumbi\u0146\u0101m: met, \u0137er, atsit!<\/p>\n<p>Ogo diski ar putu plastmasas r\u0101mi un elast\u012bgu sieti\u0146u. Sp\u0113lei tiek  izmantota \u012bpa&scaron;\u0101 Ogo bumba, kas nokr\u012btot zem\u0113, neripo, t\u0101dej\u0101di b\u0113rniem  tiek rad\u012bta dro&scaron;a sp\u0113l\u0113&scaron;an\u0101s.<\/p>\n<p>RAQ diski ir ar speci\u0101liem rokturiem, kas nodro&scaron;ina \u0113rt\u0101ku tv\u0113rienu un sp\u0113c\u012bg\u0101ku sitienu.<\/p>\n<p>Komplekt\u0101 ietilpst:<\/p>\n<ul>\n<li> 1 zils un 1 oran\u017es Ogo RAQ disks (&Oslash; 31cm)<\/li>\n<li> 1 Ogo bumba (&Oslash; 6.5cm)<\/li>\n<\/ul>\n<\/div>\n<\/div>\n<\/div>\n<\/div>\n","protected":false},"excerpt":{"rendered":"<p>Ejiet \u0101r\u0101 un izklaid\u0113jieties! Motiv\u0113t b\u0113rnus iet \u0101r\u0101 un sp\u0113l\u0113ties, t\u0101 bija iedvesma, lai rad\u012btu OgoSport&copy;. Ar \u012bpa&scaron;ajiem diskiem iesp\u0113jams \u0137ert un mest bumbi\u0146u l\u012bdz pat 45m att\u0101lum\u0101, ar to var sp\u0113l\u0113ties gan vienatn\u0113, gan grup\u0101s. Piel\u0101gojams da\u017e\u0101da veida sporta veidiem un aktivit\u0101t\u0113m, piem\u0113ram, volejbols, teniss, sp\u012bdmintons u.t.t., k\u0101 ar\u012b \u013cauj va\u013cu fant\u0101zijai pa&scaron;u izdom\u0101t\u0101m [&hellip;]<\/p>\n","protected":false},"featured_media":0,"template":"","meta":[],"product_brand":[913],"product_cat":[4587,4602,5005],"product_tag":[],"class_list":{"0":"post-78289","1":"product","2":"type-product","3":"status-publish","5":"product_brand-speedminton","6":"product_cat-sports","7":"product_cat-summer-sports-sports","8":"product_cat-ogosport-2-summer-sports-sports","10":"first","11":"instock","12":"shipping-taxable","13":"purchasable","14":"product-type-simple"},"_links":{"self":[{"href":"https:\/\/sezona.lv\/en\/wp-json\/wp\/v2\/product\/78289","targetHints":{"allow":["GET"]}}],"collection":[{"href":"https:\/\/sezona.lv\/en\/wp-json\/wp\/v2\/product"}],"about":[{"href":"https:\/\/sezona.lv\/en\/wp-json\/wp\/v2\/types\/product"}],"wp:attachment":[{"href":"https:\/\/sezona.lv\/en\/wp-json\/wp\/v2\/media?parent=78289"}],"wp:term":[{"taxonomy":"product_brand","embeddable":true,"href":"https:\/\/sezona.lv\/en\/wp-json\/wp\/v2\/product_brand?post=78289"},{"taxonomy":"product_cat","embeddable":true,"href":"https:\/\/sezona.lv\/en\/wp-json\/wp\/v2\/product_cat?post=78289"},{"taxonomy":"product_tag","embeddable":true,"href":"https:\/\/sezona.lv\/en\/wp-json\/wp\/v2\/product_tag?post=78289"}],"curies":[{"name":"wp","href":"https:\/\/api.w.org\/{rel}","templated":true}]}}