{"id":78290,"date":"2025-07-14T15:21:45","date_gmt":"2025-07-14T12:21:45","guid":{"rendered":"https:\/\/demo8.ecube.lv\/sezona.lv\/products\/spikeball-komplekts\/"},"modified":"2025-07-14T15:21:45","modified_gmt":"2025-07-14T12:21:45","slug":"spikeball-komplekts","status":"publish","type":"product","link":"https:\/\/sezona.lv\/en\/products\/spikeball-komplekts\/","title":{"rendered":"Spikeball\u00ae komplekts"},"content":{"rendered":"<div id=\"tab-description\" class=\"tab-content\">\n<p><strong>SPIKEBALL<\/strong> &#8211; Dinamiska sp\u0113le \u010detriem sp\u0113l\u0113t\u0101jiem, ko  var sp\u0113l\u0113t gan telp\u0101s, gan br\u012bv\u0101 dab\u0101. Vispiem\u0113rot\u0101k\u0101 vieta sp\u0113lei ir  smil&scaron;aina pludmale, z\u0101l\u0101js, sporta z\u0101le vai sniegs. Spikeball ir \u0101tri  apg\u016bstams un t\u016bl\u012bt\u0113ja jautr\u012bba ir garant\u0113ta.<\/p>\n<p><strong>IZKLAIDE PA 360 GR\u0100DIEM<\/strong> &#8211; Tikl\u012bdz k\u0101 bumba ir sp\u0113l\u0113,  t\u0101 sp\u0113l\u0113t\u0101jiem vairs nav fiks\u0113tu poz\u012bciju. Jebkur&scaron; sp\u0113l\u0113t\u0101js bumbu var  atsist jebkur &#8211; 360 gr\u0101du robe\u017e\u0101s ap t\u012bklu.<\/p>\n<p>&nbsp;<\/p>\n<p><strong>SP\u0112LES NOTEIKUMI:<\/strong><\/p>\n<p><strong>Laukuma sagatavo&scaron;ana<\/strong> &#8211; Savienojiet r\u0101mja da\u013cas kop\u0101  izveidojot apli, pievienojiet k\u0101jas, p\u0113c tam uz\u0101\u0137\u0113jiet t\u012bklu, to cie&scaron;i  nostiepjot. Sp\u0113les laukums ir gatavs sp\u0113lei.<\/p>\n<p><strong>Komandu sast\u0101vi<\/strong> &#8211; Divas komandas, katr\u0101 pa diviem  sp\u0113l\u0113t\u0101jiem, sp\u0113l\u0113 viena pret otru. Sp\u0113les s\u0101kum\u0101 komandas st\u0101v viena  pret otru. Sp\u0113les laik\u0101 sp\u0113l\u0113t\u0101jiem vairs nav konkr\u0113tu poz\u012bciju.<\/p>\n<p><strong>Serve<\/strong> &#8211; Serv\u0113jo&scaron;ais sp\u0113l\u0113t\u0101js sit bumbu ar atv\u0113rtu  plaukstu pa t\u012bklu, pretinieku komandas sp\u0113l\u0113t\u0101ja virzien\u0101. Ja bumba  netiek sista pretinieka sp\u0113l\u0113t\u0101ja virzien\u0101, serve ir j\u0101atk\u0101rto. N\u0101ko&scaron;o  servi izpilda komanda, kura uzvar\u0113jusi&nbsp; iepriek&scaron;\u0113jo izsp\u0113li.<\/p>\n<p><strong>Sp\u0113le<\/strong> &#8211; P\u0113c serves izpild\u012b&scaron;anas komanda, kura uz\u0146em  servi, sav\u0101 starp\u0101 var izpild\u012bt 2 sasp\u0113les sitienus. Bumba var tikt  atsista ar vienu vai otru roku (bez dubulta kontakta k\u0101 tas ir pludmales  volejbol\u0101). V\u0113l\u0101kais p\u0113c tre&scaron;\u0101 sitiena bumba ir j\u0101sp\u0113l\u0113 pret t\u012bklu un  t\u0101l\u0101k t\u0101 j\u0101uz\u0146em pretinieku komandai. Spikeball bumba var tikt atsista  ar jebkuru \u0137erme\u0146a da\u013cu, iz\u0146emot p\u0113du.<\/p>\n<p><strong>Punktu g\u016b&scaron;ana <\/strong>&#8211; Ja komanda nesp\u0113j atsist bumbu, tad  pretinieku komanda sa\u0146em punktu. P\u0113c sitiena bumbai ir j\u0101atsitas pret  t\u012bklu un j\u0101lido p\u0101ri t\u012bkla r\u0101mim. Ja bumba atkr\u012bt atpaka\u013c uz t\u012bkla, tad  pretinieku komanda sa\u0146em punktu. Ja bumba p\u0113c sitiena atsitas pret r\u0101mi,  ar\u012b tad pretinieka komanda sa\u0146em punktu. Pretinieka kav\u0113&scaron;ana vai  trauc\u0113&scaron;ana nav at\u013cauta, t\u0101d\u0101 gad\u012bjum\u0101 izsp\u0113le j\u0101atk\u0101rto. T\u012b&scaron;as  pretinieka sp\u0113l\u0113t\u0101ja kav\u0113&scaron;anas vai trauc\u0113&scaron;anas gad\u012bjum\u0101 pretinieku  komanda tiek sod\u012bta ar punktu trauc\u0113tajai komandai.<\/p>\n<p><strong>Uzvar\u0113t\u0101js<\/strong> &#8211; Komanda, kura pirm\u0101 g\u016bst 21 punktu, turkl\u0101t ar 2 punktu distanci no pretinieka.<\/p>\n<p><strong>SPIKEBALL BABY!<\/strong><\/p>\n<p>&nbsp;<\/p>\n<p><strong>Spikeball<\/strong><strong>&reg;<\/strong><strong> komplekt\u0101 ietilpst:<\/strong><\/p>\n<ul>\n<li> 5 x Spikeball k\u0101jas,&nbsp;k\u0101ju augstums ir 21cm, 10cm platas un 2,5cm biezas, svars &#8211; 165g<\/li>\n<li> 5 x Spikeball r\u0101mis ar \u0101\u0137iem, svars &#8211; 125g<\/li>\n<li> 1 x Spikeball (sp\u0113les bumba),&nbsp;bumbas diametrs ir 9,5cm, svars &#8211; 68g<\/li>\n<li> 1 x Spikeball t\u012bkls, diametrs &#8211; 90cm<\/li>\n<li> 1 x Spikeball soma,&nbsp;paredz\u0113ta komplekta glab\u0101&scaron;anai un p\u0101rvieto&scaron;anai, somas augstums &#8211; 70cm, platums &#8211; 34cm<\/li>\n<\/ul>\n<p>Spikeball uzst\u0101d\u012b&scaron;ana ir \u013coti \u0101tra. Savienojiet piecas r\u0101mja deta\u013cas ar  \u0101\u0137iem izveidojot apli, pievienojiet piecas k\u0101jas. Tad uz\u0101\u0137\u0113jiet t\u012bklu  uz \u0101\u0137iem to cie&scaron;i nostiepjot. Gatava Spikeball laukuma diametrs ir 90cm.  Beidzot sp\u0113li laukums ir \u0101tri izjaucams un saliekams som\u0101.<\/p>\n<p><em>Ikviena Spikeball komplekta sast\u0101vda\u013ca ir ieg\u0101d\u0101jama atsevi&scaron;\u0137i, ja kaut kas sapl\u012bst vai paz\u016bd, to ir viegli pas\u016bt\u012bt un nomain\u012bt!<\/em><\/p>\n<\/div>\n","protected":false},"excerpt":{"rendered":"<p>SPIKEBALL &#8211; Dinamiska sp\u0113le \u010detriem sp\u0113l\u0113t\u0101jiem, ko var sp\u0113l\u0113t gan telp\u0101s, gan br\u012bv\u0101 dab\u0101. Vispiem\u0113rot\u0101k\u0101 vieta sp\u0113lei ir smil&scaron;aina pludmale, z\u0101l\u0101js, sporta z\u0101le vai sniegs. Spikeball ir \u0101tri apg\u016bstams un t\u016bl\u012bt\u0113ja jautr\u012bba ir garant\u0113ta. IZKLAIDE PA 360 GR\u0100DIEM &#8211; Tikl\u012bdz k\u0101 bumba ir sp\u0113l\u0113, t\u0101 sp\u0113l\u0113t\u0101jiem vairs nav fiks\u0113tu poz\u012bciju. Jebkur&scaron; sp\u0113l\u0113t\u0101js bumbu var atsist [&hellip;]<\/p>\n","protected":false},"featured_media":0,"template":"","meta":[],"product_brand":[],"product_cat":[5006],"product_tag":[],"class_list":{"0":"post-78290","1":"product","2":"type-product","3":"status-publish","5":"product_cat-spikeball-2-summer-sports-sports","7":"first","8":"instock","9":"shipping-taxable","10":"purchasable","11":"product-type-simple"},"_links":{"self":[{"href":"https:\/\/sezona.lv\/en\/wp-json\/wp\/v2\/product\/78290","targetHints":{"allow":["GET"]}}],"collection":[{"href":"https:\/\/sezona.lv\/en\/wp-json\/wp\/v2\/product"}],"about":[{"href":"https:\/\/sezona.lv\/en\/wp-json\/wp\/v2\/types\/product"}],"wp:attachment":[{"href":"https:\/\/sezona.lv\/en\/wp-json\/wp\/v2\/media?parent=78290"}],"wp:term":[{"taxonomy":"product_brand","embeddable":true,"href":"https:\/\/sezona.lv\/en\/wp-json\/wp\/v2\/product_brand?post=78290"},{"taxonomy":"product_cat","embeddable":true,"href":"https:\/\/sezona.lv\/en\/wp-json\/wp\/v2\/product_cat?post=78290"},{"taxonomy":"product_tag","embeddable":true,"href":"https:\/\/sezona.lv\/en\/wp-json\/wp\/v2\/product_tag?post=78290"}],"curies":[{"name":"wp","href":"https:\/\/api.w.org\/{rel}","templated":true}]}}