{"id":78291,"date":"2025-07-14T15:21:46","date_gmt":"2025-07-14T12:21:46","guid":{"rendered":"https:\/\/demo8.ecube.lv\/sezona.lv\/products\/kanjam-speles-komplekts\/"},"modified":"2025-07-14T15:21:46","modified_gmt":"2025-07-14T12:21:46","slug":"kanjam-speles-komplekts","status":"publish","type":"product","link":"https:\/\/sezona.lv\/en\/products\/kanjam-speles-komplekts\/","title":{"rendered":"KanJam\u00ae sp\u0113les komplekts"},"content":{"rendered":"<p>Sp\u0113le, kas jau aizr\u0101vusi vairumu n\u0101ciju. T\u0101 ir vienk\u0101r&scaron;a, viegli  uzst\u0101d\u0101ma, no iztur\u012bgiem materi\u0101liem. Katr\u0101 KanJam sp\u0113les komplekt\u0101 ir  iek\u013cauti divi iztur\u012bgi, p\u0101rn\u0113s\u0101jami ofici\u0101lie sp\u0113les v\u0101rti, k\u0101 ar\u012b \u012bpa&scaron;\u0101  dizaina KanJam lidojo&scaron;ie diski.<\/p>\n","protected":false},"excerpt":{"rendered":"<p>Sp\u0113le, kas jau aizr\u0101vusi vairumu n\u0101ciju. T\u0101 ir vienk\u0101r&scaron;a, viegli uzst\u0101d\u0101ma, no iztur\u012bgiem materi\u0101liem. Katr\u0101 KanJam sp\u0113les komplekt\u0101 ir iek\u013cauti divi iztur\u012bgi, p\u0101rn\u0113s\u0101jami ofici\u0101lie sp\u0113les v\u0101rti, k\u0101 ar\u012b \u012bpa&scaron;\u0101 dizaina KanJam lidojo&scaron;ie diski.<\/p>\n","protected":false},"featured_media":0,"template":"","meta":[],"product_brand":[],"product_cat":[4587,4602,5007],"product_tag":[],"class_list":{"0":"post-78291","1":"product","2":"type-product","3":"status-publish","5":"product_cat-sports","6":"product_cat-summer-sports-sports","7":"product_cat-kanjam-2-summer-sports-sports","9":"first","10":"instock","11":"shipping-taxable","12":"purchasable","13":"product-type-simple"},"_links":{"self":[{"href":"https:\/\/sezona.lv\/en\/wp-json\/wp\/v2\/product\/78291","targetHints":{"allow":["GET"]}}],"collection":[{"href":"https:\/\/sezona.lv\/en\/wp-json\/wp\/v2\/product"}],"about":[{"href":"https:\/\/sezona.lv\/en\/wp-json\/wp\/v2\/types\/product"}],"wp:attachment":[{"href":"https:\/\/sezona.lv\/en\/wp-json\/wp\/v2\/media?parent=78291"}],"wp:term":[{"taxonomy":"product_brand","embeddable":true,"href":"https:\/\/sezona.lv\/en\/wp-json\/wp\/v2\/product_brand?post=78291"},{"taxonomy":"product_cat","embeddable":true,"href":"https:\/\/sezona.lv\/en\/wp-json\/wp\/v2\/product_cat?post=78291"},{"taxonomy":"product_tag","embeddable":true,"href":"https:\/\/sezona.lv\/en\/wp-json\/wp\/v2\/product_tag?post=78291"}],"curies":[{"name":"wp","href":"https:\/\/api.w.org\/{rel}","templated":true}]}}