{"id":78292,"date":"2025-07-11T16:34:11","date_gmt":"2025-07-11T13:34:11","guid":{"rendered":"https:\/\/demo8.ecube.lv\/sezona.lv\/products\/cepure-ctr-summit-mosquito-hat\/"},"modified":"2025-07-14T15:21:46","modified_gmt":"2025-07-14T12:21:46","slug":"cepure-ctr-summit-mosquito-hat","status":"publish","type":"product","link":"https:\/\/sezona.lv\/en\/products\/cepure-ctr-summit-mosquito-hat\/","title":{"rendered":"Cepure CTR Summit Mosquito Hat"},"content":{"rendered":"<p>Viegla un elpojo&scaron;a materi\u0101la cepure ar mosk\u012btu t\u012bklu. T\u012bkls ir  savelkams, lai maksim\u0101li nodro&scaron;in\u0101tu pilnu aizsardz\u012bbu pret mosk\u012btiem.  Izgatavota no materi\u0101la, kam piem\u012bt pret UV stariem aizsarg\u0101jo&scaron;as  \u012bpa&scaron;\u012bbas (UPF40+).<\/p>\n<p>Materi\u0101ls: 100% Poliesters<\/p>\n<p>Svars: 0.13kg<\/p>\n","protected":false},"excerpt":{"rendered":"<p>Viegla un elpojo&scaron;a materi\u0101la cepure ar mosk\u012btu t\u012bklu. T\u012bkls ir savelkams, lai maksim\u0101li nodro&scaron;in\u0101tu pilnu aizsardz\u012bbu pret mosk\u012btiem. Izgatavota no materi\u0101la, kam piem\u012bt pret UV stariem aizsarg\u0101jo&scaron;as \u012bpa&scaron;\u012bbas (UPF40+). Materi\u0101ls: 100% Poliesters Svars: 0.13kg<\/p>\n","protected":false},"featured_media":0,"template":"","meta":[],"product_brand":[],"product_cat":[4558,5008],"product_tag":[],"class_list":{"0":"post-78292","1":"product","2":"type-product","3":"status-publish","5":"product_cat-for-tourism-recreation","6":"product_cat-protective-equipment-for-tourism-recreation","8":"first","9":"instock","10":"shipping-taxable","11":"purchasable","12":"product-type-simple"},"_links":{"self":[{"href":"https:\/\/sezona.lv\/en\/wp-json\/wp\/v2\/product\/78292","targetHints":{"allow":["GET"]}}],"collection":[{"href":"https:\/\/sezona.lv\/en\/wp-json\/wp\/v2\/product"}],"about":[{"href":"https:\/\/sezona.lv\/en\/wp-json\/wp\/v2\/types\/product"}],"wp:attachment":[{"href":"https:\/\/sezona.lv\/en\/wp-json\/wp\/v2\/media?parent=78292"}],"wp:term":[{"taxonomy":"product_brand","embeddable":true,"href":"https:\/\/sezona.lv\/en\/wp-json\/wp\/v2\/product_brand?post=78292"},{"taxonomy":"product_cat","embeddable":true,"href":"https:\/\/sezona.lv\/en\/wp-json\/wp\/v2\/product_cat?post=78292"},{"taxonomy":"product_tag","embeddable":true,"href":"https:\/\/sezona.lv\/en\/wp-json\/wp\/v2\/product_tag?post=78292"}],"curies":[{"name":"wp","href":"https:\/\/api.w.org\/{rel}","templated":true}]}}