{"id":78293,"date":"2025-07-11T16:34:13","date_gmt":"2025-07-11T13:34:13","guid":{"rendered":"https:\/\/demo8.ecube.lv\/sezona.lv\/products\/cepure-travelsafe-headnet\/"},"modified":"2025-07-14T15:21:47","modified_gmt":"2025-07-14T12:21:47","slug":"cepure-travelsafe-headnet","status":"publish","type":"product","link":"https:\/\/sezona.lv\/en\/products\/cepure-travelsafe-headnet\/","title":{"rendered":"Cepure Travelsafe Headnet"},"content":{"rendered":"<div class=\"text\">TravelSafe ir izstr\u0101d\u0101jusi \u012bpa&scaron;u galvassegu\/mosk\u012btu t\u012bklu, kas aizsarg\u0101  galvu, seju un kakla da\u013cu pret kukai\u0146iem. &Scaron;is mosk\u012btu t\u012bkls ide\u0101li  noder\u0113s cilv\u0113kiem, kas ce\u013co d\u017eung\u013cos vai apvidos, kur ir daudz \u016bdens,  ta\u010du tas piem\u0113rots ar\u012b laivo&scaron;anai vai mak&scaron;\u0137er\u0113&scaron;anai.<\/div>\n","protected":false},"excerpt":{"rendered":"<p>TravelSafe ir izstr\u0101d\u0101jusi \u012bpa&scaron;u galvassegu\/mosk\u012btu t\u012bklu, kas aizsarg\u0101 galvu, seju un kakla da\u013cu pret kukai\u0146iem. &Scaron;is mosk\u012btu t\u012bkls ide\u0101li noder\u0113s cilv\u0113kiem, kas ce\u013co d\u017eung\u013cos vai apvidos, kur ir daudz \u016bdens, ta\u010du tas piem\u0113rots ar\u012b laivo&scaron;anai vai mak&scaron;\u0137er\u0113&scaron;anai.<\/p>\n","protected":false},"featured_media":0,"template":"","meta":[],"product_brand":[],"product_cat":[4558,5008],"product_tag":[],"class_list":{"0":"post-78293","1":"product","2":"type-product","3":"status-publish","5":"product_cat-for-tourism-recreation","6":"product_cat-protective-equipment-for-tourism-recreation","8":"first","9":"instock","10":"shipping-taxable","11":"purchasable","12":"product-type-simple"},"_links":{"self":[{"href":"https:\/\/sezona.lv\/en\/wp-json\/wp\/v2\/product\/78293","targetHints":{"allow":["GET"]}}],"collection":[{"href":"https:\/\/sezona.lv\/en\/wp-json\/wp\/v2\/product"}],"about":[{"href":"https:\/\/sezona.lv\/en\/wp-json\/wp\/v2\/types\/product"}],"wp:attachment":[{"href":"https:\/\/sezona.lv\/en\/wp-json\/wp\/v2\/media?parent=78293"}],"wp:term":[{"taxonomy":"product_brand","embeddable":true,"href":"https:\/\/sezona.lv\/en\/wp-json\/wp\/v2\/product_brand?post=78293"},{"taxonomy":"product_cat","embeddable":true,"href":"https:\/\/sezona.lv\/en\/wp-json\/wp\/v2\/product_cat?post=78293"},{"taxonomy":"product_tag","embeddable":true,"href":"https:\/\/sezona.lv\/en\/wp-json\/wp\/v2\/product_tag?post=78293"}],"curies":[{"name":"wp","href":"https:\/\/api.w.org\/{rel}","templated":true}]}}