{"id":78294,"date":"2025-07-14T15:21:48","date_gmt":"2025-07-14T12:21:48","guid":{"rendered":"https:\/\/demo8.ecube.lv\/sezona.lv\/products\/humminbird-eholote-piranha-max-4cx\/"},"modified":"2025-07-14T15:21:48","modified_gmt":"2025-07-14T12:21:48","slug":"humminbird-eholote-piranha-max-4cx","status":"publish","type":"product","link":"https:\/\/sezona.lv\/en\/products\/humminbird-eholote-piranha-max-4cx\/","title":{"rendered":"Humminbird eholote Piranha Max 4cx"},"content":{"rendered":"<p>Eholote Humminbird PiranhaMax 4 cx RUA 410150-1RAM (410150-1)<\/p>\n<p> Eholote ar kr\u0101saino TFT ekr\u0101nu<br \/> Ekr\u0101na izm\u0113rs: 4.3&#8243;<br \/> Iz&scaron;\u0137irtsp\u0113ja: 480H x 272V<br \/> Sken\u0113&scaron;anas len\u0137is: 28&deg; &amp; 16&deg; @ -10db<br \/> Frekvence: 200\/455 kHz<br \/> Jauda RMS: 300 W<br \/> Jauda Peak to Peak: 2400 W<br \/> Temperat\u016bras m\u0113r\u012b&scaron;ana &#8211; ir<br \/> \u0100truma m\u0113r\u012b&scaron;ana &#8211; nav<br \/> Dev\u0113js XNT-9-28-T<br \/> Volt\u0101\u017ea:10-20 VDC<br \/> Str\u0101va: 180mA<br \/> Vien\u012bbas izm\u0113rs &#8211; Gimbal ietvars :3.914&#8243;W x 7.335&#8243;H x 3.621&#8243;D<br \/> Ietvara A tips: Gimbal ietvars<br \/> Vien\u012bbas izm\u0113rs &#8211; Indash ietvars:In Dash<br \/> Ietvara B vien\u012bbas izm\u0113rs 2:3.914&#8243;W x 6.770&#8243;H x 2.600&#8243;D<br \/> Uzst\u0101d\u012b&scaron;anas opcijas: Gimbal vai opcion\u0101la In-Dash<\/p>\n","protected":false},"excerpt":{"rendered":"<p>Eholote Humminbird PiranhaMax 4 cx RUA 410150-1RAM (410150-1) Eholote ar kr\u0101saino TFT ekr\u0101nu Ekr\u0101na izm\u0113rs: 4.3&#8243; Iz&scaron;\u0137irtsp\u0113ja: 480H x 272V Sken\u0113&scaron;anas len\u0137is: 28&deg; &amp; 16&deg; @ -10db Frekvence: 200\/455 kHz Jauda RMS: 300 W Jauda Peak to Peak: 2400 W Temperat\u016bras m\u0113r\u012b&scaron;ana &#8211; ir \u0100truma m\u0113r\u012b&scaron;ana &#8211; nav Dev\u0113js XNT-9-28-T Volt\u0101\u017ea:10-20 VDC Str\u0101va: 180mA Vien\u012bbas [&hellip;]<\/p>\n","protected":false},"featured_media":0,"template":"","meta":[],"product_brand":[3401],"product_cat":[4640,4741,4782],"product_tag":[],"class_list":{"0":"post-78294","1":"product","2":"type-product","3":"status-publish","5":"product_brand-humminbird","6":"product_cat-recreation","7":"product_cat-eholots-navigation-watches-radios","8":"product_cat-navigation-watches-radios-recreation","10":"first","11":"instock","12":"shipping-taxable","13":"purchasable","14":"product-type-simple"},"_links":{"self":[{"href":"https:\/\/sezona.lv\/en\/wp-json\/wp\/v2\/product\/78294","targetHints":{"allow":["GET"]}}],"collection":[{"href":"https:\/\/sezona.lv\/en\/wp-json\/wp\/v2\/product"}],"about":[{"href":"https:\/\/sezona.lv\/en\/wp-json\/wp\/v2\/types\/product"}],"wp:attachment":[{"href":"https:\/\/sezona.lv\/en\/wp-json\/wp\/v2\/media?parent=78294"}],"wp:term":[{"taxonomy":"product_brand","embeddable":true,"href":"https:\/\/sezona.lv\/en\/wp-json\/wp\/v2\/product_brand?post=78294"},{"taxonomy":"product_cat","embeddable":true,"href":"https:\/\/sezona.lv\/en\/wp-json\/wp\/v2\/product_cat?post=78294"},{"taxonomy":"product_tag","embeddable":true,"href":"https:\/\/sezona.lv\/en\/wp-json\/wp\/v2\/product_tag?post=78294"}],"curies":[{"name":"wp","href":"https:\/\/api.w.org\/{rel}","templated":true}]}}