{"id":78295,"date":"2025-07-14T15:21:49","date_gmt":"2025-07-14T12:21:49","guid":{"rendered":"https:\/\/demo8.ecube.lv\/sezona.lv\/products\/humminbird-eholote-helix-5-sonar-g2\/"},"modified":"2025-07-14T15:21:49","modified_gmt":"2025-07-14T12:21:49","slug":"humminbird-eholote-helix-5-sonar-g2","status":"publish","type":"product","link":"https:\/\/sezona.lv\/en\/products\/humminbird-eholote-helix-5-sonar-g2\/","title":{"rendered":"Humminbird eholote HELIX 5 SONAR G2"},"content":{"rendered":"<p>Eholote Humminbird HELIX 5 SONAR G2 (410190-1)<br \/> Izm\u0113rs 5&#8221;<br \/> Tips Kr\u0101su TFT<br \/> Iz&scaron;\u0137irtsp\u0113ja 480V x 800H<br \/> Kr\u0101sas 256<br \/> Apgaismojums LED regul\u0113jams<br \/> DEV\u0112JS<br \/> Frekvence 200 \/ 83 kHz<br \/> Tips Dual Beam PLUS<br \/> Stari Divi<br \/> P\u0101rkl\u0101juma le\u0146\u0137is 20&deg; un 60&deg;<br \/> Izejas jauda Peak-to-peak 4000 W \/ RMS 500 W<br \/> Dzi\u013cuma jauda 457m<br \/> Br\u012bdin\u0101juma sign\u0101li Zivis; max\/min dzi\u013cums<br \/> Switch Fire  Iek\u013cauts<br \/> \u016adens temperat\u016bra Iek\u013cauta (dev\u0113j\u0101)<br \/> M\u0113r\u0137a iz&scaron;\u0137irtsp\u0113ja 6.35 cm<br \/> Dev\u0113ja kods XNT-9-20-T<br \/> CITI TEHNISKIE PARAMETRI<br \/> Ieb\u016bv\u0113ta atmi\u0146a N\u0113<br \/> Korpuss Herm\u0113tiski nosl\u0113gts un \u016bdensdro&scaron;s<br \/> Korpusa izm\u0113ri (mm) 19.18  x 16.27 x 8.08 cm<br \/> Nepiecie&scaron;amais spriegums 12V<br \/> Jaudas parametri 10-20 VDC (650mA)<\/p>\n","protected":false},"excerpt":{"rendered":"<p>Eholote Humminbird HELIX 5 SONAR G2 (410190-1) Izm\u0113rs 5&#8221; Tips Kr\u0101su TFT Iz&scaron;\u0137irtsp\u0113ja 480V x 800H Kr\u0101sas 256 Apgaismojums LED regul\u0113jams DEV\u0112JS Frekvence 200 \/ 83 kHz Tips Dual Beam PLUS Stari Divi P\u0101rkl\u0101juma le\u0146\u0137is 20&deg; un 60&deg; Izejas jauda Peak-to-peak 4000 W \/ RMS 500 W Dzi\u013cuma jauda 457m Br\u012bdin\u0101juma sign\u0101li Zivis; max\/min dzi\u013cums [&hellip;]<\/p>\n","protected":false},"featured_media":0,"template":"","meta":[],"product_brand":[3401],"product_cat":[4640,4741,4782],"product_tag":[],"class_list":{"0":"post-78295","1":"product","2":"type-product","3":"status-publish","5":"product_brand-humminbird","6":"product_cat-recreation","7":"product_cat-eholots-navigation-watches-radios","8":"product_cat-navigation-watches-radios-recreation","10":"first","11":"instock","12":"shipping-taxable","13":"purchasable","14":"product-type-simple"},"_links":{"self":[{"href":"https:\/\/sezona.lv\/en\/wp-json\/wp\/v2\/product\/78295","targetHints":{"allow":["GET"]}}],"collection":[{"href":"https:\/\/sezona.lv\/en\/wp-json\/wp\/v2\/product"}],"about":[{"href":"https:\/\/sezona.lv\/en\/wp-json\/wp\/v2\/types\/product"}],"wp:attachment":[{"href":"https:\/\/sezona.lv\/en\/wp-json\/wp\/v2\/media?parent=78295"}],"wp:term":[{"taxonomy":"product_brand","embeddable":true,"href":"https:\/\/sezona.lv\/en\/wp-json\/wp\/v2\/product_brand?post=78295"},{"taxonomy":"product_cat","embeddable":true,"href":"https:\/\/sezona.lv\/en\/wp-json\/wp\/v2\/product_cat?post=78295"},{"taxonomy":"product_tag","embeddable":true,"href":"https:\/\/sezona.lv\/en\/wp-json\/wp\/v2\/product_tag?post=78295"}],"curies":[{"name":"wp","href":"https:\/\/api.w.org\/{rel}","templated":true}]}}