{"id":78296,"date":"2025-07-14T15:21:50","date_gmt":"2025-07-14T12:21:50","guid":{"rendered":"https:\/\/demo8.ecube.lv\/sezona.lv\/products\/elektromotors-minn-kota-terrova-80-ip-60-bt\/"},"modified":"2025-07-14T15:21:50","modified_gmt":"2025-07-14T12:21:50","slug":"elektromotors-minn-kota-terrova-80-ip-60-bt","status":"publish","type":"product","link":"https:\/\/sezona.lv\/en\/products\/elektromotors-minn-kota-terrova-80-ip-60-bt\/","title":{"rendered":"Elektromotors Minn Kota TERROVA 80\/IP 60&#8243; BT"},"content":{"rendered":"<p>Elektromotors Minn Kota TERROVA 80\/IP 60&#8243; BT, sald\u016bdens elektromotors ar GPS 24V, 55Lb, kompoz\u012btu materi\u0101la k\u0101ja, pults.<\/p>\n","protected":false},"excerpt":{"rendered":"<p>Elektromotors Minn Kota TERROVA 80\/IP 60&#8243; BT, sald\u016bdens elektromotors ar GPS 24V, 55Lb, kompoz\u012btu materi\u0101la k\u0101ja, pults.<\/p>\n","protected":false},"featured_media":0,"template":"","meta":[],"product_brand":[3370],"product_cat":[4557,4640,4765],"product_tag":[],"class_list":{"0":"post-78296","1":"product","2":"type-product","3":"status-publish","5":"product_brand-minn-kota","6":"product_cat-boats-recreation","7":"product_cat-recreation","8":"product_cat-electric-motors-boats-recreation","10":"first","11":"instock","12":"shipping-taxable","13":"purchasable","14":"product-type-simple"},"_links":{"self":[{"href":"https:\/\/sezona.lv\/en\/wp-json\/wp\/v2\/product\/78296","targetHints":{"allow":["GET"]}}],"collection":[{"href":"https:\/\/sezona.lv\/en\/wp-json\/wp\/v2\/product"}],"about":[{"href":"https:\/\/sezona.lv\/en\/wp-json\/wp\/v2\/types\/product"}],"wp:attachment":[{"href":"https:\/\/sezona.lv\/en\/wp-json\/wp\/v2\/media?parent=78296"}],"wp:term":[{"taxonomy":"product_brand","embeddable":true,"href":"https:\/\/sezona.lv\/en\/wp-json\/wp\/v2\/product_brand?post=78296"},{"taxonomy":"product_cat","embeddable":true,"href":"https:\/\/sezona.lv\/en\/wp-json\/wp\/v2\/product_cat?post=78296"},{"taxonomy":"product_tag","embeddable":true,"href":"https:\/\/sezona.lv\/en\/wp-json\/wp\/v2\/product_tag?post=78296"}],"curies":[{"name":"wp","href":"https:\/\/api.w.org\/{rel}","templated":true}]}}