{"id":78297,"date":"2025-07-14T15:21:51","date_gmt":"2025-07-14T12:21:51","guid":{"rendered":"https:\/\/demo8.ecube.lv\/sezona.lv\/products\/shimano-spole-cardiff-300a-rh\/"},"modified":"2025-07-14T15:21:51","modified_gmt":"2025-07-14T12:21:51","slug":"shimano-spole-cardiff-300a-rh","status":"publish","type":"product","link":"https:\/\/sezona.lv\/en\/products\/shimano-spole-cardiff-300a-rh\/","title":{"rendered":"Shimano spole CARDIFF 300A (RH)"},"content":{"rendered":"<p>Cardiff ir k\u0101 etalons, k\u0101dai j\u0101b\u016bt mazai multiplikatora spolei. Sp\u0113c\u012bga,  atsauc\u012bga un viegli lietojama, t\u0101 ir uzkonstru\u0113ta ar die-cast alum\u012bnija  korpusu un &scaron;tanc\u0113tu alum\u012bnija spol\u012bti iztur\u012bbai. Spoles atsauc\u012bba  mekl\u0113jama Super Stopper anti-reverse sist\u0113m\u0101, k\u0101 ar\u012b augstaj\u0101 5.8:1  p\u0101rnesumu attiec\u012bb\u0101, kas ir perfekti piem\u0113rota mak&scaron;\u0137er\u0113&scaron;anai ar  m\u0101nek\u013ciem, kam nepiecie&scaron;ams liels \u0101trums un t\u016bl\u012bt\u0113ja \u0101\u0137u iecir&scaron;ana.  Piln\u012bga metienu vad\u012bba tiek sasniegta, pateicoties Shimano Regul\u0113jamai  brem\u017eu sist\u0113mai (VBS).<\/p>\n<p>&#8211; Ra\u017eot\u0101js: Shimano<\/p>\n<p>&#8211; Kods: CDF300A<\/p>\n<p>&#8211; Svars: 252g<\/p>\n<p>&#8211; P\u0101rnesums: 5.8:1<\/p>\n<p>&#8211; Retrieve: Right<\/p>\n<p>&#8211; Lod\u012b&scaron;u gult\u0146i: 4 A-RB<\/p>\n<p>&#8211; Veltn\u012b&scaron;u gultnis: 1 A-RB<\/p>\n<p>&#8211; Maksim\u0101l\u0101 jauda: 4.54kg<\/p>\n","protected":false},"excerpt":{"rendered":"<p>Cardiff ir k\u0101 etalons, k\u0101dai j\u0101b\u016bt mazai multiplikatora spolei. Sp\u0113c\u012bga, atsauc\u012bga un viegli lietojama, t\u0101 ir uzkonstru\u0113ta ar die-cast alum\u012bnija korpusu un &scaron;tanc\u0113tu alum\u012bnija spol\u012bti iztur\u012bbai. Spoles atsauc\u012bba mekl\u0113jama Super Stopper anti-reverse sist\u0113m\u0101, k\u0101 ar\u012b augstaj\u0101 5.8:1 p\u0101rnesumu attiec\u012bb\u0101, kas ir perfekti piem\u0113rota mak&scaron;\u0137er\u0113&scaron;anai ar m\u0101nek\u013ciem, kam nepiecie&scaron;ams liels \u0101trums un t\u016bl\u012bt\u0113ja \u0101\u0137u iecir&scaron;ana. Piln\u012bga [&hellip;]<\/p>\n","protected":false},"featured_media":0,"template":"","meta":[],"product_brand":[3371],"product_cat":[4538,4539,4542,4640],"product_tag":[],"class_list":{"0":"post-78297","1":"product","2":"type-product","3":"status-publish","5":"product_brand-shimano","6":"product_cat-fishing-equipment-recreation","7":"product_cat-reels-fishing-equipment-recreation","8":"product_cat-baitcasting-reels-reels-fishing-equipment-recreation","9":"product_cat-recreation","11":"first","12":"instock","13":"shipping-taxable","14":"purchasable","15":"product-type-simple"},"_links":{"self":[{"href":"https:\/\/sezona.lv\/en\/wp-json\/wp\/v2\/product\/78297","targetHints":{"allow":["GET"]}}],"collection":[{"href":"https:\/\/sezona.lv\/en\/wp-json\/wp\/v2\/product"}],"about":[{"href":"https:\/\/sezona.lv\/en\/wp-json\/wp\/v2\/types\/product"}],"wp:attachment":[{"href":"https:\/\/sezona.lv\/en\/wp-json\/wp\/v2\/media?parent=78297"}],"wp:term":[{"taxonomy":"product_brand","embeddable":true,"href":"https:\/\/sezona.lv\/en\/wp-json\/wp\/v2\/product_brand?post=78297"},{"taxonomy":"product_cat","embeddable":true,"href":"https:\/\/sezona.lv\/en\/wp-json\/wp\/v2\/product_cat?post=78297"},{"taxonomy":"product_tag","embeddable":true,"href":"https:\/\/sezona.lv\/en\/wp-json\/wp\/v2\/product_tag?post=78297"}],"curies":[{"name":"wp","href":"https:\/\/api.w.org\/{rel}","templated":true}]}}