{"id":78301,"date":"2025-07-14T15:21:56","date_gmt":"2025-07-14T12:21:56","guid":{"rendered":"https:\/\/demo8.ecube.lv\/sezona.lv\/products\/shimano-spole-curado-201-hgk\/"},"modified":"2025-07-14T15:21:56","modified_gmt":"2025-07-14T12:21:56","slug":"shimano-spole-curado-201-hgk","status":"publish","type":"product","link":"https:\/\/sezona.lv\/en\/products\/shimano-spole-curado-201-hgk\/","title":{"rendered":"Shimano spole CURADO 201 HGK"},"content":{"rendered":"<p>&#8211; Ra\u017eot\u0101js: Shimano<\/p>\n<p>&#8211; Kods: CU201HGK<\/p>\n<p>&#8211; Svars: 215g<\/p>\n<p>&#8211; P\u0101rnesums: 7.4:1<\/p>\n<p>&#8211; Lod\u012b&scaron;u gult\u0146i: 6+1<\/p>\n<p>&#8211; Maksim\u0101l\u0101 jauda: 5kg<\/p>\n<p>&#8211; Retrieve: Left Hand<\/p>\n","protected":false},"excerpt":{"rendered":"<p>&#8211; Ra\u017eot\u0101js: Shimano &#8211; Kods: CU201HGK &#8211; Svars: 215g &#8211; P\u0101rnesums: 7.4:1 &#8211; Lod\u012b&scaron;u gult\u0146i: 6+1 &#8211; Maksim\u0101l\u0101 jauda: 5kg &#8211; Retrieve: Left Hand<\/p>\n","protected":false},"featured_media":0,"template":"","meta":[],"product_brand":[3371],"product_cat":[4538,4539,4542,4640],"product_tag":[],"class_list":{"0":"post-78301","1":"product","2":"type-product","3":"status-publish","5":"product_brand-shimano","6":"product_cat-fishing-equipment-recreation","7":"product_cat-reels-fishing-equipment-recreation","8":"product_cat-baitcasting-reels-reels-fishing-equipment-recreation","9":"product_cat-recreation","11":"first","12":"instock","13":"shipping-taxable","14":"purchasable","15":"product-type-simple"},"_links":{"self":[{"href":"https:\/\/sezona.lv\/en\/wp-json\/wp\/v2\/product\/78301","targetHints":{"allow":["GET"]}}],"collection":[{"href":"https:\/\/sezona.lv\/en\/wp-json\/wp\/v2\/product"}],"about":[{"href":"https:\/\/sezona.lv\/en\/wp-json\/wp\/v2\/types\/product"}],"wp:attachment":[{"href":"https:\/\/sezona.lv\/en\/wp-json\/wp\/v2\/media?parent=78301"}],"wp:term":[{"taxonomy":"product_brand","embeddable":true,"href":"https:\/\/sezona.lv\/en\/wp-json\/wp\/v2\/product_brand?post=78301"},{"taxonomy":"product_cat","embeddable":true,"href":"https:\/\/sezona.lv\/en\/wp-json\/wp\/v2\/product_cat?post=78301"},{"taxonomy":"product_tag","embeddable":true,"href":"https:\/\/sezona.lv\/en\/wp-json\/wp\/v2\/product_tag?post=78301"}],"curies":[{"name":"wp","href":"https:\/\/api.w.org\/{rel}","templated":true}]}}