{"id":78305,"date":"2025-07-14T15:21:59","date_gmt":"2025-07-14T12:21:59","guid":{"rendered":"https:\/\/demo8.ecube.lv\/sezona.lv\/products\/shimano-spole-plays-4000\/"},"modified":"2025-07-14T15:21:59","modified_gmt":"2025-07-14T12:21:59","slug":"shimano-spole-plays-4000","status":"publish","type":"product","link":"https:\/\/sezona.lv\/en\/products\/shimano-spole-plays-4000\/","title":{"rendered":"Shimano spole PLAYS 4000"},"content":{"rendered":"<p>Spole <strong>Shimano Dendou Maru 4000 PLAYS<\/strong><br \/> Zema profila spole ar&nbsp; elektroniku un milz\u012bgu jaudas potenci\u0101lu!<br \/> Visa inform\u0101cija tiek att\u0113lota &scaron;\u0137idro krist\u0101lu <strong>LCD<\/strong> displej\u0101. Elektronika ir iemont\u0113ta spoles korpus\u0101, kur&scaron; ir \u016bdensnecaurlaid\u012bgs.<br \/> Programma <strong>SLSII<\/strong> &#8211; nosaka, kad m\u0101neklis ir sasniedzis grunti un &scaron;o funkciju j\u016bs var\u0113siet nov\u0113rt\u0113t jau no pirm\u0101s copes reizes!<br \/> <strong>High Speed<\/strong> re\u017e\u012bms&nbsp; pal\u012bdz\u0113s iet\u012bt auklu bez j\u016bsu pal\u012bdz\u012bbas.<br \/> <strong>Raku-Raku<\/strong> pal\u012bdz\u0113s prec\u012bzi noregul\u0113t uzt\u012b&scaron;anas \u0101trumu!<\/p>\n<p><strong>Specifik\u0101cija:<\/strong><\/p>\n<p>Spoles izm\u0113rs: 4000<\/p>\n<p>Zobratu attiec\u012bba: 3.2:1<\/p>\n<p>Svars: 1230g<\/p>\n<p>Auklas ietilp\u012bba uz spoles: 0.36mm\/620m<\/p>\n<p>Veltn\u012b&scaron;u gult\u0146i: 2+1<\/p>\n<p>Bremze: Priek&scaron;\u0113j\u0101<\/p>\n<p>Maksim\u0101lais t\u012b&scaron;anas \u0101trums: 170m\/min<\/p>\n<p>DC: 12V<\/p>\n<p>&nbsp;<\/p>\n","protected":false},"excerpt":{"rendered":"<p>Spole Shimano Dendou Maru 4000 PLAYS Zema profila spole ar&nbsp; elektroniku un milz\u012bgu jaudas potenci\u0101lu! Visa inform\u0101cija tiek att\u0113lota &scaron;\u0137idro krist\u0101lu LCD displej\u0101. Elektronika ir iemont\u0113ta spoles korpus\u0101, kur&scaron; ir \u016bdensnecaurlaid\u012bgs. Programma SLSII &#8211; nosaka, kad m\u0101neklis ir sasniedzis grunti un &scaron;o funkciju j\u016bs var\u0113siet nov\u0113rt\u0113t jau no pirm\u0101s copes reizes! High Speed re\u017e\u012bms&nbsp; pal\u012bdz\u0113s [&hellip;]<\/p>\n","protected":false},"featured_media":0,"template":"","meta":[],"product_brand":[3371],"product_cat":[4538,4539,4542,4640],"product_tag":[],"class_list":{"0":"post-78305","1":"product","2":"type-product","3":"status-publish","5":"product_brand-shimano","6":"product_cat-fishing-equipment-recreation","7":"product_cat-reels-fishing-equipment-recreation","8":"product_cat-baitcasting-reels-reels-fishing-equipment-recreation","9":"product_cat-recreation","11":"first","12":"instock","13":"shipping-taxable","14":"purchasable","15":"product-type-simple"},"_links":{"self":[{"href":"https:\/\/sezona.lv\/en\/wp-json\/wp\/v2\/product\/78305","targetHints":{"allow":["GET"]}}],"collection":[{"href":"https:\/\/sezona.lv\/en\/wp-json\/wp\/v2\/product"}],"about":[{"href":"https:\/\/sezona.lv\/en\/wp-json\/wp\/v2\/types\/product"}],"wp:attachment":[{"href":"https:\/\/sezona.lv\/en\/wp-json\/wp\/v2\/media?parent=78305"}],"wp:term":[{"taxonomy":"product_brand","embeddable":true,"href":"https:\/\/sezona.lv\/en\/wp-json\/wp\/v2\/product_brand?post=78305"},{"taxonomy":"product_cat","embeddable":true,"href":"https:\/\/sezona.lv\/en\/wp-json\/wp\/v2\/product_cat?post=78305"},{"taxonomy":"product_tag","embeddable":true,"href":"https:\/\/sezona.lv\/en\/wp-json\/wp\/v2\/product_tag?post=78305"}],"curies":[{"name":"wp","href":"https:\/\/api.w.org\/{rel}","templated":true}]}}