{"id":78314,"date":"2025-07-11T16:34:34","date_gmt":"2025-07-11T13:34:34","guid":{"rendered":"https:\/\/demo8.ecube.lv\/sezona.lv\/products\/shimano-makskere-super-feeder-tip-ax-2-00-oz-normal-guide-carbon-small-diametre\/"},"modified":"2025-07-14T15:22:08","modified_gmt":"2025-07-14T12:22:08","slug":"shimano-makskere-super-feeder-tip-ax-2-00-oz-normal-guide-carbon-small-diametre","status":"publish","type":"product","link":"https:\/\/sezona.lv\/en\/products\/shimano-makskere-super-feeder-tip-ax-2-00-oz-normal-guide-carbon-small-diametre\/","title":{"rendered":"Shimano mak\u0161\u0137ere SUPER FEEDER TIP AX 2,00 OZ NORMAL GUIDE CARBON SMALL DIAMETRE"},"content":{"rendered":"<p>&#8211;&nbsp;Ra\u017eot\u0101js: <span> Shimano<\/span><\/p>\n<div>\n<p>&nbsp;&#8211; Kods: STIPAX200NGSD<\/p>\n<ul>\n<li> \u041f\u043e\u0441\u0430\u0434\u043e\u0447\u043d\u044b\u0439 \u0434\u0438\u0430\u043c\u0435\u0442\u0440 (\u043c\u043c):<span class=\"Apple-tab-span\"> <\/span>2,3<\/li>\n<li> \u0422\u0438\u043f \u043a\u043e\u043b\u0435\u0446:<span class=\"Apple-tab-span\"> <\/span>\u0441\u0440\u0435\u0434\u043d\u0438\u0435 \u043a\u043e\u043b\u044c\u0446\u0430<\/li>\n<li> \u0422\u0435\u0441\u0442 (oz):<span class=\"Apple-tab-span\"> <\/span>2,00<\/li>\n<li> \u041c\u0430\u0442\u0435\u0440\u0438\u0430\u043b:<span class=\"Apple-tab-span\"> <\/span>\u043a\u0430\u0440\u0431\u043e\u043d<\/li>\n<\/ul>\n<\/div>\n<p>&nbsp;<\/p>\n","protected":false},"excerpt":{"rendered":"<p>&#8211;&nbsp;Ra\u017eot\u0101js: Shimano &nbsp;&#8211; Kods: STIPAX200NGSD \u041f\u043e\u0441\u0430\u0434\u043e\u0447\u043d\u044b\u0439 \u0434\u0438\u0430\u043c\u0435\u0442\u0440 (\u043c\u043c): 2,3 \u0422\u0438\u043f \u043a\u043e\u043b\u0435\u0446: \u0441\u0440\u0435\u0434\u043d\u0438\u0435 \u043a\u043e\u043b\u044c\u0446\u0430 \u0422\u0435\u0441\u0442 (oz): 2,00 \u041c\u0430\u0442\u0435\u0440\u0438\u0430\u043b: \u043a\u0430\u0440\u0431\u043e\u043d &nbsp;<\/p>\n","protected":false},"featured_media":69708,"template":"","meta":[],"product_brand":[3371],"product_cat":[4538,4540,4545],"product_tag":[],"class_list":{"0":"post-78314","1":"product","2":"type-product","3":"status-publish","4":"has-post-thumbnail","6":"product_brand-shimano","7":"product_cat-fishing-equipment-recreation","8":"product_cat-fishing-rods-fishing-equipment-recreation","9":"product_cat-feeder-and-picker-rods-fishing-rods-fishing-equipment-recreation","11":"first","12":"instock","13":"shipping-taxable","14":"purchasable","15":"product-type-simple"},"_links":{"self":[{"href":"https:\/\/sezona.lv\/en\/wp-json\/wp\/v2\/product\/78314","targetHints":{"allow":["GET"]}}],"collection":[{"href":"https:\/\/sezona.lv\/en\/wp-json\/wp\/v2\/product"}],"about":[{"href":"https:\/\/sezona.lv\/en\/wp-json\/wp\/v2\/types\/product"}],"wp:featuredmedia":[{"embeddable":true,"href":"https:\/\/sezona.lv\/en\/wp-json\/wp\/v2\/media\/69708"}],"wp:attachment":[{"href":"https:\/\/sezona.lv\/en\/wp-json\/wp\/v2\/media?parent=78314"}],"wp:term":[{"taxonomy":"product_brand","embeddable":true,"href":"https:\/\/sezona.lv\/en\/wp-json\/wp\/v2\/product_brand?post=78314"},{"taxonomy":"product_cat","embeddable":true,"href":"https:\/\/sezona.lv\/en\/wp-json\/wp\/v2\/product_cat?post=78314"},{"taxonomy":"product_tag","embeddable":true,"href":"https:\/\/sezona.lv\/en\/wp-json\/wp\/v2\/product_tag?post=78314"}],"curies":[{"name":"wp","href":"https:\/\/api.w.org\/{rel}","templated":true}]}}