{"id":78316,"date":"2025-07-14T15:22:10","date_gmt":"2025-07-14T12:22:10","guid":{"rendered":"https:\/\/demo8.ecube.lv\/sezona.lv\/products\/shimano-makskere-beastmaster-ax-match-450-spc\/"},"modified":"2025-07-14T15:22:10","modified_gmt":"2025-07-14T12:22:10","slug":"shimano-makskere-beastmaster-ax-match-450-spc","status":"publish","type":"product","link":"https:\/\/sezona.lv\/en\/products\/shimano-makskere-beastmaster-ax-match-450-spc\/","title":{"rendered":"Shimano mak\u0161\u0137ere BEASTMASTER AX MATCH 450 SPC"},"content":{"rendered":"<p>&#8211;&nbsp;Ra\u017eot\u0101js: <span> Shimano <\/span><\/p>\n<div>\n<p>&nbsp;&#8211;&nbsp;Mak&scaron;\u0137erk\u0101ti: <span>Saliekamie<\/span><\/p>\n<\/div>\n<div>\n<p>&nbsp;&#8211;&nbsp;Garums (m): <span>4.5<\/span><\/p>\n<\/div>\n<div>\n<p>&nbsp;&#8211;&nbsp;Tests (g) no: <span>0<\/span><\/p>\n<\/div>\n<div>\n<p>&nbsp;&#8211;&nbsp;Tests (g) l\u012bdz: <span>30<\/span><\/p>\n<\/div>\n<div>\n<p>&nbsp;&#8211;&nbsp;Svars (g): <span>243<\/span><\/p>\n<\/div>\n<div>\n<p>&nbsp;&#8211;&nbsp;Ri\u0146\u0137u skaits: <span>16<\/span><\/p>\n<\/div>\n<div>\n<p>&nbsp;&#8211;&nbsp;Sekcijas skaits: <span>3<\/span><\/p>\n<\/div>\n<div>\n<p>&nbsp;&#8211;&nbsp;Transp.garums (m): <span>1.54<\/span><\/p>\n<\/div>\n<div>\n<p>&nbsp;&#8211;&nbsp;Saliekamie: <span>oglek\u013c&scaron;\u0137iedras<\/span><\/p>\n<\/div>\n","protected":false},"excerpt":{"rendered":"<p>&#8211;&nbsp;Ra\u017eot\u0101js: Shimano &nbsp;&#8211;&nbsp;Mak&scaron;\u0137erk\u0101ti: Saliekamie &nbsp;&#8211;&nbsp;Garums (m): 4.5 &nbsp;&#8211;&nbsp;Tests (g) no: 0 &nbsp;&#8211;&nbsp;Tests (g) l\u012bdz: 30 &nbsp;&#8211;&nbsp;Svars (g): 243 &nbsp;&#8211;&nbsp;Ri\u0146\u0137u skaits: 16 &nbsp;&#8211;&nbsp;Sekcijas skaits: 3 &nbsp;&#8211;&nbsp;Transp.garums (m): 1.54 &nbsp;&#8211;&nbsp;Saliekamie: oglek\u013c&scaron;\u0137iedras<\/p>\n","protected":false},"featured_media":0,"template":"","meta":[],"product_brand":[3371],"product_cat":[4538,4540,4544,4640],"product_tag":[],"class_list":{"0":"post-78316","1":"product","2":"type-product","3":"status-publish","5":"product_brand-shimano","6":"product_cat-fishing-equipment-recreation","7":"product_cat-fishing-rods-fishing-equipment-recreation","8":"product_cat-carp-fishing-rods-fishing-rods-fishing-equipment-recreation","9":"product_cat-recreation","11":"first","12":"instock","13":"shipping-taxable","14":"purchasable","15":"product-type-simple"},"_links":{"self":[{"href":"https:\/\/sezona.lv\/en\/wp-json\/wp\/v2\/product\/78316","targetHints":{"allow":["GET"]}}],"collection":[{"href":"https:\/\/sezona.lv\/en\/wp-json\/wp\/v2\/product"}],"about":[{"href":"https:\/\/sezona.lv\/en\/wp-json\/wp\/v2\/types\/product"}],"wp:attachment":[{"href":"https:\/\/sezona.lv\/en\/wp-json\/wp\/v2\/media?parent=78316"}],"wp:term":[{"taxonomy":"product_brand","embeddable":true,"href":"https:\/\/sezona.lv\/en\/wp-json\/wp\/v2\/product_brand?post=78316"},{"taxonomy":"product_cat","embeddable":true,"href":"https:\/\/sezona.lv\/en\/wp-json\/wp\/v2\/product_cat?post=78316"},{"taxonomy":"product_tag","embeddable":true,"href":"https:\/\/sezona.lv\/en\/wp-json\/wp\/v2\/product_tag?post=78316"}],"curies":[{"name":"wp","href":"https:\/\/api.w.org\/{rel}","templated":true}]}}